{"id":489,"date":"2024-11-25T12:06:11","date_gmt":"2024-11-25T12:06:11","guid":{"rendered":"https:\/\/taftoys.vn\/?page_id=489"},"modified":"2024-11-25T16:40:51","modified_gmt":"2024-11-25T16:40:51","slug":"sach-vai-2","status":"publish","type":"page","link":"https:\/\/taftoys.vn\/?page_id=489","title":{"rendered":"S\u00e1ch V\u1ea3i"},"content":{"rendered":"\n<p><\/p>\n\n\n\n<figure class=\"wp-block-gallery has-nested-images columns-default is-cropped wp-block-gallery-1 is-layout-flex wp-block-gallery-is-layout-flex\">\n<figure class=\"wp-block-image size-full\"><img fetchpriority=\"high\" decoding=\"async\" width=\"1024\" height=\"399\" data-id=\"557\" src=\"https:\/\/taftoys.vn\/wp-content\/uploads\/2024\/11\/Taf-toys-website-update-13-1024x399-1.jpg\" alt=\"\" class=\"wp-image-557\" srcset=\"https:\/\/taftoys.vn\/wp-content\/uploads\/2024\/11\/Taf-toys-website-update-13-1024x399-1.jpg 1024w, https:\/\/taftoys.vn\/wp-content\/uploads\/2024\/11\/Taf-toys-website-update-13-1024x399-1-300x117.jpg 300w, https:\/\/taftoys.vn\/wp-content\/uploads\/2024\/11\/Taf-toys-website-update-13-1024x399-1-768x299.jpg 768w, https:\/\/taftoys.vn\/wp-content\/uploads\/2024\/11\/Taf-toys-website-update-13-1024x399-1-600x234.jpg 600w\" sizes=\"(max-width: 1024px) 100vw, 1024px\" \/><\/figure>\n<\/figure>\n\n\n\n<div class=\"wp-block-columns is-layout-flex wp-container-core-columns-is-layout-9d6595d7 wp-block-columns-is-layout-flex\">\n<div class=\"wp-block-column is-layout-flow wp-block-column-is-layout-flow\" style=\"flex-basis:100%\">\n<blockquote class=\"wp-block-quote is-layout-flow wp-block-quote-is-layout-flow\" style=\"font-size:15px\">\n<p class=\"has-black-color has-text-color has-link-color wp-elements-8fc8060565b354e548bac1e492732bee\" id=\"tw-target-text\" style=\"font-size:18px\"><mark style=\"background-color:rgba(0, 0, 0, 0)\" class=\"has-inline-color has-pale-cyan-blue-color\">B\u00e9 y\u00eau c\u1ee7a b\u1ea1n \u0111ang l\u1edbn l\u00ean v\u00e0 ph\u00e1t tri\u1ec3n, h\u00e1o h\u1ee9c h\u1ecdc h\u1ecfi nh\u1eefng \u0111i\u1ec1u m\u1edbi m\u1ed7i ng\u00e0y. S\u1ef1 t\u00f2 m\u00f2 v\u00e0 t\u00ednh \u0111\u1ed9c l\u1eadp t\u0103ng l\u00ean trong su\u1ed1t n\u0103m \u0111\u1ea7u ti\u00ean v\u00e0 t\u1eeb kho\u1ea3ng 6 th\u00e1ng tu\u1ed5i, con b\u1ea1n \u0111ang b\u01b0\u1edbc nh\u1eefng b\u01b0\u1edbc \u0111\u1ea7u ti\u00ean \u0111\u1ec3 tr\u1edf th\u00e0nh m\u1ed9t \u0111\u1ee9a tr\u1ebb m\u1edbi bi\u1ebft \u0111i.<\/mark><\/p>\n<\/blockquote>\n<\/div>\n<\/div>\n\n\n\n<p><\/p>\n\n\n\n<p><\/p>\n\n\n<div data-block-name=\"woocommerce\/product-category\" data-categories=\"[21]\" data-columns=\"4\" data-stock-status=\"[&quot;&quot;,&quot;instock&quot;,&quot;outofstock&quot;,&quot;onbackorder&quot;]\" class=\"wc-block-grid wp-block-product-category wp-block-woocommerce-product-category wc-block-product-category has-4-columns has-multiple-rows\"><ul class=\"wc-block-grid__products\"><li class=\"wc-block-grid__product\">\n\t\t\t\t<a href=\"https:\/\/taftoys.vn\/?product=sach-vai-treo-co-am-thanh-soothing-sounds-book\" class=\"wc-block-grid__product-link\">\n\t\t\t\t\t\n\t\t\t\t\t<div class=\"wc-block-grid__product-image\"><img decoding=\"async\" width=\"300\" height=\"300\" src=\"https:\/\/taftoys.vn\/wp-content\/uploads\/2025\/12\/Thiet-ke-chua-co-ten-7-300x300.png\" class=\"attachment-woocommerce_thumbnail size-woocommerce_thumbnail\" alt=\"S\u00e1ch v\u1ea3i treo c\u00f3 \u00e2m thanh - Soothing Sounds Book\" srcset=\"https:\/\/taftoys.vn\/wp-content\/uploads\/2025\/12\/Thiet-ke-chua-co-ten-7-300x300.png 300w, https:\/\/taftoys.vn\/wp-content\/uploads\/2025\/12\/Thiet-ke-chua-co-ten-7-150x150.png 150w, https:\/\/taftoys.vn\/wp-content\/uploads\/2025\/12\/Thiet-ke-chua-co-ten-7-768x768.png 768w, https:\/\/taftoys.vn\/wp-content\/uploads\/2025\/12\/Thiet-ke-chua-co-ten-7-75x75.png 75w, https:\/\/taftoys.vn\/wp-content\/uploads\/2025\/12\/Thiet-ke-chua-co-ten-7-600x600.png 600w, https:\/\/taftoys.vn\/wp-content\/uploads\/2025\/12\/Thiet-ke-chua-co-ten-7-100x100.png 100w, https:\/\/taftoys.vn\/wp-content\/uploads\/2025\/12\/Thiet-ke-chua-co-ten-7.png 900w\" sizes=\"(max-width: 300px) 100vw, 300px\" \/><\/div>\n\t\t\t\t\t<div class=\"wc-block-grid__product-title\">S\u00e1ch v\u1ea3i treo c\u00f3 \u00e2m thanh &#8211; Soothing Sounds Book<\/div>\n\t\t\t\t<\/a>\n\t\t\t\t<div class=\"wc-block-grid__product-price price\"><span class=\"woocommerce-Price-amount amount\">550.000&nbsp;<span class=\"woocommerce-Price-currencySymbol\">&#8363;<\/span><\/span><\/div>\n\t\t\t\t\n\t\t\t\t<div class=\"wp-block-button wc-block-grid__product-add-to-cart\"><a href=\"\/index.php?rest_route=%2Fwp%2Fv2%2Fpages%2F489&#038;add-to-cart=766\" aria-label=\"Th\u00eam v\u00e0o gi\u1ecf h\u00e0ng: &ldquo;S\u00e1ch v\u1ea3i treo c\u00f3 \u00e2m thanh - Soothing Sounds Book&rdquo;\" data-quantity=\"1\" data-product_id=\"766\" data-product_sku=\"\" data-price=\"550000\" rel=\"nofollow\" class=\"wp-block-button__link  add_to_cart_button ajax_add_to_cart\">Th\u00eam v\u00e0o gi\u1ecf h\u00e0ng<\/a><\/div>\n\t\t\t<\/li><li class=\"wc-block-grid__product\">\n\t\t\t\t<a href=\"https:\/\/taftoys.vn\/?product=sach-vai-xoay-ho-tro-tap-lay-tummy-time-blackwhite-spinning-book\" class=\"wc-block-grid__product-link\">\n\t\t\t\t\t\n\t\t\t\t\t<div class=\"wc-block-grid__product-image\"><img decoding=\"async\" width=\"300\" height=\"300\" src=\"https:\/\/taftoys.vn\/wp-content\/uploads\/2025\/12\/Thiet-ke-chua-co-ten-8-300x300.png\" class=\"attachment-woocommerce_thumbnail size-woocommerce_thumbnail\" alt=\"S\u00e1ch v\u1ea3i xoay h\u1ed7 tr\u1ee3 t\u1eadp l\u1eaby - Tummy Time Black&amp;White Spinning Book\" srcset=\"https:\/\/taftoys.vn\/wp-content\/uploads\/2025\/12\/Thiet-ke-chua-co-ten-8-300x300.png 300w, https:\/\/taftoys.vn\/wp-content\/uploads\/2025\/12\/Thiet-ke-chua-co-ten-8-150x150.png 150w, https:\/\/taftoys.vn\/wp-content\/uploads\/2025\/12\/Thiet-ke-chua-co-ten-8-768x768.png 768w, https:\/\/taftoys.vn\/wp-content\/uploads\/2025\/12\/Thiet-ke-chua-co-ten-8-75x75.png 75w, https:\/\/taftoys.vn\/wp-content\/uploads\/2025\/12\/Thiet-ke-chua-co-ten-8-600x600.png 600w, https:\/\/taftoys.vn\/wp-content\/uploads\/2025\/12\/Thiet-ke-chua-co-ten-8-100x100.png 100w, https:\/\/taftoys.vn\/wp-content\/uploads\/2025\/12\/Thiet-ke-chua-co-ten-8.png 900w\" sizes=\"(max-width: 300px) 100vw, 300px\" \/><\/div>\n\t\t\t\t\t<div class=\"wc-block-grid__product-title\">S\u00e1ch v\u1ea3i xoay h\u1ed7 tr\u1ee3 t\u1eadp l\u1eaby &#8211; Tummy Time Black&amp;White Spinning Book<\/div>\n\t\t\t\t<\/a>\n\t\t\t\t<div class=\"wc-block-grid__product-price price\"><span class=\"woocommerce-Price-amount amount\">499.000&nbsp;<span class=\"woocommerce-Price-currencySymbol\">&#8363;<\/span><\/span><\/div>\n\t\t\t\t\n\t\t\t\t<div class=\"wp-block-button wc-block-grid__product-add-to-cart\"><a href=\"\/index.php?rest_route=%2Fwp%2Fv2%2Fpages%2F489&#038;add-to-cart=735\" aria-label=\"Th\u00eam v\u00e0o gi\u1ecf h\u00e0ng: &ldquo;S\u00e1ch v\u1ea3i xoay h\u1ed7 tr\u1ee3 t\u1eadp l\u1eaby - Tummy Time Black&amp;White Spinning Book&rdquo;\" data-quantity=\"1\" data-product_id=\"735\" data-product_sku=\"\" data-price=\"499000\" rel=\"nofollow\" class=\"wp-block-button__link  add_to_cart_button ajax_add_to_cart\">Th\u00eam v\u00e0o gi\u1ecf h\u00e0ng<\/a><\/div>\n\t\t\t<\/li><li class=\"wc-block-grid__product\">\n\t\t\t\t<a href=\"https:\/\/taftoys.vn\/?product=sach-vai-treo-koala-koala-clip-on-pram-book\" class=\"wc-block-grid__product-link\">\n\t\t\t\t\t\n\t\t\t\t\t<div class=\"wc-block-grid__product-image\"><img loading=\"lazy\" decoding=\"async\" width=\"300\" height=\"300\" src=\"https:\/\/taftoys.vn\/wp-content\/uploads\/2024\/11\/Koala-Clip-On-Pram-Book-pack-shot-1-300x300.jpg\" class=\"attachment-woocommerce_thumbnail size-woocommerce_thumbnail\" alt=\"S\u00e1ch v\u1ea3i treo - Koala Koala clip on pram book\" srcset=\"https:\/\/taftoys.vn\/wp-content\/uploads\/2024\/11\/Koala-Clip-On-Pram-Book-pack-shot-1-300x300.jpg 300w, https:\/\/taftoys.vn\/wp-content\/uploads\/2024\/11\/Koala-Clip-On-Pram-Book-pack-shot-1-1024x1024.jpg 1024w, https:\/\/taftoys.vn\/wp-content\/uploads\/2024\/11\/Koala-Clip-On-Pram-Book-pack-shot-1-150x150.jpg 150w, https:\/\/taftoys.vn\/wp-content\/uploads\/2024\/11\/Koala-Clip-On-Pram-Book-pack-shot-1-768x768.jpg 768w, https:\/\/taftoys.vn\/wp-content\/uploads\/2024\/11\/Koala-Clip-On-Pram-Book-pack-shot-1-1536x1536.jpg 1536w, https:\/\/taftoys.vn\/wp-content\/uploads\/2024\/11\/Koala-Clip-On-Pram-Book-pack-shot-1-1140x1140.jpg 1140w, https:\/\/taftoys.vn\/wp-content\/uploads\/2024\/11\/Koala-Clip-On-Pram-Book-pack-shot-1-75x75.jpg 75w, https:\/\/taftoys.vn\/wp-content\/uploads\/2024\/11\/Koala-Clip-On-Pram-Book-pack-shot-1-600x600.jpg 600w, https:\/\/taftoys.vn\/wp-content\/uploads\/2024\/11\/Koala-Clip-On-Pram-Book-pack-shot-1-100x100.jpg 100w, https:\/\/taftoys.vn\/wp-content\/uploads\/2024\/11\/Koala-Clip-On-Pram-Book-pack-shot-1.jpg 2000w\" sizes=\"(max-width: 300px) 100vw, 300px\" \/><\/div>\n\t\t\t\t\t<div class=\"wc-block-grid__product-title\">S\u00e1ch v\u1ea3i treo &#8211; Koala Koala clip on pram book<\/div>\n\t\t\t\t<\/a>\n\t\t\t\t<div class=\"wc-block-grid__product-price price\"><span class=\"woocommerce-Price-amount amount\">449.000&nbsp;<span class=\"woocommerce-Price-currencySymbol\">&#8363;<\/span><\/span><\/div>\n\t\t\t\t\n\t\t\t\t<div class=\"wp-block-button wc-block-grid__product-add-to-cart\"><a href=\"\/index.php?rest_route=%2Fwp%2Fv2%2Fpages%2F489&#038;add-to-cart=468\" aria-label=\"Th\u00eam v\u00e0o gi\u1ecf h\u00e0ng: &ldquo;S\u00e1ch v\u1ea3i treo - Koala Koala clip on pram book&rdquo;\" data-quantity=\"1\" data-product_id=\"468\" data-product_sku=\"\" data-price=\"449000\" rel=\"nofollow\" class=\"wp-block-button__link  add_to_cart_button ajax_add_to_cart\">Th\u00eam v\u00e0o gi\u1ecf h\u00e0ng<\/a><\/div>\n\t\t\t<\/li><li class=\"wc-block-grid__product\">\n\t\t\t\t<a href=\"https:\/\/taftoys.vn\/?product=sach-vai-chu-de-khu-vuon-urban-garden-pram-book\" class=\"wc-block-grid__product-link\">\n\t\t\t\t\t\n\t\t\t\t\t<div class=\"wc-block-grid__product-image\"><img loading=\"lazy\" decoding=\"async\" width=\"300\" height=\"300\" src=\"https:\/\/taftoys.vn\/wp-content\/uploads\/2024\/11\/1_a466ae53d2374ebdad9c3ed4d7ed2418_master-300x300.webp\" class=\"attachment-woocommerce_thumbnail size-woocommerce_thumbnail\" alt=\"S\u00e1ch v\u1ea3i ch\u1ee7 \u0111\u1ec1 khu v\u01b0\u1eddn - Urban garden Pram book\" srcset=\"https:\/\/taftoys.vn\/wp-content\/uploads\/2024\/11\/1_a466ae53d2374ebdad9c3ed4d7ed2418_master-300x300.webp 300w, https:\/\/taftoys.vn\/wp-content\/uploads\/2024\/11\/1_a466ae53d2374ebdad9c3ed4d7ed2418_master-150x150.webp 150w, https:\/\/taftoys.vn\/wp-content\/uploads\/2024\/11\/1_a466ae53d2374ebdad9c3ed4d7ed2418_master-75x75.webp 75w, https:\/\/taftoys.vn\/wp-content\/uploads\/2024\/11\/1_a466ae53d2374ebdad9c3ed4d7ed2418_master-600x600.webp 600w, https:\/\/taftoys.vn\/wp-content\/uploads\/2024\/11\/1_a466ae53d2374ebdad9c3ed4d7ed2418_master-100x100.webp 100w, https:\/\/taftoys.vn\/wp-content\/uploads\/2024\/11\/1_a466ae53d2374ebdad9c3ed4d7ed2418_master.webp 679w\" sizes=\"(max-width: 300px) 100vw, 300px\" \/><\/div>\n\t\t\t\t\t<div class=\"wc-block-grid__product-title\">S\u00e1ch v\u1ea3i ch\u1ee7 \u0111\u1ec1 khu v\u01b0\u1eddn &#8211; Urban garden Pram book<\/div>\n\t\t\t\t<\/a>\n\t\t\t\t<div class=\"wc-block-grid__product-price price\"><span class=\"woocommerce-Price-amount amount\">449.000&nbsp;<span class=\"woocommerce-Price-currencySymbol\">&#8363;<\/span><\/span><\/div>\n\t\t\t\t\n\t\t\t\t<div class=\"wp-block-button wc-block-grid__product-add-to-cart\"><a href=\"\/index.php?rest_route=%2Fwp%2Fv2%2Fpages%2F489&#038;add-to-cart=460\" aria-label=\"Th\u00eam v\u00e0o gi\u1ecf h\u00e0ng: &ldquo;S\u00e1ch v\u1ea3i ch\u1ee7 \u0111\u1ec1 khu v\u01b0\u1eddn - Urban garden Pram book&rdquo;\" data-quantity=\"1\" data-product_id=\"460\" data-product_sku=\"\" data-price=\"449000\" rel=\"nofollow\" class=\"wp-block-button__link  add_to_cart_button ajax_add_to_cart\">Th\u00eam v\u00e0o gi\u1ecf h\u00e0ng<\/a><\/div>\n\t\t\t<\/li><li class=\"wc-block-grid__product\">\n\t\t\t\t<a href=\"https:\/\/taftoys.vn\/?product=sach-vai-ho-tro-tap-lay-chu-de-koala-tummy-time-book\" class=\"wc-block-grid__product-link\">\n\t\t\t\t\t\n\t\t\t\t\t<div class=\"wc-block-grid__product-image\"><img loading=\"lazy\" decoding=\"async\" width=\"300\" height=\"300\" src=\"https:\/\/taftoys.vn\/wp-content\/uploads\/2024\/11\/Ki\u0301ch-thu\u031bo\u031b\u0301c-20-300x300.png\" class=\"attachment-woocommerce_thumbnail size-woocommerce_thumbnail\" alt=\"S\u00e1ch v\u1ea3i h\u1ed7 tr\u1ee3 t\u1eadp l\u1eaby ch\u1ee7 \u0111\u1ec1 Koala Tummy - Time book\" srcset=\"https:\/\/taftoys.vn\/wp-content\/uploads\/2024\/11\/Ki\u0301ch-thu\u031bo\u031b\u0301c-20-300x300.png 300w, https:\/\/taftoys.vn\/wp-content\/uploads\/2024\/11\/Ki\u0301ch-thu\u031bo\u031b\u0301c-20-150x150.png 150w, https:\/\/taftoys.vn\/wp-content\/uploads\/2024\/11\/Ki\u0301ch-thu\u031bo\u031b\u0301c-20-768x768.png 768w, https:\/\/taftoys.vn\/wp-content\/uploads\/2024\/11\/Ki\u0301ch-thu\u031bo\u031b\u0301c-20-75x75.png 75w, https:\/\/taftoys.vn\/wp-content\/uploads\/2024\/11\/Ki\u0301ch-thu\u031bo\u031b\u0301c-20-600x600.png 600w, https:\/\/taftoys.vn\/wp-content\/uploads\/2024\/11\/Ki\u0301ch-thu\u031bo\u031b\u0301c-20-100x100.png 100w, https:\/\/taftoys.vn\/wp-content\/uploads\/2024\/11\/Ki\u0301ch-thu\u031bo\u031b\u0301c-20.png 900w\" sizes=\"(max-width: 300px) 100vw, 300px\" \/><\/div>\n\t\t\t\t\t<div class=\"wc-block-grid__product-title\">S\u00e1ch v\u1ea3i h\u1ed7 tr\u1ee3 t\u1eadp l\u1eaby ch\u1ee7 \u0111\u1ec1 Koala Tummy &#8211; Time book<\/div>\n\t\t\t\t<\/a>\n\t\t\t\t<div class=\"wc-block-grid__product-price price\"><span class=\"woocommerce-Price-amount amount\">499.000&nbsp;<span class=\"woocommerce-Price-currencySymbol\">&#8363;<\/span><\/span><\/div>\n\t\t\t\t\n\t\t\t\t<div class=\"wp-block-button wc-block-grid__product-add-to-cart\"><a href=\"\/index.php?rest_route=%2Fwp%2Fv2%2Fpages%2F489&#038;add-to-cart=451\" aria-label=\"Th\u00eam v\u00e0o gi\u1ecf h\u00e0ng: &ldquo;S\u00e1ch v\u1ea3i h\u1ed7 tr\u1ee3 t\u1eadp l\u1eaby ch\u1ee7 \u0111\u1ec1 Koala Tummy - Time book&rdquo;\" data-quantity=\"1\" data-product_id=\"451\" data-product_sku=\"\" data-price=\"499000\" rel=\"nofollow\" class=\"wp-block-button__link  add_to_cart_button ajax_add_to_cart\">Th\u00eam v\u00e0o gi\u1ecf h\u00e0ng<\/a><\/div>\n\t\t\t<\/li><li class=\"wc-block-grid__product\">\n\t\t\t\t<a href=\"https:\/\/taftoys.vn\/?product=sach-vai-xoay-ho-tro-tap-lay-tummy-time-spinning-book\" class=\"wc-block-grid__product-link\">\n\t\t\t\t\t\n\t\t\t\t\t<div class=\"wc-block-grid__product-image\"><img loading=\"lazy\" decoding=\"async\" width=\"300\" height=\"300\" src=\"https:\/\/taftoys.vn\/wp-content\/uploads\/2024\/11\/Ki\u0301ch-thu\u031bo\u031b\u0301c-17-300x300.png\" class=\"attachment-woocommerce_thumbnail size-woocommerce_thumbnail\" alt=\"S\u00e1ch v\u1ea3i xoay h\u1ed7 tr\u1ee3 t\u1eadp l\u1eaby - Tummy Time Spinning Book\" srcset=\"https:\/\/taftoys.vn\/wp-content\/uploads\/2024\/11\/Ki\u0301ch-thu\u031bo\u031b\u0301c-17-300x300.png 300w, https:\/\/taftoys.vn\/wp-content\/uploads\/2024\/11\/Ki\u0301ch-thu\u031bo\u031b\u0301c-17-150x150.png 150w, https:\/\/taftoys.vn\/wp-content\/uploads\/2024\/11\/Ki\u0301ch-thu\u031bo\u031b\u0301c-17-768x768.png 768w, https:\/\/taftoys.vn\/wp-content\/uploads\/2024\/11\/Ki\u0301ch-thu\u031bo\u031b\u0301c-17-75x75.png 75w, https:\/\/taftoys.vn\/wp-content\/uploads\/2024\/11\/Ki\u0301ch-thu\u031bo\u031b\u0301c-17-600x600.png 600w, https:\/\/taftoys.vn\/wp-content\/uploads\/2024\/11\/Ki\u0301ch-thu\u031bo\u031b\u0301c-17-100x100.png 100w, https:\/\/taftoys.vn\/wp-content\/uploads\/2024\/11\/Ki\u0301ch-thu\u031bo\u031b\u0301c-17.png 900w\" sizes=\"(max-width: 300px) 100vw, 300px\" \/><\/div>\n\t\t\t\t\t<div class=\"wc-block-grid__product-title\">S\u00e1ch v\u1ea3i xoay h\u1ed7 tr\u1ee3 t\u1eadp l\u1eaby &#8211; Tummy Time Spinning Book<\/div>\n\t\t\t\t<\/a>\n\t\t\t\t<div class=\"wc-block-grid__product-price price\"><span class=\"woocommerce-Price-amount amount\">499.000&nbsp;<span class=\"woocommerce-Price-currencySymbol\">&#8363;<\/span><\/span><\/div>\n\t\t\t\t\n\t\t\t\t<div class=\"wp-block-button wc-block-grid__product-add-to-cart\"><a href=\"\/index.php?rest_route=%2Fwp%2Fv2%2Fpages%2F489&#038;add-to-cart=430\" aria-label=\"Th\u00eam v\u00e0o gi\u1ecf h\u00e0ng: &ldquo;S\u00e1ch v\u1ea3i xoay h\u1ed7 tr\u1ee3 t\u1eadp l\u1eaby - Tummy Time Spinning Book&rdquo;\" data-quantity=\"1\" data-product_id=\"430\" data-product_sku=\"\" data-price=\"499000\" rel=\"nofollow\" class=\"wp-block-button__link  add_to_cart_button ajax_add_to_cart\">Th\u00eam v\u00e0o gi\u1ecf h\u00e0ng<\/a><\/div>\n\t\t\t<\/li><li class=\"wc-block-grid__product\">\n\t\t\t\t<a href=\"https:\/\/taftoys.vn\/?product=sach-vai-kiem-bang-hoat-dong-phat-trien-ky-nang-quiet-busy-book\" class=\"wc-block-grid__product-link\">\n\t\t\t\t\t\n\t\t\t\t\t<div class=\"wc-block-grid__product-image\"><img loading=\"lazy\" decoding=\"async\" width=\"300\" height=\"300\" src=\"https:\/\/taftoys.vn\/wp-content\/uploads\/2024\/11\/Thiet-ke-chua-co-ten-6-300x300.png\" class=\"attachment-woocommerce_thumbnail size-woocommerce_thumbnail\" alt=\"S\u00e1ch v\u1ea3i ki\u00eam b\u1ea3ng ho\u1ea1t \u0111\u1ed9ng ph\u00e1t tri\u1ec3n k\u1ef9 n\u0103ng - Quiet Busy Book\" srcset=\"https:\/\/taftoys.vn\/wp-content\/uploads\/2024\/11\/Thiet-ke-chua-co-ten-6-300x300.png 300w, https:\/\/taftoys.vn\/wp-content\/uploads\/2024\/11\/Thiet-ke-chua-co-ten-6-150x150.png 150w, https:\/\/taftoys.vn\/wp-content\/uploads\/2024\/11\/Thiet-ke-chua-co-ten-6-768x768.png 768w, https:\/\/taftoys.vn\/wp-content\/uploads\/2024\/11\/Thiet-ke-chua-co-ten-6-75x75.png 75w, https:\/\/taftoys.vn\/wp-content\/uploads\/2024\/11\/Thiet-ke-chua-co-ten-6-600x600.png 600w, https:\/\/taftoys.vn\/wp-content\/uploads\/2024\/11\/Thiet-ke-chua-co-ten-6-100x100.png 100w, https:\/\/taftoys.vn\/wp-content\/uploads\/2024\/11\/Thiet-ke-chua-co-ten-6.png 900w\" sizes=\"(max-width: 300px) 100vw, 300px\" \/><\/div>\n\t\t\t\t\t<div class=\"wc-block-grid__product-title\">S\u00e1ch v\u1ea3i ki\u00eam b\u1ea3ng ho\u1ea1t \u0111\u1ed9ng ph\u00e1t tri\u1ec3n k\u1ef9 n\u0103ng &#8211; Quiet Busy Book<\/div>\n\t\t\t\t<\/a>\n\t\t\t\t<div class=\"wc-block-grid__product-price price\"><span class=\"woocommerce-Price-amount amount\">650.000&nbsp;<span class=\"woocommerce-Price-currencySymbol\">&#8363;<\/span><\/span><\/div>\n\t\t\t\t\n\t\t\t\t<div class=\"wp-block-button wc-block-grid__product-add-to-cart\"><a href=\"\/index.php?rest_route=%2Fwp%2Fv2%2Fpages%2F489&#038;add-to-cart=309\" aria-label=\"Th\u00eam v\u00e0o gi\u1ecf h\u00e0ng: &ldquo;S\u00e1ch v\u1ea3i ki\u00eam b\u1ea3ng ho\u1ea1t \u0111\u1ed9ng ph\u00e1t tri\u1ec3n k\u1ef9 n\u0103ng - Quiet Busy Book&rdquo;\" data-quantity=\"1\" data-product_id=\"309\" data-product_sku=\"\" data-price=\"650000\" rel=\"nofollow\" class=\"wp-block-button__link  add_to_cart_button ajax_add_to_cart\">Th\u00eam v\u00e0o gi\u1ecf h\u00e0ng<\/a><\/div>\n\t\t\t<\/li><\/ul><\/div>\n\n\n<p><\/p>\n","protected":false},"excerpt":{"rendered":"<p>B\u00e9 y\u00eau c\u1ee7a b\u1ea1n \u0111ang l\u1edbn l\u00ean v\u00e0 ph\u00e1t tri\u1ec3n, h\u00e1o h\u1ee9c h\u1ecdc h\u1ecfi nh\u1eefng \u0111i\u1ec1u m\u1edbi m\u1ed7i ng\u00e0y. S\u1ef1 t\u00f2 m\u00f2 v\u00e0 t\u00ednh \u0111\u1ed9c l\u1eadp t\u0103ng l\u00ean trong su\u1ed1t n\u0103m \u0111\u1ea7u ti\u00ean v\u00e0 t\u1eeb kho\u1ea3ng 6 th\u00e1ng tu\u1ed5i, con b\u1ea1n \u0111ang b\u01b0\u1edbc nh\u1eefng b\u01b0\u1edbc \u0111\u1ea7u ti\u00ean \u0111\u1ec3 tr\u1edf th\u00e0nh m\u1ed9t \u0111\u1ee9a tr\u1ebb m\u1edbi bi\u1ebft \u0111i.<\/p>\n","protected":false},"author":1,"featured_media":0,"parent":0,"menu_order":0,"comment_status":"closed","ping_status":"closed","template":"","meta":{"footnotes":""},"class_list":["post-489","page","type-page","status-publish","hentry"],"_links":{"self":[{"href":"https:\/\/taftoys.vn\/index.php?rest_route=\/wp\/v2\/pages\/489","targetHints":{"allow":["GET"]}}],"collection":[{"href":"https:\/\/taftoys.vn\/index.php?rest_route=\/wp\/v2\/pages"}],"about":[{"href":"https:\/\/taftoys.vn\/index.php?rest_route=\/wp\/v2\/types\/page"}],"author":[{"embeddable":true,"href":"https:\/\/taftoys.vn\/index.php?rest_route=\/wp\/v2\/users\/1"}],"replies":[{"embeddable":true,"href":"https:\/\/taftoys.vn\/index.php?rest_route=%2Fwp%2Fv2%2Fcomments&post=489"}],"version-history":[{"count":10,"href":"https:\/\/taftoys.vn\/index.php?rest_route=\/wp\/v2\/pages\/489\/revisions"}],"predecessor-version":[{"id":583,"href":"https:\/\/taftoys.vn\/index.php?rest_route=\/wp\/v2\/pages\/489\/revisions\/583"}],"wp:attachment":[{"href":"https:\/\/taftoys.vn\/index.php?rest_route=%2Fwp%2Fv2%2Fmedia&parent=489"}],"curies":[{"name":"wp","href":"https:\/\/api.w.org\/{rel}","templated":true}]}}