{"id":490,"date":"2024-11-25T12:06:11","date_gmt":"2024-11-25T12:06:11","guid":{"rendered":"https:\/\/taftoys.vn\/?page_id=490"},"modified":"2024-11-25T16:31:16","modified_gmt":"2024-11-25T16:31:16","slug":"do-choi-2","status":"publish","type":"page","link":"https:\/\/taftoys.vn\/?page_id=490","title":{"rendered":"\u0110\u1ed3 Ch\u01a1i"},"content":{"rendered":"<div class=\"wp-block-image\">\n<figure class=\"aligncenter size-full\"><img fetchpriority=\"high\" decoding=\"async\" width=\"1024\" height=\"400\" src=\"https:\/\/taftoys.vn\/wp-content\/uploads\/2024\/11\/Thie\u0302\u0301t-ke\u0302\u0301-chu\u031ba-co\u0301-te\u0302n-1.png\" alt=\"\" class=\"wp-image-576\" srcset=\"https:\/\/taftoys.vn\/wp-content\/uploads\/2024\/11\/Thie\u0302\u0301t-ke\u0302\u0301-chu\u031ba-co\u0301-te\u0302n-1.png 1024w, https:\/\/taftoys.vn\/wp-content\/uploads\/2024\/11\/Thie\u0302\u0301t-ke\u0302\u0301-chu\u031ba-co\u0301-te\u0302n-1-300x117.png 300w, https:\/\/taftoys.vn\/wp-content\/uploads\/2024\/11\/Thie\u0302\u0301t-ke\u0302\u0301-chu\u031ba-co\u0301-te\u0302n-1-768x300.png 768w, https:\/\/taftoys.vn\/wp-content\/uploads\/2024\/11\/Thie\u0302\u0301t-ke\u0302\u0301-chu\u031ba-co\u0301-te\u0302n-1-600x234.png 600w\" sizes=\"(max-width: 1024px) 100vw, 1024px\" \/><\/figure>\n<\/div>\n\n\n<div class=\"wp-block-columns is-layout-flex wp-container-core-columns-is-layout-9d6595d7 wp-block-columns-is-layout-flex\">\n<div class=\"wp-block-column is-layout-flow wp-block-column-is-layout-flow\" style=\"flex-basis:100%\">\n<blockquote class=\"wp-block-quote is-layout-flow wp-block-quote-is-layout-flow\">\n<p class=\"has-pale-cyan-blue-color has-text-color has-link-color has-inter-font-family wp-elements-0ca218a3c69f322e2b18bb45196525da\" style=\"font-size:15px\">C\u00e1c chuy\u00ean gia gi\u1ecfi nh\u1ea5t t\u1ea1i Taf Toys c\u00f9ng v\u1edbi c\u00e1c chuy\u00ean gia ph\u00e1t tri\u1ec3n tr\u1ebb em \u0111\u00e3 ph\u00e1t tri\u1ec3n d\u00f2ng s\u1ea3n ph\u1ea9m th\u00fac \u0111\u1ea9y k\u1ef9 n\u0103ng ph\u00e1t tri\u1ec3n c\u1ee7a tr\u1ebb m\u1edbi bi\u1ebft \u0111i trong nhi\u1ec1u l\u0129nh v\u1ef1c: k\u1ef9 n\u0103ng v\u1eadn \u0111\u1ed9ng (c\u1ea3 th\u00f4 v\u00e0 tinh), gi\u1ea3i quy\u1ebft v\u1ea5n \u0111\u1ec1, k\u1ef9 n\u0103ng giao ti\u1ebfp &amp; ng\u00f4n ng\u1eef, tr\u00ed tu\u1ec7 c\u1ea3m x\u00fac.<br>Vi\u1ec7c h\u1ecdc t\u1eadp c\u1ee7a tr\u1ebb m\u1edbi bi\u1ebft \u0111i \u0111\u1ea1t \u0111\u01b0\u1ee3c hi\u1ec7u qu\u1ea3 t\u1ed1t nh\u1ea5t th\u00f4ng qua vui ch\u01a1i, vui ch\u01a1i v\u00e0 tr\u00f2 ch\u01a1i<\/p>\n<\/blockquote>\n<\/div>\n<\/div>\n\n\n<div data-block-name=\"woocommerce\/product-category\" data-categories=\"[23]\" class=\"wc-block-grid wp-block-product-category wp-block-woocommerce-product-category wc-block-product-category has-3-columns has-multiple-rows\"><ul class=\"wc-block-grid__products\"><li class=\"wc-block-grid__product\">\n\t\t\t\t<a href=\"https:\/\/taftoys.vn\/?product=hunny-bunny-stacker\" class=\"wc-block-grid__product-link\">\n\t\t\t\t\t\n\t\t\t\t\t<div class=\"wc-block-grid__product-image\"><img decoding=\"async\" width=\"300\" height=\"300\" src=\"https:\/\/taftoys.vn\/wp-content\/uploads\/2024\/11\/Ki\u0301ch-thu\u031bo\u031b\u0301c-16-300x300.png\" class=\"attachment-woocommerce_thumbnail size-woocommerce_thumbnail\" alt=\"Hunny bunny stacker\" srcset=\"https:\/\/taftoys.vn\/wp-content\/uploads\/2024\/11\/Ki\u0301ch-thu\u031bo\u031b\u0301c-16-300x300.png 300w, https:\/\/taftoys.vn\/wp-content\/uploads\/2024\/11\/Ki\u0301ch-thu\u031bo\u031b\u0301c-16-150x150.png 150w, https:\/\/taftoys.vn\/wp-content\/uploads\/2024\/11\/Ki\u0301ch-thu\u031bo\u031b\u0301c-16-768x768.png 768w, https:\/\/taftoys.vn\/wp-content\/uploads\/2024\/11\/Ki\u0301ch-thu\u031bo\u031b\u0301c-16-75x75.png 75w, https:\/\/taftoys.vn\/wp-content\/uploads\/2024\/11\/Ki\u0301ch-thu\u031bo\u031b\u0301c-16-600x600.png 600w, https:\/\/taftoys.vn\/wp-content\/uploads\/2024\/11\/Ki\u0301ch-thu\u031bo\u031b\u0301c-16-100x100.png 100w, https:\/\/taftoys.vn\/wp-content\/uploads\/2024\/11\/Ki\u0301ch-thu\u031bo\u031b\u0301c-16.png 900w\" sizes=\"(max-width: 300px) 100vw, 300px\" \/><\/div>\n\t\t\t\t\t<div class=\"wc-block-grid__product-title\">Hunny bunny stacker<\/div>\n\t\t\t\t<\/a>\n\t\t\t\t<div class=\"wc-block-grid__product-price price\"><span class=\"woocommerce-Price-amount amount\">399.000&nbsp;<span class=\"woocommerce-Price-currencySymbol\">&#8363;<\/span><\/span><\/div>\n\t\t\t\t\n\t\t\t\t<div class=\"wp-block-button wc-block-grid__product-add-to-cart\"><a href=\"\/index.php?rest_route=%2Fwp%2Fv2%2Fpages%2F490&#038;add-to-cart=423\" aria-label=\"Th\u00eam v\u00e0o gi\u1ecf h\u00e0ng: &ldquo;Hunny bunny stacker&rdquo;\" data-quantity=\"1\" data-product_id=\"423\" data-product_sku=\"\" data-price=\"399000\" rel=\"nofollow\" class=\"wp-block-button__link  add_to_cart_button ajax_add_to_cart\">Th\u00eam v\u00e0o gi\u1ecf h\u00e0ng<\/a><\/div>\n\t\t\t<\/li><li class=\"wc-block-grid__product\">\n\t\t\t\t<a href=\"https:\/\/taftoys.vn\/?product=bunny-stacker-truck\" class=\"wc-block-grid__product-link\">\n\t\t\t\t\t\n\t\t\t\t\t<div class=\"wc-block-grid__product-image\"><img decoding=\"async\" width=\"300\" height=\"300\" src=\"https:\/\/taftoys.vn\/wp-content\/uploads\/2024\/11\/Ki\u0301ch-thu\u031bo\u031b\u0301c-15-300x300.png\" class=\"attachment-woocommerce_thumbnail size-woocommerce_thumbnail\" alt=\"Bunny stacker truck\" srcset=\"https:\/\/taftoys.vn\/wp-content\/uploads\/2024\/11\/Ki\u0301ch-thu\u031bo\u031b\u0301c-15-300x300.png 300w, https:\/\/taftoys.vn\/wp-content\/uploads\/2024\/11\/Ki\u0301ch-thu\u031bo\u031b\u0301c-15-150x150.png 150w, https:\/\/taftoys.vn\/wp-content\/uploads\/2024\/11\/Ki\u0301ch-thu\u031bo\u031b\u0301c-15-768x768.png 768w, https:\/\/taftoys.vn\/wp-content\/uploads\/2024\/11\/Ki\u0301ch-thu\u031bo\u031b\u0301c-15-75x75.png 75w, https:\/\/taftoys.vn\/wp-content\/uploads\/2024\/11\/Ki\u0301ch-thu\u031bo\u031b\u0301c-15-600x600.png 600w, https:\/\/taftoys.vn\/wp-content\/uploads\/2024\/11\/Ki\u0301ch-thu\u031bo\u031b\u0301c-15-100x100.png 100w, https:\/\/taftoys.vn\/wp-content\/uploads\/2024\/11\/Ki\u0301ch-thu\u031bo\u031b\u0301c-15.png 900w\" sizes=\"(max-width: 300px) 100vw, 300px\" \/><\/div>\n\t\t\t\t\t<div class=\"wc-block-grid__product-title\">Bunny stacker truck<\/div>\n\t\t\t\t<\/a>\n\t\t\t\t<div class=\"wc-block-grid__product-price price\"><span class=\"woocommerce-Price-amount amount\">599.000&nbsp;<span class=\"woocommerce-Price-currencySymbol\">&#8363;<\/span><\/span><\/div>\n\t\t\t\t\n\t\t\t\t<div class=\"wp-block-button wc-block-grid__product-add-to-cart\"><a href=\"\/index.php?rest_route=%2Fwp%2Fv2%2Fpages%2F490&#038;add-to-cart=418\" aria-label=\"Th\u00eam v\u00e0o gi\u1ecf h\u00e0ng: &ldquo;Bunny stacker truck&rdquo;\" data-quantity=\"1\" data-product_id=\"418\" data-product_sku=\"\" data-price=\"599000\" rel=\"nofollow\" class=\"wp-block-button__link  add_to_cart_button ajax_add_to_cart\">Th\u00eam v\u00e0o gi\u1ecf h\u00e0ng<\/a><\/div>\n\t\t\t<\/li><li class=\"wc-block-grid__product\">\n\t\t\t\t<a href=\"https:\/\/taftoys.vn\/?product=kimmy-koala-wonder-tissue-box\" class=\"wc-block-grid__product-link\">\n\t\t\t\t\t\n\t\t\t\t\t<div class=\"wc-block-grid__product-image\"><img loading=\"lazy\" decoding=\"async\" width=\"300\" height=\"300\" src=\"https:\/\/taftoys.vn\/wp-content\/uploads\/2024\/11\/Ki\u0301ch-thu\u031bo\u031b\u0301c-9-300x300.png\" class=\"attachment-woocommerce_thumbnail size-woocommerce_thumbnail\" alt=\"Kimmy Koala Wonder Tissue Box\" srcset=\"https:\/\/taftoys.vn\/wp-content\/uploads\/2024\/11\/Ki\u0301ch-thu\u031bo\u031b\u0301c-9-300x300.png 300w, https:\/\/taftoys.vn\/wp-content\/uploads\/2024\/11\/Ki\u0301ch-thu\u031bo\u031b\u0301c-9-150x150.png 150w, https:\/\/taftoys.vn\/wp-content\/uploads\/2024\/11\/Ki\u0301ch-thu\u031bo\u031b\u0301c-9-768x768.png 768w, https:\/\/taftoys.vn\/wp-content\/uploads\/2024\/11\/Ki\u0301ch-thu\u031bo\u031b\u0301c-9-75x75.png 75w, https:\/\/taftoys.vn\/wp-content\/uploads\/2024\/11\/Ki\u0301ch-thu\u031bo\u031b\u0301c-9-600x600.png 600w, https:\/\/taftoys.vn\/wp-content\/uploads\/2024\/11\/Ki\u0301ch-thu\u031bo\u031b\u0301c-9-100x100.png 100w, https:\/\/taftoys.vn\/wp-content\/uploads\/2024\/11\/Ki\u0301ch-thu\u031bo\u031b\u0301c-9.png 900w\" sizes=\"(max-width: 300px) 100vw, 300px\" \/><\/div>\n\t\t\t\t\t<div class=\"wc-block-grid__product-title\">Kimmy Koala Wonder Tissue Box<\/div>\n\t\t\t\t<\/a>\n\t\t\t\t<div class=\"wc-block-grid__product-price price\"><span class=\"woocommerce-Price-amount amount\">650.000&nbsp;<span class=\"woocommerce-Price-currencySymbol\">&#8363;<\/span><\/span><\/div>\n\t\t\t\t\n\t\t\t\t<div class=\"wp-block-button wc-block-grid__product-add-to-cart\"><a href=\"\/index.php?rest_route=%2Fwp%2Fv2%2Fpages%2F490&#038;add-to-cart=366\" aria-label=\"Th\u00eam v\u00e0o gi\u1ecf h\u00e0ng: &ldquo;Kimmy Koala Wonder Tissue Box&rdquo;\" data-quantity=\"1\" data-product_id=\"366\" data-product_sku=\"\" data-price=\"650000\" rel=\"nofollow\" class=\"wp-block-button__link  add_to_cart_button ajax_add_to_cart\">Th\u00eam v\u00e0o gi\u1ecf h\u00e0ng<\/a><\/div>\n\t\t\t<\/li><li class=\"wc-block-grid__product\">\n\t\t\t\t<a href=\"https:\/\/taftoys.vn\/?product=pop-up-tissue-box\" class=\"wc-block-grid__product-link\">\n\t\t\t\t\t\n\t\t\t\t\t<div class=\"wc-block-grid__product-image\"><img loading=\"lazy\" decoding=\"async\" width=\"300\" height=\"300\" src=\"https:\/\/taftoys.vn\/wp-content\/uploads\/2024\/11\/Ki\u0301ch-thu\u031bo\u031b\u0301c-8-300x300.png\" class=\"attachment-woocommerce_thumbnail size-woocommerce_thumbnail\" alt=\"Pop up tissue box\" srcset=\"https:\/\/taftoys.vn\/wp-content\/uploads\/2024\/11\/Ki\u0301ch-thu\u031bo\u031b\u0301c-8-300x300.png 300w, https:\/\/taftoys.vn\/wp-content\/uploads\/2024\/11\/Ki\u0301ch-thu\u031bo\u031b\u0301c-8-150x150.png 150w, https:\/\/taftoys.vn\/wp-content\/uploads\/2024\/11\/Ki\u0301ch-thu\u031bo\u031b\u0301c-8-768x768.png 768w, https:\/\/taftoys.vn\/wp-content\/uploads\/2024\/11\/Ki\u0301ch-thu\u031bo\u031b\u0301c-8-75x75.png 75w, https:\/\/taftoys.vn\/wp-content\/uploads\/2024\/11\/Ki\u0301ch-thu\u031bo\u031b\u0301c-8-600x600.png 600w, https:\/\/taftoys.vn\/wp-content\/uploads\/2024\/11\/Ki\u0301ch-thu\u031bo\u031b\u0301c-8-100x100.png 100w, https:\/\/taftoys.vn\/wp-content\/uploads\/2024\/11\/Ki\u0301ch-thu\u031bo\u031b\u0301c-8.png 900w\" sizes=\"(max-width: 300px) 100vw, 300px\" \/><\/div>\n\t\t\t\t\t<div class=\"wc-block-grid__product-title\">Pop up tissue box<\/div>\n\t\t\t\t<\/a>\n\t\t\t\t<div class=\"wc-block-grid__product-price price\"><span class=\"woocommerce-Price-amount amount\">650.000&nbsp;<span class=\"woocommerce-Price-currencySymbol\">&#8363;<\/span><\/span><\/div>\n\t\t\t\t\n\t\t\t\t<div class=\"wp-block-button wc-block-grid__product-add-to-cart\"><a href=\"\/index.php?rest_route=%2Fwp%2Fv2%2Fpages%2F490&#038;add-to-cart=358\" aria-label=\"Th\u00eam v\u00e0o gi\u1ecf h\u00e0ng: &ldquo;Pop up tissue box&rdquo;\" data-quantity=\"1\" data-product_id=\"358\" data-product_sku=\"\" data-price=\"650000\" rel=\"nofollow\" class=\"wp-block-button__link  add_to_cart_button ajax_add_to_cart\">Th\u00eam v\u00e0o gi\u1ecf h\u00e0ng<\/a><\/div>\n\t\t\t<\/li><li class=\"wc-block-grid__product\">\n\t\t\t\t<a href=\"https:\/\/taftoys.vn\/?product=my-1st-domino-rally\" class=\"wc-block-grid__product-link\">\n\t\t\t\t\t\n\t\t\t\t\t<div class=\"wc-block-grid__product-image\"><img loading=\"lazy\" decoding=\"async\" width=\"300\" height=\"300\" src=\"https:\/\/taftoys.vn\/wp-content\/uploads\/2024\/11\/Ki\u0301ch-thu\u031bo\u031b\u0301c-7-300x300.png\" class=\"attachment-woocommerce_thumbnail size-woocommerce_thumbnail\" alt=\"My 1st Domino Rally\" srcset=\"https:\/\/taftoys.vn\/wp-content\/uploads\/2024\/11\/Ki\u0301ch-thu\u031bo\u031b\u0301c-7-300x300.png 300w, https:\/\/taftoys.vn\/wp-content\/uploads\/2024\/11\/Ki\u0301ch-thu\u031bo\u031b\u0301c-7-150x150.png 150w, https:\/\/taftoys.vn\/wp-content\/uploads\/2024\/11\/Ki\u0301ch-thu\u031bo\u031b\u0301c-7-768x768.png 768w, https:\/\/taftoys.vn\/wp-content\/uploads\/2024\/11\/Ki\u0301ch-thu\u031bo\u031b\u0301c-7-75x75.png 75w, https:\/\/taftoys.vn\/wp-content\/uploads\/2024\/11\/Ki\u0301ch-thu\u031bo\u031b\u0301c-7-600x600.png 600w, https:\/\/taftoys.vn\/wp-content\/uploads\/2024\/11\/Ki\u0301ch-thu\u031bo\u031b\u0301c-7-100x100.png 100w, https:\/\/taftoys.vn\/wp-content\/uploads\/2024\/11\/Ki\u0301ch-thu\u031bo\u031b\u0301c-7.png 900w\" sizes=\"(max-width: 300px) 100vw, 300px\" \/><\/div>\n\t\t\t\t\t<div class=\"wc-block-grid__product-title\">My 1st Domino Rally<\/div>\n\t\t\t\t<\/a>\n\t\t\t\t<div class=\"wc-block-grid__product-price price\"><span class=\"woocommerce-Price-amount amount\">650.000&nbsp;<span class=\"woocommerce-Price-currencySymbol\">&#8363;<\/span><\/span><\/div>\n\t\t\t\t\n\t\t\t\t<div class=\"wp-block-button wc-block-grid__product-add-to-cart\"><a href=\"\/index.php?rest_route=%2Fwp%2Fv2%2Fpages%2F490&#038;add-to-cart=349\" aria-label=\"Th\u00eam v\u00e0o gi\u1ecf h\u00e0ng: &ldquo;My 1st Domino Rally&rdquo;\" data-quantity=\"1\" data-product_id=\"349\" data-product_sku=\"\" data-price=\"650000\" rel=\"nofollow\" class=\"wp-block-button__link  add_to_cart_button ajax_add_to_cart\">Th\u00eam v\u00e0o gi\u1ecf h\u00e0ng<\/a><\/div>\n\t\t\t<\/li><li class=\"wc-block-grid__product\">\n\t\t\t\t<a href=\"https:\/\/taftoys.vn\/?product=xl-domino-rally-block\" class=\"wc-block-grid__product-link\">\n\t\t\t\t\t\n\t\t\t\t\t<div class=\"wc-block-grid__product-image\"><img loading=\"lazy\" decoding=\"async\" width=\"300\" height=\"300\" src=\"https:\/\/taftoys.vn\/wp-content\/uploads\/2024\/11\/Ki\u0301ch-thu\u031bo\u031b\u0301c-6-300x300.png\" class=\"attachment-woocommerce_thumbnail size-woocommerce_thumbnail\" alt=\"XL Domino Rally block\" srcset=\"https:\/\/taftoys.vn\/wp-content\/uploads\/2024\/11\/Ki\u0301ch-thu\u031bo\u031b\u0301c-6-300x300.png 300w, https:\/\/taftoys.vn\/wp-content\/uploads\/2024\/11\/Ki\u0301ch-thu\u031bo\u031b\u0301c-6-150x150.png 150w, https:\/\/taftoys.vn\/wp-content\/uploads\/2024\/11\/Ki\u0301ch-thu\u031bo\u031b\u0301c-6-768x768.png 768w, https:\/\/taftoys.vn\/wp-content\/uploads\/2024\/11\/Ki\u0301ch-thu\u031bo\u031b\u0301c-6-75x75.png 75w, https:\/\/taftoys.vn\/wp-content\/uploads\/2024\/11\/Ki\u0301ch-thu\u031bo\u031b\u0301c-6-600x600.png 600w, https:\/\/taftoys.vn\/wp-content\/uploads\/2024\/11\/Ki\u0301ch-thu\u031bo\u031b\u0301c-6-100x100.png 100w, https:\/\/taftoys.vn\/wp-content\/uploads\/2024\/11\/Ki\u0301ch-thu\u031bo\u031b\u0301c-6.png 900w\" sizes=\"(max-width: 300px) 100vw, 300px\" \/><\/div>\n\t\t\t\t\t<div class=\"wc-block-grid__product-title\">XL Domino Rally block<\/div>\n\t\t\t\t<\/a>\n\t\t\t\t<div class=\"wc-block-grid__product-price price\"><span class=\"woocommerce-Price-amount amount\">650.000&nbsp;<span class=\"woocommerce-Price-currencySymbol\">&#8363;<\/span><\/span><\/div>\n\t\t\t\t\n\t\t\t\t<div class=\"wp-block-button wc-block-grid__product-add-to-cart\"><a href=\"\/index.php?rest_route=%2Fwp%2Fv2%2Fpages%2F490&#038;add-to-cart=344\" aria-label=\"Th\u00eam v\u00e0o gi\u1ecf h\u00e0ng: &ldquo;XL Domino Rally block&rdquo;\" data-quantity=\"1\" data-product_id=\"344\" data-product_sku=\"\" data-price=\"650000\" rel=\"nofollow\" class=\"wp-block-button__link  add_to_cart_button ajax_add_to_cart\">Th\u00eam v\u00e0o gi\u1ecf h\u00e0ng<\/a><\/div>\n\t\t\t<\/li><li class=\"wc-block-grid__product\">\n\t\t\t\t<a href=\"https:\/\/taftoys.vn\/?product=magic-box\" class=\"wc-block-grid__product-link\">\n\t\t\t\t\t\n\t\t\t\t\t<div class=\"wc-block-grid__product-image\"><img loading=\"lazy\" decoding=\"async\" width=\"300\" height=\"300\" src=\"https:\/\/taftoys.vn\/wp-content\/uploads\/2024\/11\/Ki\u0301ch-thu\u031bo\u031b\u0301c-5-300x300.png\" class=\"attachment-woocommerce_thumbnail size-woocommerce_thumbnail\" alt=\"Magic box\" srcset=\"https:\/\/taftoys.vn\/wp-content\/uploads\/2024\/11\/Ki\u0301ch-thu\u031bo\u031b\u0301c-5-300x300.png 300w, https:\/\/taftoys.vn\/wp-content\/uploads\/2024\/11\/Ki\u0301ch-thu\u031bo\u031b\u0301c-5-150x150.png 150w, https:\/\/taftoys.vn\/wp-content\/uploads\/2024\/11\/Ki\u0301ch-thu\u031bo\u031b\u0301c-5-768x768.png 768w, https:\/\/taftoys.vn\/wp-content\/uploads\/2024\/11\/Ki\u0301ch-thu\u031bo\u031b\u0301c-5-75x75.png 75w, https:\/\/taftoys.vn\/wp-content\/uploads\/2024\/11\/Ki\u0301ch-thu\u031bo\u031b\u0301c-5-600x600.png 600w, https:\/\/taftoys.vn\/wp-content\/uploads\/2024\/11\/Ki\u0301ch-thu\u031bo\u031b\u0301c-5-100x100.png 100w, https:\/\/taftoys.vn\/wp-content\/uploads\/2024\/11\/Ki\u0301ch-thu\u031bo\u031b\u0301c-5.png 900w\" sizes=\"(max-width: 300px) 100vw, 300px\" \/><\/div>\n\t\t\t\t\t<div class=\"wc-block-grid__product-title\">Magic box<\/div>\n\t\t\t\t<\/a>\n\t\t\t\t<div class=\"wc-block-grid__product-price price\"><span class=\"woocommerce-Price-amount amount\">650.000&nbsp;<span class=\"woocommerce-Price-currencySymbol\">&#8363;<\/span><\/span><\/div>\n\t\t\t\t\n\t\t\t\t<div class=\"wp-block-button wc-block-grid__product-add-to-cart\"><a href=\"\/index.php?rest_route=%2Fwp%2Fv2%2Fpages%2F490&#038;add-to-cart=336\" aria-label=\"Th\u00eam v\u00e0o gi\u1ecf h\u00e0ng: &ldquo;Magic box&rdquo;\" data-quantity=\"1\" data-product_id=\"336\" data-product_sku=\"\" data-price=\"650000\" rel=\"nofollow\" class=\"wp-block-button__link  add_to_cart_button ajax_add_to_cart\">Th\u00eam v\u00e0o gi\u1ecf h\u00e0ng<\/a><\/div>\n\t\t\t<\/li><li class=\"wc-block-grid__product\">\n\t\t\t\t<a href=\"https:\/\/taftoys.vn\/?product=magnetic-peek-a-boo-puzzle\" class=\"wc-block-grid__product-link\">\n\t\t\t\t\t\n\t\t\t\t\t<div class=\"wc-block-grid__product-image\"><img loading=\"lazy\" decoding=\"async\" width=\"300\" height=\"300\" src=\"https:\/\/taftoys.vn\/wp-content\/uploads\/2024\/11\/Ki\u0301ch-thu\u031bo\u031b\u0301c-4-300x300.png\" class=\"attachment-woocommerce_thumbnail size-woocommerce_thumbnail\" alt=\"Magnetic Peek-A-Boo puzzle\" srcset=\"https:\/\/taftoys.vn\/wp-content\/uploads\/2024\/11\/Ki\u0301ch-thu\u031bo\u031b\u0301c-4-300x300.png 300w, https:\/\/taftoys.vn\/wp-content\/uploads\/2024\/11\/Ki\u0301ch-thu\u031bo\u031b\u0301c-4-150x150.png 150w, https:\/\/taftoys.vn\/wp-content\/uploads\/2024\/11\/Ki\u0301ch-thu\u031bo\u031b\u0301c-4-768x768.png 768w, https:\/\/taftoys.vn\/wp-content\/uploads\/2024\/11\/Ki\u0301ch-thu\u031bo\u031b\u0301c-4-75x75.png 75w, https:\/\/taftoys.vn\/wp-content\/uploads\/2024\/11\/Ki\u0301ch-thu\u031bo\u031b\u0301c-4-600x600.png 600w, https:\/\/taftoys.vn\/wp-content\/uploads\/2024\/11\/Ki\u0301ch-thu\u031bo\u031b\u0301c-4-100x100.png 100w, https:\/\/taftoys.vn\/wp-content\/uploads\/2024\/11\/Ki\u0301ch-thu\u031bo\u031b\u0301c-4.png 900w\" sizes=\"(max-width: 300px) 100vw, 300px\" \/><\/div>\n\t\t\t\t\t<div class=\"wc-block-grid__product-title\">Magnetic Peek-A-Boo puzzle<\/div>\n\t\t\t\t<\/a>\n\t\t\t\t<div class=\"wc-block-grid__product-price price\"><span class=\"woocommerce-Price-amount amount\">499.000&nbsp;<span class=\"woocommerce-Price-currencySymbol\">&#8363;<\/span><\/span><\/div>\n\t\t\t\t\n\t\t\t\t<div class=\"wp-block-button wc-block-grid__product-add-to-cart\"><a href=\"\/index.php?rest_route=%2Fwp%2Fv2%2Fpages%2F490&#038;add-to-cart=327\" aria-label=\"Th\u00eam v\u00e0o gi\u1ecf h\u00e0ng: &ldquo;Magnetic Peek-A-Boo puzzle&rdquo;\" data-quantity=\"1\" data-product_id=\"327\" data-product_sku=\"\" data-price=\"499000\" rel=\"nofollow\" class=\"wp-block-button__link  add_to_cart_button ajax_add_to_cart\">Th\u00eam v\u00e0o gi\u1ecf h\u00e0ng<\/a><\/div>\n\t\t\t<\/li><li class=\"wc-block-grid__product\">\n\t\t\t\t<a href=\"https:\/\/taftoys.vn\/?product=my-1st-bingo\" class=\"wc-block-grid__product-link\">\n\t\t\t\t\t\n\t\t\t\t\t<div class=\"wc-block-grid__product-image\"><img loading=\"lazy\" decoding=\"async\" width=\"300\" height=\"300\" src=\"https:\/\/taftoys.vn\/wp-content\/uploads\/2024\/11\/Ki\u0301ch-thu\u031bo\u031b\u0301c-3-300x300.png\" class=\"attachment-woocommerce_thumbnail size-woocommerce_thumbnail\" alt=\"My 1st Bingo\" srcset=\"https:\/\/taftoys.vn\/wp-content\/uploads\/2024\/11\/Ki\u0301ch-thu\u031bo\u031b\u0301c-3-300x300.png 300w, https:\/\/taftoys.vn\/wp-content\/uploads\/2024\/11\/Ki\u0301ch-thu\u031bo\u031b\u0301c-3-150x150.png 150w, https:\/\/taftoys.vn\/wp-content\/uploads\/2024\/11\/Ki\u0301ch-thu\u031bo\u031b\u0301c-3-768x768.png 768w, https:\/\/taftoys.vn\/wp-content\/uploads\/2024\/11\/Ki\u0301ch-thu\u031bo\u031b\u0301c-3-75x75.png 75w, https:\/\/taftoys.vn\/wp-content\/uploads\/2024\/11\/Ki\u0301ch-thu\u031bo\u031b\u0301c-3-600x600.png 600w, https:\/\/taftoys.vn\/wp-content\/uploads\/2024\/11\/Ki\u0301ch-thu\u031bo\u031b\u0301c-3-100x100.png 100w, https:\/\/taftoys.vn\/wp-content\/uploads\/2024\/11\/Ki\u0301ch-thu\u031bo\u031b\u0301c-3.png 900w\" sizes=\"(max-width: 300px) 100vw, 300px\" \/><\/div>\n\t\t\t\t\t<div class=\"wc-block-grid__product-title\">My 1st Bingo<\/div>\n\t\t\t\t<\/a>\n\t\t\t\t<div class=\"wc-block-grid__product-price price\"><span class=\"woocommerce-Price-amount amount\">550.000&nbsp;<span class=\"woocommerce-Price-currencySymbol\">&#8363;<\/span><\/span><\/div>\n\t\t\t\t\n\t\t\t\t<div class=\"wp-block-button wc-block-grid__product-add-to-cart\"><a href=\"\/index.php?rest_route=%2Fwp%2Fv2%2Fpages%2F490&#038;add-to-cart=317\" aria-label=\"Th\u00eam v\u00e0o gi\u1ecf h\u00e0ng: &ldquo;My 1st Bingo&rdquo;\" data-quantity=\"1\" data-product_id=\"317\" data-product_sku=\"\" data-price=\"550000\" rel=\"nofollow\" class=\"wp-block-button__link  add_to_cart_button ajax_add_to_cart\">Th\u00eam v\u00e0o gi\u1ecf h\u00e0ng<\/a><\/div>\n\t\t\t<\/li><\/ul><\/div>","protected":false},"excerpt":{"rendered":"<p>C\u00e1c chuy\u00ean gia gi\u1ecfi nh\u1ea5t t\u1ea1i Taf Toys c\u00f9ng v\u1edbi c\u00e1c chuy\u00ean gia ph\u00e1t tri\u1ec3n tr\u1ebb em \u0111\u00e3 ph\u00e1t tri\u1ec3n d\u00f2ng s\u1ea3n ph\u1ea9m th\u00fac \u0111\u1ea9y k\u1ef9 n\u0103ng ph\u00e1t tri\u1ec3n c\u1ee7a tr\u1ebb m\u1edbi bi\u1ebft \u0111i trong nhi\u1ec1u l\u0129nh v\u1ef1c: k\u1ef9 n\u0103ng v\u1eadn \u0111\u1ed9ng (c\u1ea3 th\u00f4 v\u00e0 tinh), gi\u1ea3i quy\u1ebft v\u1ea5n \u0111\u1ec1, k\u1ef9 n\u0103ng giao ti\u1ebfp &amp; ng\u00f4n ng\u1eef, tr\u00ed tu\u1ec7 c\u1ea3m x\u00fac.Vi\u1ec7c h\u1ecdc t\u1eadp c\u1ee7a tr\u1ebb m\u1edbi bi\u1ebft \u0111i \u0111\u1ea1t \u0111\u01b0\u1ee3c hi\u1ec7u qu\u1ea3 t\u1ed1t nh\u1ea5t th\u00f4ng qua vui ch\u01a1i, vui ch\u01a1i v\u00e0 tr\u00f2 ch\u01a1i<\/p>\n","protected":false},"author":1,"featured_media":0,"parent":0,"menu_order":0,"comment_status":"closed","ping_status":"closed","template":"","meta":{"footnotes":""},"class_list":["post-490","page","type-page","status-publish","hentry"],"_links":{"self":[{"href":"https:\/\/taftoys.vn\/index.php?rest_route=\/wp\/v2\/pages\/490","targetHints":{"allow":["GET"]}}],"collection":[{"href":"https:\/\/taftoys.vn\/index.php?rest_route=\/wp\/v2\/pages"}],"about":[{"href":"https:\/\/taftoys.vn\/index.php?rest_route=\/wp\/v2\/types\/page"}],"author":[{"embeddable":true,"href":"https:\/\/taftoys.vn\/index.php?rest_route=\/wp\/v2\/users\/1"}],"replies":[{"embeddable":true,"href":"https:\/\/taftoys.vn\/index.php?rest_route=%2Fwp%2Fv2%2Fcomments&post=490"}],"version-history":[{"count":6,"href":"https:\/\/taftoys.vn\/index.php?rest_route=\/wp\/v2\/pages\/490\/revisions"}],"predecessor-version":[{"id":579,"href":"https:\/\/taftoys.vn\/index.php?rest_route=\/wp\/v2\/pages\/490\/revisions\/579"}],"wp:attachment":[{"href":"https:\/\/taftoys.vn\/index.php?rest_route=%2Fwp%2Fv2%2Fmedia&parent=490"}],"curies":[{"name":"wp","href":"https:\/\/api.w.org\/{rel}","templated":true}]}}