{"id":491,"date":"2024-11-25T12:06:11","date_gmt":"2024-11-25T12:06:11","guid":{"rendered":"https:\/\/taftoys.vn\/?page_id=491"},"modified":"2024-11-25T16:32:07","modified_gmt":"2024-11-25T16:32:07","slug":"set-do-choi","status":"publish","type":"page","link":"https:\/\/taftoys.vn\/?page_id=491","title":{"rendered":"Set \u0110\u1ed3 Ch\u01a1i"},"content":{"rendered":"<div class=\"wp-block-image\">\n<figure class=\"aligncenter size-full\"><img fetchpriority=\"high\" decoding=\"async\" width=\"1024\" height=\"400\" src=\"https:\/\/taftoys.vn\/wp-content\/uploads\/2024\/11\/Thie\u0302\u0301t-ke\u0302\u0301-chu\u031ba-co\u0301-te\u0302n.png\" alt=\"\" class=\"wp-image-569\" srcset=\"https:\/\/taftoys.vn\/wp-content\/uploads\/2024\/11\/Thie\u0302\u0301t-ke\u0302\u0301-chu\u031ba-co\u0301-te\u0302n.png 1024w, https:\/\/taftoys.vn\/wp-content\/uploads\/2024\/11\/Thie\u0302\u0301t-ke\u0302\u0301-chu\u031ba-co\u0301-te\u0302n-300x117.png 300w, https:\/\/taftoys.vn\/wp-content\/uploads\/2024\/11\/Thie\u0302\u0301t-ke\u0302\u0301-chu\u031ba-co\u0301-te\u0302n-768x300.png 768w, https:\/\/taftoys.vn\/wp-content\/uploads\/2024\/11\/Thie\u0302\u0301t-ke\u0302\u0301-chu\u031ba-co\u0301-te\u0302n-600x234.png 600w\" sizes=\"(max-width: 1024px) 100vw, 1024px\" \/><\/figure>\n<\/div>\n\n\n<p><\/p>\n\n\n\n<div class=\"wp-block-columns is-layout-flex wp-container-core-columns-is-layout-9d6595d7 wp-block-columns-is-layout-flex\">\n<div class=\"wp-block-column is-layout-flow wp-block-column-is-layout-flow\" style=\"flex-basis:100%\">\n<blockquote class=\"wp-block-quote is-style-default is-layout-flow wp-block-quote-is-layout-flow\">\n<p class=\"has-text-align-left has-pale-cyan-blue-color has-text-color has-link-color wp-elements-4ef484b7f3e087c8d9dd7ad4bf666be8\" style=\"font-size:15px\">Ch\u00e0o m\u1eebng b\u1ea1n \u0111\u1ebfn v\u1edbi b\u1ed9 s\u01b0u t\u1eadp \u0111\u1ed3 d\u00f9ng tr\u1ebb em c\u1ee7a ch\u00fang t\u00f4i, \u0111\u01b0\u1ee3c thi\u1ebft k\u1ebf b\u1eb1ng t\u00ecnh y\u00eau v\u00e0 s\u1ef1 quan t\u00e2m \u0111\u1ec3 ph\u1ee5c v\u1ee5 m\u1ecdi giai \u0111o\u1ea1n trong h\u00e0nh tr\u00ecnh c\u1ee7a con b\u1ea1n. B\u1ed9 d\u1ee5ng c\u1ee5 s\u01a1 sinh c\u1ee7a ch\u00fang t\u00f4i \u0111\u00e1p \u1ee9ng nhu c\u1ea7u d\u1ecbu d\u00e0ng c\u1ee7a g\u00f3i qu\u00fd gi\u00e1 c\u1ee7a b\u1ea1n, mang \u0111\u1ebfn s\u1ef1 tho\u1ea3i m\u00e1i v\u00e0 ch\u0103m s\u00f3c c\u1ea7n thi\u1ebft cho nh\u1eefng ng\u00e0y \u0111\u1ea7u. B\u01b0\u1edbc v\u00e0o nh\u1eefng \u0111i\u1ec1u k\u1ef3 di\u1ec7u c\u1ee7a thi\u00ean nhi\u00ean v\u1edbi B\u1ed9 d\u1ee5ng c\u1ee5 ngo\u00e0i tr\u1eddi c\u1ee7a ch\u00fang t\u00f4i, \u0111\u01b0\u1ee3c thi\u1ebft k\u1ebf \u0111\u1eb7c bi\u1ec7t \u0111\u1ec3 gi\u00fap chuy\u1ebfn phi\u00eau l\u01b0u ngo\u00e0i tr\u1eddi c\u00f9ng con b\u1ea1n tr\u1edf n\u00ean d\u1ec5 d\u00e0ng. V\u00e0 khi \u0111\u1ebfn l\u00fac r\u00fac v\u00e0o v\u00e0 ch\u00ecm v\u00e0o v\u00f9ng \u0111\u1ea5t m\u1ed9ng m\u01a1, B\u1ed9 c\u00f4ng c\u1ee5 \u0111i ng\u1ee7 c\u1ee7a ch\u00fang t\u00f4i cung c\u1ea5p t\u1ea5t c\u1ea3 c\u00e1c y\u1ebfu t\u1ed1 \u00eam d\u1ecbu \u0111\u1ec3 \u0111\u1ea3m b\u1ea3o gi\u1ea5c ng\u1ee7 ngon cho b\u00e9 m\u01a1 m\u1ed9ng c\u1ee7a b\u1ea1n. Kh\u00e1m ph\u00e1 nh\u1eefng ng\u01b0\u1eddi b\u1ea1n \u0111\u1ed3ng h\u00e0nh ho\u00e0n h\u1ea3o cho s\u1ef1 ph\u00e1t tri\u1ec3n v\u00e0 h\u1ea1nh ph\u00fac c\u1ee7a b\u00e9 v\u1edbi b\u1ed9 d\u1ee5ng c\u1ee5 \u0111\u01b0\u1ee3c ch\u1ebf t\u1ea1o chu \u0111\u00e1o c\u1ee7a ch\u00fang t\u00f4i.<\/p>\n<\/blockquote>\n<\/div>\n<\/div>\n\n\n<div data-block-name=\"woocommerce\/product-category\" data-categories=\"[18]\" class=\"wc-block-grid wp-block-product-category wp-block-woocommerce-product-category wc-block-product-category has-3-columns has-multiple-rows\"><ul class=\"wc-block-grid__products\"><li class=\"wc-block-grid__product\">\n\t\t\t\t<a href=\"https:\/\/taftoys.vn\/?product=set-do-choi-ho-tro-tap-lay-nam-sap-cho-be-taf-toys-tummy-time-essentials-kit\" class=\"wc-block-grid__product-link\">\n\t\t\t\t\t\n\t\t\t\t\t<div class=\"wc-block-grid__product-image\"><img decoding=\"async\" width=\"300\" height=\"300\" src=\"https:\/\/taftoys.vn\/wp-content\/uploads\/2025\/12\/Thiet-ke-chua-co-ten-3-300x300.png\" class=\"attachment-woocommerce_thumbnail size-woocommerce_thumbnail\" alt=\"Set \u0111\u1ed3 ch\u01a1i h\u1ed7 tr\u1ee3 t\u1eadp l\u1eaby, n\u1eb1m s\u1ea5p cho b\u00e9 - Taf Toys Tummy Time Essentials kit\" srcset=\"https:\/\/taftoys.vn\/wp-content\/uploads\/2025\/12\/Thiet-ke-chua-co-ten-3-300x300.png 300w, https:\/\/taftoys.vn\/wp-content\/uploads\/2025\/12\/Thiet-ke-chua-co-ten-3-150x150.png 150w, https:\/\/taftoys.vn\/wp-content\/uploads\/2025\/12\/Thiet-ke-chua-co-ten-3-768x768.png 768w, https:\/\/taftoys.vn\/wp-content\/uploads\/2025\/12\/Thiet-ke-chua-co-ten-3-75x75.png 75w, https:\/\/taftoys.vn\/wp-content\/uploads\/2025\/12\/Thiet-ke-chua-co-ten-3-600x600.png 600w, https:\/\/taftoys.vn\/wp-content\/uploads\/2025\/12\/Thiet-ke-chua-co-ten-3-100x100.png 100w, https:\/\/taftoys.vn\/wp-content\/uploads\/2025\/12\/Thiet-ke-chua-co-ten-3.png 900w\" sizes=\"(max-width: 300px) 100vw, 300px\" \/><\/div>\n\t\t\t\t\t<div class=\"wc-block-grid__product-title\">Set \u0111\u1ed3 ch\u01a1i h\u1ed7 tr\u1ee3 t\u1eadp l\u1eaby, n\u1eb1m s\u1ea5p cho b\u00e9 &#8211; Taf Toys Tummy Time Essentials kit<\/div>\n\t\t\t\t<\/a>\n\t\t\t\t<div class=\"wc-block-grid__product-price price\"><span class=\"woocommerce-Price-amount amount\">650.000&nbsp;<span class=\"woocommerce-Price-currencySymbol\">&#8363;<\/span><\/span><\/div>\n\t\t\t\t\n\t\t\t\t<div class=\"wp-block-button wc-block-grid__product-add-to-cart\"><a href=\"\/index.php?rest_route=%2Fwp%2Fv2%2Fpages%2F491&#038;add-to-cart=791\" aria-label=\"Th\u00eam v\u00e0o gi\u1ecf h\u00e0ng: &ldquo;Set \u0111\u1ed3 ch\u01a1i h\u1ed7 tr\u1ee3 t\u1eadp l\u1eaby, n\u1eb1m s\u1ea5p cho b\u00e9 - Taf Toys Tummy Time Essentials kit&rdquo;\" data-quantity=\"1\" data-product_id=\"791\" data-product_sku=\"\" data-price=\"650000\" rel=\"nofollow\" class=\"wp-block-button__link  add_to_cart_button ajax_add_to_cart\">Th\u00eam v\u00e0o gi\u1ecf h\u00e0ng<\/a><\/div>\n\t\t\t<\/li><li class=\"wc-block-grid__product\">\n\t\t\t\t<a href=\"https:\/\/taftoys.vn\/?product=set-do-choi-phat-trien-cho-tre-so-sinh-newborn-black-white-kit\" class=\"wc-block-grid__product-link\">\n\t\t\t\t\t\n\t\t\t\t\t<div class=\"wc-block-grid__product-image\"><img decoding=\"async\" width=\"300\" height=\"300\" src=\"https:\/\/taftoys.vn\/wp-content\/uploads\/2024\/11\/71WngqhOrjL._SX679_-1-300x300.jpg\" class=\"attachment-woocommerce_thumbnail size-woocommerce_thumbnail\" alt=\"Set \u0111\u1ed3 ch\u01a1i ph\u00e1t tri\u1ec3n cho tr\u1ebb s\u01a1 sinh - Newborn Black &amp; white kit\" srcset=\"https:\/\/taftoys.vn\/wp-content\/uploads\/2024\/11\/71WngqhOrjL._SX679_-1-300x300.jpg 300w, https:\/\/taftoys.vn\/wp-content\/uploads\/2024\/11\/71WngqhOrjL._SX679_-1-150x150.jpg 150w, https:\/\/taftoys.vn\/wp-content\/uploads\/2024\/11\/71WngqhOrjL._SX679_-1-768x768.jpg 768w, https:\/\/taftoys.vn\/wp-content\/uploads\/2024\/11\/71WngqhOrjL._SX679_-1-75x75.jpg 75w, https:\/\/taftoys.vn\/wp-content\/uploads\/2024\/11\/71WngqhOrjL._SX679_-1-600x600.jpg 600w, https:\/\/taftoys.vn\/wp-content\/uploads\/2024\/11\/71WngqhOrjL._SX679_-1-100x100.jpg 100w, https:\/\/taftoys.vn\/wp-content\/uploads\/2024\/11\/71WngqhOrjL._SX679_-1.jpg 900w\" sizes=\"(max-width: 300px) 100vw, 300px\" \/><\/div>\n\t\t\t\t\t<div class=\"wc-block-grid__product-title\">Set \u0111\u1ed3 ch\u01a1i ph\u00e1t tri\u1ec3n cho tr\u1ebb s\u01a1 sinh &#8211; Newborn Black &amp; white kit<\/div>\n\t\t\t\t<\/a>\n\t\t\t\t<div class=\"wc-block-grid__product-price price\"><span class=\"woocommerce-Price-amount amount\">625.000&nbsp;<span class=\"woocommerce-Price-currencySymbol\">&#8363;<\/span><\/span><\/div>\n\t\t\t\t\n\t\t\t\t<div class=\"wp-block-button wc-block-grid__product-add-to-cart\"><a href=\"\/index.php?rest_route=%2Fwp%2Fv2%2Fpages%2F491&#038;add-to-cart=302\" aria-label=\"Th\u00eam v\u00e0o gi\u1ecf h\u00e0ng: &ldquo;Set \u0111\u1ed3 ch\u01a1i ph\u00e1t tri\u1ec3n cho tr\u1ebb s\u01a1 sinh - Newborn Black &amp; white kit&rdquo;\" data-quantity=\"1\" data-product_id=\"302\" data-product_sku=\"\" data-price=\"625000\" rel=\"nofollow\" class=\"wp-block-button__link  add_to_cart_button ajax_add_to_cart\">Th\u00eam v\u00e0o gi\u1ecf h\u00e0ng<\/a><\/div>\n\t\t\t<\/li><li class=\"wc-block-grid__product\">\n\t\t\t\t<a href=\"https:\/\/taftoys.vn\/?product=set-do-choi-phat-trien-cho-tre-so-sinh-mau-den-trang-newborn-black-white-kit\" class=\"wc-block-grid__product-link\">\n\t\t\t\t\t\n\t\t\t\t\t<div class=\"wc-block-grid__product-image\"><img loading=\"lazy\" decoding=\"async\" width=\"300\" height=\"300\" src=\"https:\/\/taftoys.vn\/wp-content\/uploads\/2024\/11\/taf-toys-newborn-black-and-white-kit-1-300x300.jpg\" class=\"attachment-woocommerce_thumbnail size-woocommerce_thumbnail\" alt=\"Set \u0111\u1ed3 ch\u01a1i ph\u00e1t tri\u1ec3n cho tr\u1ebb s\u01a1 sinh - M\u00e0u \u0111en tr\u1eafng - Newborn Black &amp; white kit\" srcset=\"https:\/\/taftoys.vn\/wp-content\/uploads\/2024\/11\/taf-toys-newborn-black-and-white-kit-1-300x300.jpg 300w, https:\/\/taftoys.vn\/wp-content\/uploads\/2024\/11\/taf-toys-newborn-black-and-white-kit-1-150x150.jpg 150w, https:\/\/taftoys.vn\/wp-content\/uploads\/2024\/11\/taf-toys-newborn-black-and-white-kit-1-768x768.jpg 768w, https:\/\/taftoys.vn\/wp-content\/uploads\/2024\/11\/taf-toys-newborn-black-and-white-kit-1-75x75.jpg 75w, https:\/\/taftoys.vn\/wp-content\/uploads\/2024\/11\/taf-toys-newborn-black-and-white-kit-1-600x600.jpg 600w, https:\/\/taftoys.vn\/wp-content\/uploads\/2024\/11\/taf-toys-newborn-black-and-white-kit-1-100x100.jpg 100w, https:\/\/taftoys.vn\/wp-content\/uploads\/2024\/11\/taf-toys-newborn-black-and-white-kit-1.jpg 900w\" sizes=\"(max-width: 300px) 100vw, 300px\" \/><\/div>\n\t\t\t\t\t<div class=\"wc-block-grid__product-title\">Set \u0111\u1ed3 ch\u01a1i ph\u00e1t tri\u1ec3n cho tr\u1ebb s\u01a1 sinh &#8211; M\u00e0u \u0111en tr\u1eafng &#8211; Newborn Black &amp; white kit<\/div>\n\t\t\t\t<\/a>\n\t\t\t\t<div class=\"wc-block-grid__product-price price\"><span class=\"woocommerce-Price-amount amount\">625.000&nbsp;<span class=\"woocommerce-Price-currencySymbol\">&#8363;<\/span><\/span><\/div>\n\t\t\t\t\n\t\t\t\t<div class=\"wp-block-button wc-block-grid__product-add-to-cart\"><a href=\"\/index.php?rest_route=%2Fwp%2Fv2%2Fpages%2F491&#038;add-to-cart=295\" aria-label=\"Th\u00eam v\u00e0o gi\u1ecf h\u00e0ng: &ldquo;Set \u0111\u1ed3 ch\u01a1i ph\u00e1t tri\u1ec3n cho tr\u1ebb s\u01a1 sinh - M\u00e0u \u0111en tr\u1eafng - Newborn Black &amp; white kit&rdquo;\" data-quantity=\"1\" data-product_id=\"295\" data-product_sku=\"\" data-price=\"625000\" rel=\"nofollow\" class=\"wp-block-button__link  add_to_cart_button ajax_add_to_cart\">Th\u00eam v\u00e0o gi\u1ecf h\u00e0ng<\/a><\/div>\n\t\t\t<\/li><li class=\"wc-block-grid__product\">\n\t\t\t\t<a href=\"https:\/\/taftoys.vn\/?product=set-do-choi-hoat-dong-ngoai-troi-outdoors-kit\" class=\"wc-block-grid__product-link\">\n\t\t\t\t\t\n\t\t\t\t\t<div class=\"wc-block-grid__product-image\"><img loading=\"lazy\" decoding=\"async\" width=\"300\" height=\"300\" src=\"https:\/\/taftoys.vn\/wp-content\/uploads\/2024\/11\/Mockup-09-W-300x300.jpg\" class=\"attachment-woocommerce_thumbnail size-woocommerce_thumbnail\" alt=\"Set \u0111\u1ed3 ch\u01a1i ho\u1ea1t \u0111\u1ed9ng ngo\u00e0i tr\u1eddi Outdoors Kit\" srcset=\"https:\/\/taftoys.vn\/wp-content\/uploads\/2024\/11\/Mockup-09-W-300x300.jpg 300w, https:\/\/taftoys.vn\/wp-content\/uploads\/2024\/11\/Mockup-09-W-1024x1024.jpg 1024w, https:\/\/taftoys.vn\/wp-content\/uploads\/2024\/11\/Mockup-09-W-150x150.jpg 150w, https:\/\/taftoys.vn\/wp-content\/uploads\/2024\/11\/Mockup-09-W-768x768.jpg 768w, https:\/\/taftoys.vn\/wp-content\/uploads\/2024\/11\/Mockup-09-W-1536x1536.jpg 1536w, https:\/\/taftoys.vn\/wp-content\/uploads\/2024\/11\/Mockup-09-W-2048x2048.jpg 2048w, https:\/\/taftoys.vn\/wp-content\/uploads\/2024\/11\/Mockup-09-W-1140x1140.jpg 1140w, https:\/\/taftoys.vn\/wp-content\/uploads\/2024\/11\/Mockup-09-W-75x75.jpg 75w, https:\/\/taftoys.vn\/wp-content\/uploads\/2024\/11\/Mockup-09-W-600x600.jpg 600w, https:\/\/taftoys.vn\/wp-content\/uploads\/2024\/11\/Mockup-09-W-100x100.jpg 100w\" sizes=\"(max-width: 300px) 100vw, 300px\" \/><\/div>\n\t\t\t\t\t<div class=\"wc-block-grid__product-title\">Set \u0111\u1ed3 ch\u01a1i ho\u1ea1t \u0111\u1ed9ng ngo\u00e0i tr\u1eddi Outdoors Kit<\/div>\n\t\t\t\t<\/a>\n\t\t\t\t<div class=\"wc-block-grid__product-price price\"><span class=\"woocommerce-Price-amount amount\">650.000&nbsp;<span class=\"woocommerce-Price-currencySymbol\">&#8363;<\/span><\/span><\/div>\n\t\t\t\t\n\t\t\t\t<div class=\"wp-block-button wc-block-grid__product-add-to-cart\"><a href=\"\/index.php?rest_route=%2Fwp%2Fv2%2Fpages%2F491&#038;add-to-cart=290\" aria-label=\"Th\u00eam v\u00e0o gi\u1ecf h\u00e0ng: &ldquo;Set \u0111\u1ed3 ch\u01a1i ho\u1ea1t \u0111\u1ed9ng ngo\u00e0i tr\u1eddi Outdoors Kit&rdquo;\" data-quantity=\"1\" data-product_id=\"290\" data-product_sku=\"\" data-price=\"650000\" rel=\"nofollow\" class=\"wp-block-button__link  add_to_cart_button ajax_add_to_cart\">Th\u00eam v\u00e0o gi\u1ecf h\u00e0ng<\/a><\/div>\n\t\t\t<\/li><li class=\"wc-block-grid__product\">\n\t\t\t\t<a href=\"https:\/\/taftoys.vn\/?product=set-3-mon-do-choi-treo-cui-xe-day-phat-trien-van-dong-activity-toys-kit\" class=\"wc-block-grid__product-link\">\n\t\t\t\t\t\n\t\t\t\t\t<div class=\"wc-block-grid__product-image\"><img loading=\"lazy\" decoding=\"async\" width=\"300\" height=\"300\" src=\"https:\/\/taftoys.vn\/wp-content\/uploads\/2024\/11\/Ki\u0301ch-thu\u031bo\u031b\u0301c-1-300x300.png\" class=\"attachment-woocommerce_thumbnail size-woocommerce_thumbnail\" alt=\"Set 3 m\u00f3n \u0111\u1ed3 ch\u01a1i treo c\u0169i, xe \u0111\u1ea9y ph\u00e1t tri\u1ec3n v\u1eadn \u0111\u1ed9ng - Activity toys kit\" srcset=\"https:\/\/taftoys.vn\/wp-content\/uploads\/2024\/11\/Ki\u0301ch-thu\u031bo\u031b\u0301c-1-300x300.png 300w, https:\/\/taftoys.vn\/wp-content\/uploads\/2024\/11\/Ki\u0301ch-thu\u031bo\u031b\u0301c-1-150x150.png 150w, https:\/\/taftoys.vn\/wp-content\/uploads\/2024\/11\/Ki\u0301ch-thu\u031bo\u031b\u0301c-1-768x768.png 768w, https:\/\/taftoys.vn\/wp-content\/uploads\/2024\/11\/Ki\u0301ch-thu\u031bo\u031b\u0301c-1-75x75.png 75w, https:\/\/taftoys.vn\/wp-content\/uploads\/2024\/11\/Ki\u0301ch-thu\u031bo\u031b\u0301c-1-600x600.png 600w, https:\/\/taftoys.vn\/wp-content\/uploads\/2024\/11\/Ki\u0301ch-thu\u031bo\u031b\u0301c-1-100x100.png 100w, https:\/\/taftoys.vn\/wp-content\/uploads\/2024\/11\/Ki\u0301ch-thu\u031bo\u031b\u0301c-1.png 900w\" sizes=\"(max-width: 300px) 100vw, 300px\" \/><\/div>\n\t\t\t\t\t<div class=\"wc-block-grid__product-title\">Set 3 m\u00f3n \u0111\u1ed3 ch\u01a1i treo c\u0169i, xe \u0111\u1ea9y ph\u00e1t tri\u1ec3n v\u1eadn \u0111\u1ed9ng &#8211; Activity toys kit<\/div>\n\t\t\t\t<\/a>\n\t\t\t\t<div class=\"wc-block-grid__product-price price\"><span class=\"woocommerce-Price-amount amount\">579.000&nbsp;<span class=\"woocommerce-Price-currencySymbol\">&#8363;<\/span><\/span><\/div>\n\t\t\t\t\n\t\t\t\t<div class=\"wp-block-button wc-block-grid__product-add-to-cart\"><a href=\"\/index.php?rest_route=%2Fwp%2Fv2%2Fpages%2F491&#038;add-to-cart=282\" aria-label=\"Th\u00eam v\u00e0o gi\u1ecf h\u00e0ng: &ldquo;Set 3 m\u00f3n \u0111\u1ed3 ch\u01a1i treo c\u0169i, xe \u0111\u1ea9y ph\u00e1t tri\u1ec3n v\u1eadn \u0111\u1ed9ng - Activity toys kit&rdquo;\" data-quantity=\"1\" data-product_id=\"282\" data-product_sku=\"\" data-price=\"579000\" rel=\"nofollow\" class=\"wp-block-button__link  add_to_cart_button ajax_add_to_cart\">Th\u00eam v\u00e0o gi\u1ecf h\u00e0ng<\/a><\/div>\n\t\t\t<\/li><li class=\"wc-block-grid__product\">\n\t\t\t\t<a href=\"https:\/\/taftoys.vn\/?product=bo-do-choi-tam-bath-time-kit\" class=\"wc-block-grid__product-link\">\n\t\t\t\t\t\n\t\t\t\t\t<div class=\"wc-block-grid__product-image\"><img loading=\"lazy\" decoding=\"async\" width=\"300\" height=\"300\" src=\"https:\/\/taftoys.vn\/wp-content\/uploads\/2024\/11\/Ki\u0301ch-thu\u031bo\u031b\u0301c-300x300.png\" class=\"attachment-woocommerce_thumbnail size-woocommerce_thumbnail\" alt=\"B\u1ed9 \u0111\u1ed3 ch\u01a1i t\u1eafm - Bath-time kit\" srcset=\"https:\/\/taftoys.vn\/wp-content\/uploads\/2024\/11\/Ki\u0301ch-thu\u031bo\u031b\u0301c-300x300.png 300w, https:\/\/taftoys.vn\/wp-content\/uploads\/2024\/11\/Ki\u0301ch-thu\u031bo\u031b\u0301c-150x150.png 150w, https:\/\/taftoys.vn\/wp-content\/uploads\/2024\/11\/Ki\u0301ch-thu\u031bo\u031b\u0301c-768x768.png 768w, https:\/\/taftoys.vn\/wp-content\/uploads\/2024\/11\/Ki\u0301ch-thu\u031bo\u031b\u0301c-75x75.png 75w, https:\/\/taftoys.vn\/wp-content\/uploads\/2024\/11\/Ki\u0301ch-thu\u031bo\u031b\u0301c-600x600.png 600w, https:\/\/taftoys.vn\/wp-content\/uploads\/2024\/11\/Ki\u0301ch-thu\u031bo\u031b\u0301c-100x100.png 100w, https:\/\/taftoys.vn\/wp-content\/uploads\/2024\/11\/Ki\u0301ch-thu\u031bo\u031b\u0301c.png 900w\" sizes=\"(max-width: 300px) 100vw, 300px\" \/><\/div>\n\t\t\t\t\t<div class=\"wc-block-grid__product-title\">B\u1ed9 \u0111\u1ed3 ch\u01a1i t\u1eafm &#8211; Bath-time kit<\/div>\n\t\t\t\t<\/a>\n\t\t\t\t<div class=\"wc-block-grid__product-price price\"><span class=\"woocommerce-Price-amount amount\">725.000&nbsp;<span class=\"woocommerce-Price-currencySymbol\">&#8363;<\/span><\/span><\/div>\n\t\t\t\t\n\t\t\t\t<div class=\"wp-block-button wc-block-grid__product-add-to-cart\"><a href=\"\/index.php?rest_route=%2Fwp%2Fv2%2Fpages%2F491&#038;add-to-cart=275\" aria-label=\"Th\u00eam v\u00e0o gi\u1ecf h\u00e0ng: &ldquo;B\u1ed9 \u0111\u1ed3 ch\u01a1i t\u1eafm - Bath-time kit&rdquo;\" data-quantity=\"1\" data-product_id=\"275\" data-product_sku=\"\" data-price=\"725000\" rel=\"nofollow\" class=\"wp-block-button__link  add_to_cart_button ajax_add_to_cart\">Th\u00eam v\u00e0o gi\u1ecf h\u00e0ng<\/a><\/div>\n\t\t\t<\/li><\/ul><\/div>","protected":false},"excerpt":{"rendered":"<p>Ch\u00e0o m\u1eebng b\u1ea1n \u0111\u1ebfn v\u1edbi b\u1ed9 s\u01b0u t\u1eadp \u0111\u1ed3 d\u00f9ng tr\u1ebb em c\u1ee7a ch\u00fang t\u00f4i, \u0111\u01b0\u1ee3c thi\u1ebft k\u1ebf b\u1eb1ng t\u00ecnh y\u00eau v\u00e0 s\u1ef1 quan t\u00e2m \u0111\u1ec3 ph\u1ee5c v\u1ee5 m\u1ecdi giai \u0111o\u1ea1n trong h\u00e0nh tr\u00ecnh c\u1ee7a con b\u1ea1n. B\u1ed9 d\u1ee5ng c\u1ee5 s\u01a1 sinh c\u1ee7a ch\u00fang t\u00f4i \u0111\u00e1p \u1ee9ng nhu c\u1ea7u d\u1ecbu d\u00e0ng c\u1ee7a g\u00f3i qu\u00fd gi\u00e1 c\u1ee7a b\u1ea1n, mang \u0111\u1ebfn s\u1ef1 tho\u1ea3i m\u00e1i v\u00e0 ch\u0103m s\u00f3c c\u1ea7n thi\u1ebft cho nh\u1eefng ng\u00e0y \u0111\u1ea7u. B\u01b0\u1edbc v\u00e0o nh\u1eefng \u0111i\u1ec1u k\u1ef3 di\u1ec7u c\u1ee7a thi\u00ean nhi\u00ean v\u1edbi B\u1ed9 d\u1ee5ng c\u1ee5 ngo\u00e0i tr\u1eddi c\u1ee7a ch\u00fang t\u00f4i, \u0111\u01b0\u1ee3c thi\u1ebft k\u1ebf \u0111\u1eb7c bi\u1ec7t \u0111\u1ec3 gi\u00fap chuy\u1ebfn phi\u00eau l\u01b0u ngo\u00e0i tr\u1eddi c\u00f9ng con b\u1ea1n tr\u1edf n\u00ean d\u1ec5 d\u00e0ng. V\u00e0 khi \u0111\u1ebfn l\u00fac r\u00fac v\u00e0o v\u00e0 ch\u00ecm v\u00e0o v\u00f9ng \u0111\u1ea5t m\u1ed9ng m\u01a1, B\u1ed9 c\u00f4ng c\u1ee5 \u0111i ng\u1ee7 c\u1ee7a ch\u00fang t\u00f4i cung c\u1ea5p t\u1ea5t c\u1ea3 c\u00e1c y\u1ebfu t\u1ed1 \u00eam d\u1ecbu \u0111\u1ec3 \u0111\u1ea3m b\u1ea3o gi\u1ea5c ng\u1ee7 ngon cho b\u00e9 m\u01a1 m\u1ed9ng c\u1ee7a b\u1ea1n. Kh\u00e1m ph\u00e1 nh\u1eefng ng\u01b0\u1eddi b\u1ea1n \u0111\u1ed3ng h\u00e0nh ho\u00e0n h\u1ea3o cho s\u1ef1 ph\u00e1t tri\u1ec3n v\u00e0 h\u1ea1nh ph\u00fac c\u1ee7a b\u00e9 v\u1edbi b\u1ed9 d\u1ee5ng c\u1ee5 \u0111\u01b0\u1ee3c ch\u1ebf t\u1ea1o chu \u0111\u00e1o c\u1ee7a ch\u00fang t\u00f4i.<\/p>\n","protected":false},"author":1,"featured_media":0,"parent":0,"menu_order":0,"comment_status":"closed","ping_status":"closed","template":"","meta":{"footnotes":""},"class_list":["post-491","page","type-page","status-publish","hentry"],"_links":{"self":[{"href":"https:\/\/taftoys.vn\/index.php?rest_route=\/wp\/v2\/pages\/491","targetHints":{"allow":["GET"]}}],"collection":[{"href":"https:\/\/taftoys.vn\/index.php?rest_route=\/wp\/v2\/pages"}],"about":[{"href":"https:\/\/taftoys.vn\/index.php?rest_route=\/wp\/v2\/types\/page"}],"author":[{"embeddable":true,"href":"https:\/\/taftoys.vn\/index.php?rest_route=\/wp\/v2\/users\/1"}],"replies":[{"embeddable":true,"href":"https:\/\/taftoys.vn\/index.php?rest_route=%2Fwp%2Fv2%2Fcomments&post=491"}],"version-history":[{"count":8,"href":"https:\/\/taftoys.vn\/index.php?rest_route=\/wp\/v2\/pages\/491\/revisions"}],"predecessor-version":[{"id":580,"href":"https:\/\/taftoys.vn\/index.php?rest_route=\/wp\/v2\/pages\/491\/revisions\/580"}],"wp:attachment":[{"href":"https:\/\/taftoys.vn\/index.php?rest_route=%2Fwp%2Fv2%2Fmedia&parent=491"}],"curies":[{"name":"wp","href":"https:\/\/api.w.org\/{rel}","templated":true}]}}