{"id":492,"date":"2024-11-25T12:06:11","date_gmt":"2024-11-25T12:06:11","guid":{"rendered":"https:\/\/taftoys.vn\/?page_id=492"},"modified":"2024-11-25T16:46:07","modified_gmt":"2024-11-25T16:46:07","slug":"bang-van-dong","status":"publish","type":"page","link":"https:\/\/taftoys.vn\/?page_id=492","title":{"rendered":"B\u1ea3ng V\u1eadn \u0110\u1ed9ng"},"content":{"rendered":"<div class=\"wp-block-image\">\n<figure class=\"aligncenter size-full\"><img fetchpriority=\"high\" decoding=\"async\" width=\"1024\" height=\"400\" src=\"https:\/\/taftoys.vn\/wp-content\/uploads\/2024\/11\/Thie\u0302\u0301t-ke\u0302\u0301-chu\u031ba-co\u0301-te\u0302n-2.png\" alt=\"\" class=\"wp-image-585\" srcset=\"https:\/\/taftoys.vn\/wp-content\/uploads\/2024\/11\/Thie\u0302\u0301t-ke\u0302\u0301-chu\u031ba-co\u0301-te\u0302n-2.png 1024w, https:\/\/taftoys.vn\/wp-content\/uploads\/2024\/11\/Thie\u0302\u0301t-ke\u0302\u0301-chu\u031ba-co\u0301-te\u0302n-2-300x117.png 300w, https:\/\/taftoys.vn\/wp-content\/uploads\/2024\/11\/Thie\u0302\u0301t-ke\u0302\u0301-chu\u031ba-co\u0301-te\u0302n-2-768x300.png 768w, https:\/\/taftoys.vn\/wp-content\/uploads\/2024\/11\/Thie\u0302\u0301t-ke\u0302\u0301-chu\u031ba-co\u0301-te\u0302n-2-600x234.png 600w\" sizes=\"(max-width: 1024px) 100vw, 1024px\" \/><\/figure>\n<\/div>\n\n\n<div class=\"wp-block-columns is-layout-flex wp-container-core-columns-is-layout-9d6595d7 wp-block-columns-is-layout-flex\">\n<div class=\"wp-block-column is-layout-flow wp-block-column-is-layout-flow\" style=\"flex-basis:100%\">\n<blockquote class=\"wp-block-quote is-layout-flow wp-block-quote-is-layout-flow\">\n<p class=\"has-pale-cyan-blue-color has-text-color has-link-color wp-elements-93230ed86a34d6798db6ce145080e111\" style=\"font-size:17px\">B\u00e9 lu\u00f4n h\u00e1o h\u1ee9c kh\u00e1m ph\u00e1 v\u00e0 h\u1ecdc h\u1ecfi nh\u1eefng \u0111i\u1ec1u m\u1edbi m\u1ed7i ng\u00e0y. \u0110\u00f3 l\u00e0 l\u00fd do t\u1ea1i sao ch\u00fang t\u00f4i t\u1eadp h\u1ee3p m\u1ed9t nh\u00f3m c\u00e1c chuy\u00ean gia v\u1ec1 ph\u00e1t tri\u1ec3n v\u00e0 t\u1ea1o ra m\u1ed9t d\u00f2ng \u0111\u1ed3 ch\u01a1i c\u1ea3i ti\u1ebfn nh\u1eb1m t\u0103ng c\u01b0\u1eddng k\u1ef9 n\u0103ng v\u1eadn \u0111\u1ed9ng, nh\u1eadn th\u1ee9c v\u00e0 ch\u1ec9 s\u1ed1 IQ c\u1ea3m x\u00fac c\u1ee7a b\u00e9. M\u1ed7i m\u00f3n \u0111\u1ed3 ch\u01a1i ch\u1ee9a r\u1ea5t nhi\u1ec1u t\u00ednh n\u0103ng ph\u00f9 h\u1ee3p v\u1edbi l\u1ee9a tu\u1ed5i \u0111\u1ec3 gi\u00fap b\u00e9 n\u00e2ng cao k\u1ef9 n\u0103ng khi l\u1edbn l\u00ean. H\u00e3y s\u1eb5n s\u00e0ng \u0111\u1ec3 ng\u1ea1c nhi\u00ean tr\u01b0\u1edbc em b\u00e9 c\u1ee7a b\u1ea1n!<\/p>\n<\/blockquote>\n<\/div>\n<\/div>\n\n\n<div data-block-name=\"woocommerce\/product-category\" data-categories=\"[24]\" class=\"wc-block-grid wp-block-product-category wp-block-woocommerce-product-category wc-block-product-category has-3-columns has-multiple-rows\"><ul class=\"wc-block-grid__products\"><li class=\"wc-block-grid__product\">\n\t\t\t\t<a href=\"https:\/\/taftoys.vn\/?product=developmental-activity-center\" class=\"wc-block-grid__product-link\">\n\t\t\t\t\t\n\t\t\t\t\t<div class=\"wc-block-grid__product-image\"><img decoding=\"async\" width=\"300\" height=\"300\" src=\"https:\/\/taftoys.vn\/wp-content\/uploads\/2024\/11\/Ki\u0301ch-thu\u031bo\u031b\u0301c-14-300x300.png\" class=\"attachment-woocommerce_thumbnail size-woocommerce_thumbnail\" alt=\"Developmental Activity center\" srcset=\"https:\/\/taftoys.vn\/wp-content\/uploads\/2024\/11\/Ki\u0301ch-thu\u031bo\u031b\u0301c-14-300x300.png 300w, https:\/\/taftoys.vn\/wp-content\/uploads\/2024\/11\/Ki\u0301ch-thu\u031bo\u031b\u0301c-14-150x150.png 150w, https:\/\/taftoys.vn\/wp-content\/uploads\/2024\/11\/Ki\u0301ch-thu\u031bo\u031b\u0301c-14-768x768.png 768w, https:\/\/taftoys.vn\/wp-content\/uploads\/2024\/11\/Ki\u0301ch-thu\u031bo\u031b\u0301c-14-75x75.png 75w, https:\/\/taftoys.vn\/wp-content\/uploads\/2024\/11\/Ki\u0301ch-thu\u031bo\u031b\u0301c-14-600x600.png 600w, https:\/\/taftoys.vn\/wp-content\/uploads\/2024\/11\/Ki\u0301ch-thu\u031bo\u031b\u0301c-14-100x100.png 100w, https:\/\/taftoys.vn\/wp-content\/uploads\/2024\/11\/Ki\u0301ch-thu\u031bo\u031b\u0301c-14.png 900w\" sizes=\"(max-width: 300px) 100vw, 300px\" \/><\/div>\n\t\t\t\t\t<div class=\"wc-block-grid__product-title\">Developmental Activity center<\/div>\n\t\t\t\t<\/a>\n\t\t\t\t<div class=\"wc-block-grid__product-price price\"><span class=\"woocommerce-Price-amount amount\">899.000&nbsp;<span class=\"woocommerce-Price-currencySymbol\">&#8363;<\/span><\/span><\/div>\n\t\t\t\t\n\t\t\t\t<div class=\"wp-block-button wc-block-grid__product-add-to-cart\"><a href=\"\/index.php?rest_route=%2Fwp%2Fv2%2Fpages%2F492&#038;add-to-cart=410\" aria-label=\"Th\u00eam v\u00e0o gi\u1ecf h\u00e0ng: &ldquo;Developmental Activity center&rdquo;\" data-quantity=\"1\" data-product_id=\"410\" data-product_sku=\"\" data-price=\"899000\" rel=\"nofollow\" class=\"wp-block-button__link  add_to_cart_button ajax_add_to_cart\">Th\u00eam v\u00e0o gi\u1ecf h\u00e0ng<\/a><\/div>\n\t\t\t<\/li><li class=\"wc-block-grid__product\">\n\t\t\t\t<a href=\"https:\/\/taftoys.vn\/?product=activity-buckles-board\" class=\"wc-block-grid__product-link\">\n\t\t\t\t\t\n\t\t\t\t\t<div class=\"wc-block-grid__product-image\"><img decoding=\"async\" width=\"300\" height=\"300\" src=\"https:\/\/taftoys.vn\/wp-content\/uploads\/2024\/11\/Ki\u0301ch-thu\u031bo\u031b\u0301c-13-300x300.png\" class=\"attachment-woocommerce_thumbnail size-woocommerce_thumbnail\" alt=\"Activity buckles board\" srcset=\"https:\/\/taftoys.vn\/wp-content\/uploads\/2024\/11\/Ki\u0301ch-thu\u031bo\u031b\u0301c-13-300x300.png 300w, https:\/\/taftoys.vn\/wp-content\/uploads\/2024\/11\/Ki\u0301ch-thu\u031bo\u031b\u0301c-13-150x150.png 150w, https:\/\/taftoys.vn\/wp-content\/uploads\/2024\/11\/Ki\u0301ch-thu\u031bo\u031b\u0301c-13-768x768.png 768w, https:\/\/taftoys.vn\/wp-content\/uploads\/2024\/11\/Ki\u0301ch-thu\u031bo\u031b\u0301c-13-75x75.png 75w, https:\/\/taftoys.vn\/wp-content\/uploads\/2024\/11\/Ki\u0301ch-thu\u031bo\u031b\u0301c-13-600x600.png 600w, https:\/\/taftoys.vn\/wp-content\/uploads\/2024\/11\/Ki\u0301ch-thu\u031bo\u031b\u0301c-13-100x100.png 100w, https:\/\/taftoys.vn\/wp-content\/uploads\/2024\/11\/Ki\u0301ch-thu\u031bo\u031b\u0301c-13.png 900w\" sizes=\"(max-width: 300px) 100vw, 300px\" \/><\/div>\n\t\t\t\t\t<div class=\"wc-block-grid__product-title\">Activity buckles board<\/div>\n\t\t\t\t<\/a>\n\t\t\t\t<div class=\"wc-block-grid__product-price price\"><span class=\"woocommerce-Price-amount amount\">499.000&nbsp;<span class=\"woocommerce-Price-currencySymbol\">&#8363;<\/span><\/span><\/div>\n\t\t\t\t\n\t\t\t\t<div class=\"wp-block-button wc-block-grid__product-add-to-cart\"><a href=\"\/index.php?rest_route=%2Fwp%2Fv2%2Fpages%2F492&#038;add-to-cart=401\" aria-label=\"Th\u00eam v\u00e0o gi\u1ecf h\u00e0ng: &ldquo;Activity buckles board&rdquo;\" data-quantity=\"1\" data-product_id=\"401\" data-product_sku=\"\" data-price=\"499000\" rel=\"nofollow\" class=\"wp-block-button__link  add_to_cart_button ajax_add_to_cart\">Th\u00eam v\u00e0o gi\u1ecf h\u00e0ng<\/a><\/div>\n\t\t\t<\/li><li class=\"wc-block-grid__product\">\n\t\t\t\t<a href=\"https:\/\/taftoys.vn\/?product=sach-vai-kiem-bang-hoat-dong-phat-trien-ky-nang-quiet-busy-book\" class=\"wc-block-grid__product-link\">\n\t\t\t\t\t\n\t\t\t\t\t<div class=\"wc-block-grid__product-image\"><img loading=\"lazy\" decoding=\"async\" width=\"300\" height=\"300\" src=\"https:\/\/taftoys.vn\/wp-content\/uploads\/2024\/11\/Thiet-ke-chua-co-ten-6-300x300.png\" class=\"attachment-woocommerce_thumbnail size-woocommerce_thumbnail\" alt=\"S\u00e1ch v\u1ea3i ki\u00eam b\u1ea3ng ho\u1ea1t \u0111\u1ed9ng ph\u00e1t tri\u1ec3n k\u1ef9 n\u0103ng - Quiet Busy Book\" srcset=\"https:\/\/taftoys.vn\/wp-content\/uploads\/2024\/11\/Thiet-ke-chua-co-ten-6-300x300.png 300w, https:\/\/taftoys.vn\/wp-content\/uploads\/2024\/11\/Thiet-ke-chua-co-ten-6-150x150.png 150w, https:\/\/taftoys.vn\/wp-content\/uploads\/2024\/11\/Thiet-ke-chua-co-ten-6-768x768.png 768w, https:\/\/taftoys.vn\/wp-content\/uploads\/2024\/11\/Thiet-ke-chua-co-ten-6-75x75.png 75w, https:\/\/taftoys.vn\/wp-content\/uploads\/2024\/11\/Thiet-ke-chua-co-ten-6-600x600.png 600w, https:\/\/taftoys.vn\/wp-content\/uploads\/2024\/11\/Thiet-ke-chua-co-ten-6-100x100.png 100w, https:\/\/taftoys.vn\/wp-content\/uploads\/2024\/11\/Thiet-ke-chua-co-ten-6.png 900w\" sizes=\"(max-width: 300px) 100vw, 300px\" \/><\/div>\n\t\t\t\t\t<div class=\"wc-block-grid__product-title\">S\u00e1ch v\u1ea3i ki\u00eam b\u1ea3ng ho\u1ea1t \u0111\u1ed9ng ph\u00e1t tri\u1ec3n k\u1ef9 n\u0103ng &#8211; Quiet Busy Book<\/div>\n\t\t\t\t<\/a>\n\t\t\t\t<div class=\"wc-block-grid__product-price price\"><span class=\"woocommerce-Price-amount amount\">650.000&nbsp;<span class=\"woocommerce-Price-currencySymbol\">&#8363;<\/span><\/span><\/div>\n\t\t\t\t\n\t\t\t\t<div class=\"wp-block-button wc-block-grid__product-add-to-cart\"><a href=\"\/index.php?rest_route=%2Fwp%2Fv2%2Fpages%2F492&#038;add-to-cart=309\" aria-label=\"Th\u00eam v\u00e0o gi\u1ecf h\u00e0ng: &ldquo;S\u00e1ch v\u1ea3i ki\u00eam b\u1ea3ng ho\u1ea1t \u0111\u1ed9ng ph\u00e1t tri\u1ec3n k\u1ef9 n\u0103ng - Quiet Busy Book&rdquo;\" data-quantity=\"1\" data-product_id=\"309\" data-product_sku=\"\" data-price=\"650000\" rel=\"nofollow\" class=\"wp-block-button__link  add_to_cart_button ajax_add_to_cart\">Th\u00eam v\u00e0o gi\u1ecf h\u00e0ng<\/a><\/div>\n\t\t\t<\/li><\/ul><\/div>","protected":false},"excerpt":{"rendered":"<p>B\u00e9 lu\u00f4n h\u00e1o h\u1ee9c kh\u00e1m ph\u00e1 v\u00e0 h\u1ecdc h\u1ecfi nh\u1eefng \u0111i\u1ec1u m\u1edbi m\u1ed7i ng\u00e0y. \u0110\u00f3 l\u00e0 l\u00fd do t\u1ea1i sao ch\u00fang t\u00f4i t\u1eadp h\u1ee3p m\u1ed9t nh\u00f3m c\u00e1c chuy\u00ean gia v\u1ec1 ph\u00e1t tri\u1ec3n v\u00e0 t\u1ea1o ra m\u1ed9t d\u00f2ng \u0111\u1ed3 ch\u01a1i c\u1ea3i ti\u1ebfn nh\u1eb1m t\u0103ng c\u01b0\u1eddng k\u1ef9 n\u0103ng v\u1eadn \u0111\u1ed9ng, nh\u1eadn th\u1ee9c v\u00e0 ch\u1ec9 s\u1ed1 IQ c\u1ea3m x\u00fac c\u1ee7a b\u00e9. M\u1ed7i m\u00f3n \u0111\u1ed3 ch\u01a1i ch\u1ee9a r\u1ea5t nhi\u1ec1u t\u00ednh n\u0103ng ph\u00f9 h\u1ee3p v\u1edbi l\u1ee9a tu\u1ed5i \u0111\u1ec3 gi\u00fap b\u00e9 n\u00e2ng cao k\u1ef9 n\u0103ng khi l\u1edbn l\u00ean. H\u00e3y s\u1eb5n s\u00e0ng \u0111\u1ec3 ng\u1ea1c nhi\u00ean tr\u01b0\u1edbc em b\u00e9 c\u1ee7a b\u1ea1n!<\/p>\n","protected":false},"author":1,"featured_media":0,"parent":0,"menu_order":0,"comment_status":"closed","ping_status":"closed","template":"","meta":{"footnotes":""},"class_list":["post-492","page","type-page","status-publish","hentry"],"_links":{"self":[{"href":"https:\/\/taftoys.vn\/index.php?rest_route=\/wp\/v2\/pages\/492","targetHints":{"allow":["GET"]}}],"collection":[{"href":"https:\/\/taftoys.vn\/index.php?rest_route=\/wp\/v2\/pages"}],"about":[{"href":"https:\/\/taftoys.vn\/index.php?rest_route=\/wp\/v2\/types\/page"}],"author":[{"embeddable":true,"href":"https:\/\/taftoys.vn\/index.php?rest_route=\/wp\/v2\/users\/1"}],"replies":[{"embeddable":true,"href":"https:\/\/taftoys.vn\/index.php?rest_route=%2Fwp%2Fv2%2Fcomments&post=492"}],"version-history":[{"count":3,"href":"https:\/\/taftoys.vn\/index.php?rest_route=\/wp\/v2\/pages\/492\/revisions"}],"predecessor-version":[{"id":586,"href":"https:\/\/taftoys.vn\/index.php?rest_route=\/wp\/v2\/pages\/492\/revisions\/586"}],"wp:attachment":[{"href":"https:\/\/taftoys.vn\/index.php?rest_route=%2Fwp%2Fv2%2Fmedia&parent=492"}],"curies":[{"name":"wp","href":"https:\/\/api.w.org\/{rel}","templated":true}]}}