{"id":493,"date":"2024-11-25T12:06:11","date_gmt":"2024-11-25T12:06:11","guid":{"rendered":"https:\/\/taftoys.vn\/?page_id=493"},"modified":"2024-11-28T07:09:33","modified_gmt":"2024-11-28T07:09:33","slug":"gam-nuou-2","status":"publish","type":"page","link":"https:\/\/taftoys.vn\/?page_id=493","title":{"rendered":"G\u1eb7m N\u01b0\u1edbu"},"content":{"rendered":"<div class=\"wp-block-image\">\n<figure class=\"aligncenter size-full\"><img fetchpriority=\"high\" decoding=\"async\" width=\"1024\" height=\"400\" src=\"https:\/\/taftoys.vn\/wp-content\/uploads\/2024\/11\/Thie\u0302\u0301t-ke\u0302\u0301-chu\u031ba-co\u0301-te\u0302n-3.png\" alt=\"\" class=\"wp-image-587\" srcset=\"https:\/\/taftoys.vn\/wp-content\/uploads\/2024\/11\/Thie\u0302\u0301t-ke\u0302\u0301-chu\u031ba-co\u0301-te\u0302n-3.png 1024w, https:\/\/taftoys.vn\/wp-content\/uploads\/2024\/11\/Thie\u0302\u0301t-ke\u0302\u0301-chu\u031ba-co\u0301-te\u0302n-3-300x117.png 300w, https:\/\/taftoys.vn\/wp-content\/uploads\/2024\/11\/Thie\u0302\u0301t-ke\u0302\u0301-chu\u031ba-co\u0301-te\u0302n-3-768x300.png 768w, https:\/\/taftoys.vn\/wp-content\/uploads\/2024\/11\/Thie\u0302\u0301t-ke\u0302\u0301-chu\u031ba-co\u0301-te\u0302n-3-600x234.png 600w\" sizes=\"(max-width: 1024px) 100vw, 1024px\" \/><\/figure>\n<\/div>\n\n\n<div class=\"wp-block-columns is-layout-flex wp-container-core-columns-is-layout-9d6595d7 wp-block-columns-is-layout-flex\">\n<div class=\"wp-block-column is-layout-flow wp-block-column-is-layout-flow\" style=\"flex-basis:100%\">\n<blockquote class=\"wp-block-quote is-layout-flow wp-block-quote-is-layout-flow\">\n<p class=\"has-pale-cyan-blue-color has-text-color has-link-color wp-elements-f461907acda775ae938684f853410442\" id=\"tw-target-text\" style=\"font-size:17px\">L\u00e0m vi\u1ec7c ch\u1eb7t ch\u1ebd v\u1edbi nhi\u1ec1u gia \u0111\u00ecnh trong nhi\u1ec1u n\u0103m, t\u00f4i th\u1ea5y r\u00f5 r\u1eb1ng m\u1eb7c d\u00f9 l\u00e0m cha m\u1eb9 l\u00e0 m\u1ed9t tr\u1ea3i nghi\u1ec7m tuy\u1ec7t v\u1eddi nh\u01b0ng kh\u00f4ng ph\u1ea3i kh\u00f4ng c\u00f3 kh\u00f3 kh\u0103n.\nDo \u0111\u00f3, t\u1ea1i Taf Toys, ch\u00fang t\u00f4i t\u1eadp trung h\u1ed7 tr\u1ee3 nh\u1eefng th\u1eddi \u0111i\u1ec3m th\u1eed th\u00e1ch n\u00e0y, cung c\u1ea5p nhi\u1ec1u s\u1ea3n ph\u1ea9m nh\u1eb1m \u0111\u00e1p \u1ee9ng nhu c\u1ea7u c\u1ee7a tr\u1ebb s\u01a1 sinh v\u00e0 cha m\u1eb9, gi\u00fap c\u1ea3 hai th\u1ef1c hi\u1ec7n c\u00e1c th\u00f3i quen h\u00e0ng ng\u00e0y v\u1edbi ni\u1ec1m vui, t\u00ecnh y\u00eau v\u00e0 s\u1ef1 quan t\u00e2m l\u00e0m n\u1ec1n t\u1ea3ng cho chi\u1ebfn l\u01b0\u1ee3c Nu\u00f4i d\u1ea1y con d\u1ec5 d\u00e0ng h\u01a1n c\u1ee7a ch\u00fang t\u00f4i.<\/p>\n<\/blockquote>\n<\/div>\n<\/div>\n\n\n<div data-block-name=\"woocommerce\/product-category\" data-categories=\"[22]\" class=\"wc-block-grid wp-block-product-category wp-block-woocommerce-product-category wc-block-product-category has-3-columns has-multiple-rows\"><ul class=\"wc-block-grid__products\"><li class=\"wc-block-grid__product\">\n\t\t\t\t<a href=\"https:\/\/taftoys.vn\/?product=gam-nuou-hinh-mat-trang-mini-moon-rattle\" class=\"wc-block-grid__product-link\">\n\t\t\t\t\t\n\t\t\t\t\t<div class=\"wc-block-grid__product-image\"><img decoding=\"async\" width=\"300\" height=\"300\" src=\"https:\/\/taftoys.vn\/wp-content\/uploads\/2024\/11\/Ki\u0301ch-thu\u031bo\u031b\u0301c-29-300x300.png\" class=\"attachment-woocommerce_thumbnail size-woocommerce_thumbnail\" alt=\"G\u1eb7m n\u01b0\u1edbu h\u00ecnh m\u1eb7t tr\u0103ng - Mini Moon Rattle\" srcset=\"https:\/\/taftoys.vn\/wp-content\/uploads\/2024\/11\/Ki\u0301ch-thu\u031bo\u031b\u0301c-29-300x300.png 300w, https:\/\/taftoys.vn\/wp-content\/uploads\/2024\/11\/Ki\u0301ch-thu\u031bo\u031b\u0301c-29-150x150.png 150w, https:\/\/taftoys.vn\/wp-content\/uploads\/2024\/11\/Ki\u0301ch-thu\u031bo\u031b\u0301c-29-768x768.png 768w, https:\/\/taftoys.vn\/wp-content\/uploads\/2024\/11\/Ki\u0301ch-thu\u031bo\u031b\u0301c-29-75x75.png 75w, https:\/\/taftoys.vn\/wp-content\/uploads\/2024\/11\/Ki\u0301ch-thu\u031bo\u031b\u0301c-29-600x600.png 600w, https:\/\/taftoys.vn\/wp-content\/uploads\/2024\/11\/Ki\u0301ch-thu\u031bo\u031b\u0301c-29-100x100.png 100w, https:\/\/taftoys.vn\/wp-content\/uploads\/2024\/11\/Ki\u0301ch-thu\u031bo\u031b\u0301c-29.png 900w\" sizes=\"(max-width: 300px) 100vw, 300px\" \/><\/div>\n\t\t\t\t\t<div class=\"wc-block-grid__product-title\">G\u1eb7m n\u01b0\u1edbu h\u00ecnh m\u1eb7t tr\u0103ng &#8211; Mini Moon Rattle<\/div>\n\t\t\t\t<\/a>\n\t\t\t\t<div class=\"wc-block-grid__product-price price\"><span class=\"woocommerce-Price-amount amount\">165.000&nbsp;<span class=\"woocommerce-Price-currencySymbol\">&#8363;<\/span><\/span><\/div>\n\t\t\t\t\n\t\t\t\t<div class=\"wp-block-button wc-block-grid__product-add-to-cart\"><a href=\"\/index.php?rest_route=%2Fwp%2Fv2%2Fpages%2F493&#038;add-to-cart=690\" aria-label=\"Th\u00eam v\u00e0o gi\u1ecf h\u00e0ng: &ldquo;G\u1eb7m n\u01b0\u1edbu h\u00ecnh m\u1eb7t tr\u0103ng - Mini Moon Rattle&rdquo;\" data-quantity=\"1\" data-product_id=\"690\" data-product_sku=\"\" data-price=\"165000\" rel=\"nofollow\" class=\"wp-block-button__link  add_to_cart_button ajax_add_to_cart\">Th\u00eam v\u00e0o gi\u1ecf h\u00e0ng<\/a><\/div>\n\t\t\t<\/li><li class=\"wc-block-grid__product\">\n\t\t\t\t<a href=\"https:\/\/taftoys.vn\/?product=gam-nuou-xuc-xac-taf-toys-hinh-chu-ga-cheekychick-rattle\" class=\"wc-block-grid__product-link\">\n\t\t\t\t\t\n\t\t\t\t\t<div class=\"wc-block-grid__product-image\"><img decoding=\"async\" width=\"300\" height=\"300\" src=\"https:\/\/taftoys.vn\/wp-content\/uploads\/2024\/11\/Ki\u0301ch-thu\u031bo\u031b\u0301c-28-300x300.png\" class=\"attachment-woocommerce_thumbnail size-woocommerce_thumbnail\" alt=\"G\u1eb7m n\u01b0\u1edbu x\u00fac x\u1eafc Taf Toys h\u00ecnh ch\u00fa g\u00e0 - CheekyChick Rattle\" srcset=\"https:\/\/taftoys.vn\/wp-content\/uploads\/2024\/11\/Ki\u0301ch-thu\u031bo\u031b\u0301c-28-300x300.png 300w, https:\/\/taftoys.vn\/wp-content\/uploads\/2024\/11\/Ki\u0301ch-thu\u031bo\u031b\u0301c-28-150x150.png 150w, https:\/\/taftoys.vn\/wp-content\/uploads\/2024\/11\/Ki\u0301ch-thu\u031bo\u031b\u0301c-28-768x768.png 768w, https:\/\/taftoys.vn\/wp-content\/uploads\/2024\/11\/Ki\u0301ch-thu\u031bo\u031b\u0301c-28-75x75.png 75w, https:\/\/taftoys.vn\/wp-content\/uploads\/2024\/11\/Ki\u0301ch-thu\u031bo\u031b\u0301c-28-600x600.png 600w, https:\/\/taftoys.vn\/wp-content\/uploads\/2024\/11\/Ki\u0301ch-thu\u031bo\u031b\u0301c-28-100x100.png 100w, https:\/\/taftoys.vn\/wp-content\/uploads\/2024\/11\/Ki\u0301ch-thu\u031bo\u031b\u0301c-28.png 900w\" sizes=\"(max-width: 300px) 100vw, 300px\" \/><\/div>\n\t\t\t\t\t<div class=\"wc-block-grid__product-title\">G\u1eb7m n\u01b0\u1edbu x\u00fac x\u1eafc Taf Toys h\u00ecnh ch\u00fa g\u00e0 &#8211; CheekyChick Rattle<\/div>\n\t\t\t\t<\/a>\n\t\t\t\t<div class=\"wc-block-grid__product-price price\"><span class=\"woocommerce-Price-amount amount\">165.000&nbsp;<span class=\"woocommerce-Price-currencySymbol\">&#8363;<\/span><\/span><\/div>\n\t\t\t\t\n\t\t\t\t<div class=\"wp-block-button wc-block-grid__product-add-to-cart\"><a href=\"\/index.php?rest_route=%2Fwp%2Fv2%2Fpages%2F493&#038;add-to-cart=684\" aria-label=\"Th\u00eam v\u00e0o gi\u1ecf h\u00e0ng: &ldquo;G\u1eb7m n\u01b0\u1edbu x\u00fac x\u1eafc Taf Toys h\u00ecnh ch\u00fa g\u00e0 - CheekyChick Rattle&rdquo;\" data-quantity=\"1\" data-product_id=\"684\" data-product_sku=\"\" data-price=\"165000\" rel=\"nofollow\" class=\"wp-block-button__link  add_to_cart_button ajax_add_to_cart\">Th\u00eam v\u00e0o gi\u1ecf h\u00e0ng<\/a><\/div>\n\t\t\t<\/li><li class=\"wc-block-grid__product\">\n\t\t\t\t<a href=\"https:\/\/taftoys.vn\/?product=gam-nuou-xuc-xac-hinh-may-cheerful-cloud-rattle\" class=\"wc-block-grid__product-link\">\n\t\t\t\t\t\n\t\t\t\t\t<div class=\"wc-block-grid__product-image\"><img loading=\"lazy\" decoding=\"async\" width=\"300\" height=\"300\" src=\"https:\/\/taftoys.vn\/wp-content\/uploads\/2024\/11\/Ki\u0301ch-thu\u031bo\u031b\u0301c-27-300x300.png\" class=\"attachment-woocommerce_thumbnail size-woocommerce_thumbnail\" alt=\"G\u1eb7m n\u01b0\u1edbu x\u00fac x\u1eafc h\u00ecnh m\u00e2y Cheerful Cloud Rattle\" srcset=\"https:\/\/taftoys.vn\/wp-content\/uploads\/2024\/11\/Ki\u0301ch-thu\u031bo\u031b\u0301c-27-300x300.png 300w, https:\/\/taftoys.vn\/wp-content\/uploads\/2024\/11\/Ki\u0301ch-thu\u031bo\u031b\u0301c-27-150x150.png 150w, https:\/\/taftoys.vn\/wp-content\/uploads\/2024\/11\/Ki\u0301ch-thu\u031bo\u031b\u0301c-27-768x768.png 768w, https:\/\/taftoys.vn\/wp-content\/uploads\/2024\/11\/Ki\u0301ch-thu\u031bo\u031b\u0301c-27-75x75.png 75w, https:\/\/taftoys.vn\/wp-content\/uploads\/2024\/11\/Ki\u0301ch-thu\u031bo\u031b\u0301c-27-600x600.png 600w, https:\/\/taftoys.vn\/wp-content\/uploads\/2024\/11\/Ki\u0301ch-thu\u031bo\u031b\u0301c-27-100x100.png 100w, https:\/\/taftoys.vn\/wp-content\/uploads\/2024\/11\/Ki\u0301ch-thu\u031bo\u031b\u0301c-27.png 900w\" sizes=\"(max-width: 300px) 100vw, 300px\" \/><\/div>\n\t\t\t\t\t<div class=\"wc-block-grid__product-title\">G\u1eb7m n\u01b0\u1edbu x\u00fac x\u1eafc h\u00ecnh m\u00e2y Cheerful Cloud Rattle<\/div>\n\t\t\t\t<\/a>\n\t\t\t\t<div class=\"wc-block-grid__product-price price\"><span class=\"woocommerce-Price-amount amount\">165.000&nbsp;<span class=\"woocommerce-Price-currencySymbol\">&#8363;<\/span><\/span><\/div>\n\t\t\t\t\n\t\t\t\t<div class=\"wp-block-button wc-block-grid__product-add-to-cart\"><a href=\"\/index.php?rest_route=%2Fwp%2Fv2%2Fpages%2F493&#038;add-to-cart=677\" aria-label=\"Th\u00eam v\u00e0o gi\u1ecf h\u00e0ng: &ldquo;G\u1eb7m n\u01b0\u1edbu x\u00fac x\u1eafc h\u00ecnh m\u00e2y Cheerful Cloud Rattle&rdquo;\" data-quantity=\"1\" data-product_id=\"677\" data-product_sku=\"\" data-price=\"165000\" rel=\"nofollow\" class=\"wp-block-button__link  add_to_cart_button ajax_add_to_cart\">Th\u00eam v\u00e0o gi\u1ecf h\u00e0ng<\/a><\/div>\n\t\t\t<\/li><li class=\"wc-block-grid__product\">\n\t\t\t\t<a href=\"https:\/\/taftoys.vn\/?product=gam-nuou-hinh-chu-koala-koala-kimmy-koala-rattle\" class=\"wc-block-grid__product-link\">\n\t\t\t\t\t\n\t\t\t\t\t<div class=\"wc-block-grid__product-image\"><img loading=\"lazy\" decoding=\"async\" width=\"300\" height=\"300\" src=\"https:\/\/taftoys.vn\/wp-content\/uploads\/2024\/11\/Ki\u0301ch-thu\u031bo\u031b\u0301c-26-300x300.png\" class=\"attachment-woocommerce_thumbnail size-woocommerce_thumbnail\" alt=\"G\u1eb7m n\u01b0\u1edbu h\u00ecnh ch\u00fa Koala - Koala Kimmy koala rattle\" srcset=\"https:\/\/taftoys.vn\/wp-content\/uploads\/2024\/11\/Ki\u0301ch-thu\u031bo\u031b\u0301c-26-300x300.png 300w, https:\/\/taftoys.vn\/wp-content\/uploads\/2024\/11\/Ki\u0301ch-thu\u031bo\u031b\u0301c-26-150x150.png 150w, https:\/\/taftoys.vn\/wp-content\/uploads\/2024\/11\/Ki\u0301ch-thu\u031bo\u031b\u0301c-26-768x768.png 768w, https:\/\/taftoys.vn\/wp-content\/uploads\/2024\/11\/Ki\u0301ch-thu\u031bo\u031b\u0301c-26-75x75.png 75w, https:\/\/taftoys.vn\/wp-content\/uploads\/2024\/11\/Ki\u0301ch-thu\u031bo\u031b\u0301c-26-600x600.png 600w, https:\/\/taftoys.vn\/wp-content\/uploads\/2024\/11\/Ki\u0301ch-thu\u031bo\u031b\u0301c-26-100x100.png 100w, https:\/\/taftoys.vn\/wp-content\/uploads\/2024\/11\/Ki\u0301ch-thu\u031bo\u031b\u0301c-26.png 900w\" sizes=\"(max-width: 300px) 100vw, 300px\" \/><\/div>\n\t\t\t\t\t<div class=\"wc-block-grid__product-title\">G\u1eb7m n\u01b0\u1edbu h\u00ecnh ch\u00fa Koala &#8211; Koala Kimmy koala rattle<\/div>\n\t\t\t\t<\/a>\n\t\t\t\t<div class=\"wc-block-grid__product-price price\"><span class=\"woocommerce-Price-amount amount\">165.000&nbsp;<span class=\"woocommerce-Price-currencySymbol\">&#8363;<\/span><\/span><\/div>\n\t\t\t\t\n\t\t\t\t<div class=\"wp-block-button wc-block-grid__product-add-to-cart\"><a href=\"\/index.php?rest_route=%2Fwp%2Fv2%2Fpages%2F493&#038;add-to-cart=674\" aria-label=\"Th\u00eam v\u00e0o gi\u1ecf h\u00e0ng: &ldquo;G\u1eb7m n\u01b0\u1edbu h\u00ecnh ch\u00fa Koala - Koala Kimmy koala rattle&rdquo;\" data-quantity=\"1\" data-product_id=\"674\" data-product_sku=\"\" data-price=\"165000\" rel=\"nofollow\" class=\"wp-block-button__link  add_to_cart_button ajax_add_to_cart\">Th\u00eam v\u00e0o gi\u1ecf h\u00e0ng<\/a><\/div>\n\t\t\t<\/li><li class=\"wc-block-grid__product\">\n\t\t\t\t<a href=\"https:\/\/taftoys.vn\/?product=do-choi-xuc-xac-hinh-chu-koala-koala-rainstick\" class=\"wc-block-grid__product-link\">\n\t\t\t\t\t\n\t\t\t\t\t<div class=\"wc-block-grid__product-image\"><img loading=\"lazy\" decoding=\"async\" width=\"300\" height=\"300\" src=\"https:\/\/taftoys.vn\/wp-content\/uploads\/2024\/11\/Ki\u0301ch-thu\u031bo\u031b\u0301c-25-300x300.png\" class=\"attachment-woocommerce_thumbnail size-woocommerce_thumbnail\" alt=\"\u0110\u1ed3 ch\u01a1i x\u00fac x\u1eafc h\u00ecnh ch\u00fa Koala - Koala Rainstick\" srcset=\"https:\/\/taftoys.vn\/wp-content\/uploads\/2024\/11\/Ki\u0301ch-thu\u031bo\u031b\u0301c-25-300x300.png 300w, https:\/\/taftoys.vn\/wp-content\/uploads\/2024\/11\/Ki\u0301ch-thu\u031bo\u031b\u0301c-25-150x150.png 150w, https:\/\/taftoys.vn\/wp-content\/uploads\/2024\/11\/Ki\u0301ch-thu\u031bo\u031b\u0301c-25-768x768.png 768w, https:\/\/taftoys.vn\/wp-content\/uploads\/2024\/11\/Ki\u0301ch-thu\u031bo\u031b\u0301c-25-75x75.png 75w, https:\/\/taftoys.vn\/wp-content\/uploads\/2024\/11\/Ki\u0301ch-thu\u031bo\u031b\u0301c-25-600x600.png 600w, https:\/\/taftoys.vn\/wp-content\/uploads\/2024\/11\/Ki\u0301ch-thu\u031bo\u031b\u0301c-25-100x100.png 100w, https:\/\/taftoys.vn\/wp-content\/uploads\/2024\/11\/Ki\u0301ch-thu\u031bo\u031b\u0301c-25.png 900w\" sizes=\"(max-width: 300px) 100vw, 300px\" \/><\/div>\n\t\t\t\t\t<div class=\"wc-block-grid__product-title\">\u0110\u1ed3 ch\u01a1i x\u00fac x\u1eafc h\u00ecnh ch\u00fa Koala &#8211; Koala Rainstick<\/div>\n\t\t\t\t<\/a>\n\t\t\t\t<div class=\"wc-block-grid__product-price price\"><span class=\"woocommerce-Price-amount amount\">250.000&nbsp;<span class=\"woocommerce-Price-currencySymbol\">&#8363;<\/span><\/span><\/div>\n\t\t\t\t\n\t\t\t\t<div class=\"wp-block-button wc-block-grid__product-add-to-cart\"><a href=\"\/index.php?rest_route=%2Fwp%2Fv2%2Fpages%2F493&#038;add-to-cart=662\" aria-label=\"Th\u00eam v\u00e0o gi\u1ecf h\u00e0ng: &ldquo;\u0110\u1ed3 ch\u01a1i x\u00fac x\u1eafc h\u00ecnh ch\u00fa Koala - Koala Rainstick&rdquo;\" data-quantity=\"1\" data-product_id=\"662\" data-product_sku=\"\" data-price=\"250000\" rel=\"nofollow\" class=\"wp-block-button__link  add_to_cart_button ajax_add_to_cart\">Th\u00eam v\u00e0o gi\u1ecf h\u00e0ng<\/a><\/div>\n\t\t\t<\/li><li class=\"wc-block-grid__product\">\n\t\t\t\t<a href=\"https:\/\/taftoys.vn\/?product=do-choi-xuc-xac-hinh-ngoi-sao-star-rainstick\" class=\"wc-block-grid__product-link\">\n\t\t\t\t\t\n\t\t\t\t\t<div class=\"wc-block-grid__product-image\"><img loading=\"lazy\" decoding=\"async\" width=\"300\" height=\"300\" src=\"https:\/\/taftoys.vn\/wp-content\/uploads\/2024\/11\/Ki\u0301ch-thu\u031bo\u031b\u0301c-24-300x300.png\" class=\"attachment-woocommerce_thumbnail size-woocommerce_thumbnail\" alt=\"\u0110\u1ed3 ch\u01a1i x\u00fac x\u1eafc h\u00ecnh ng\u00f4i sao - Star Rainstick\" srcset=\"https:\/\/taftoys.vn\/wp-content\/uploads\/2024\/11\/Ki\u0301ch-thu\u031bo\u031b\u0301c-24-300x300.png 300w, https:\/\/taftoys.vn\/wp-content\/uploads\/2024\/11\/Ki\u0301ch-thu\u031bo\u031b\u0301c-24-150x150.png 150w, https:\/\/taftoys.vn\/wp-content\/uploads\/2024\/11\/Ki\u0301ch-thu\u031bo\u031b\u0301c-24-768x768.png 768w, https:\/\/taftoys.vn\/wp-content\/uploads\/2024\/11\/Ki\u0301ch-thu\u031bo\u031b\u0301c-24-75x75.png 75w, https:\/\/taftoys.vn\/wp-content\/uploads\/2024\/11\/Ki\u0301ch-thu\u031bo\u031b\u0301c-24-600x600.png 600w, https:\/\/taftoys.vn\/wp-content\/uploads\/2024\/11\/Ki\u0301ch-thu\u031bo\u031b\u0301c-24-100x100.png 100w, https:\/\/taftoys.vn\/wp-content\/uploads\/2024\/11\/Ki\u0301ch-thu\u031bo\u031b\u0301c-24.png 900w\" sizes=\"(max-width: 300px) 100vw, 300px\" \/><\/div>\n\t\t\t\t\t<div class=\"wc-block-grid__product-title\">\u0110\u1ed3 ch\u01a1i x\u00fac x\u1eafc h\u00ecnh ng\u00f4i sao &#8211; Star Rainstick<\/div>\n\t\t\t\t<\/a>\n\t\t\t\t<div class=\"wc-block-grid__product-price price\"><span class=\"woocommerce-Price-amount amount\">250.000&nbsp;<span class=\"woocommerce-Price-currencySymbol\">&#8363;<\/span><\/span><\/div>\n\t\t\t\t\n\t\t\t\t<div class=\"wp-block-button wc-block-grid__product-add-to-cart\"><a href=\"\/index.php?rest_route=%2Fwp%2Fv2%2Fpages%2F493&#038;add-to-cart=655\" aria-label=\"Th\u00eam v\u00e0o gi\u1ecf h\u00e0ng: &ldquo;\u0110\u1ed3 ch\u01a1i x\u00fac x\u1eafc h\u00ecnh ng\u00f4i sao - Star Rainstick&rdquo;\" data-quantity=\"1\" data-product_id=\"655\" data-product_sku=\"\" data-price=\"250000\" rel=\"nofollow\" class=\"wp-block-button__link  add_to_cart_button ajax_add_to_cart\">Th\u00eam v\u00e0o gi\u1ecf h\u00e0ng<\/a><\/div>\n\t\t\t<\/li><li class=\"wc-block-grid__product\">\n\t\t\t\t<a href=\"https:\/\/taftoys.vn\/?product=gam-nuou-hinh-chu-tho-jenny-bunny-rattle\" class=\"wc-block-grid__product-link\">\n\t\t\t\t\t\n\t\t\t\t\t<div class=\"wc-block-grid__product-image\"><img loading=\"lazy\" decoding=\"async\" width=\"300\" height=\"300\" src=\"https:\/\/taftoys.vn\/wp-content\/uploads\/2024\/11\/Ki\u0301ch-thu\u031bo\u031b\u0301c-21-300x300.png\" class=\"attachment-woocommerce_thumbnail size-woocommerce_thumbnail\" alt=\"G\u1eb7m n\u01b0\u1edbu h\u00ecnh ch\u00fa th\u1ecf -Jenny Bunny rattle\" srcset=\"https:\/\/taftoys.vn\/wp-content\/uploads\/2024\/11\/Ki\u0301ch-thu\u031bo\u031b\u0301c-21-300x300.png 300w, https:\/\/taftoys.vn\/wp-content\/uploads\/2024\/11\/Ki\u0301ch-thu\u031bo\u031b\u0301c-21-150x150.png 150w, https:\/\/taftoys.vn\/wp-content\/uploads\/2024\/11\/Ki\u0301ch-thu\u031bo\u031b\u0301c-21-768x768.png 768w, https:\/\/taftoys.vn\/wp-content\/uploads\/2024\/11\/Ki\u0301ch-thu\u031bo\u031b\u0301c-21-75x75.png 75w, https:\/\/taftoys.vn\/wp-content\/uploads\/2024\/11\/Ki\u0301ch-thu\u031bo\u031b\u0301c-21-600x600.png 600w, https:\/\/taftoys.vn\/wp-content\/uploads\/2024\/11\/Ki\u0301ch-thu\u031bo\u031b\u0301c-21-100x100.png 100w, https:\/\/taftoys.vn\/wp-content\/uploads\/2024\/11\/Ki\u0301ch-thu\u031bo\u031b\u0301c-21.png 900w\" sizes=\"(max-width: 300px) 100vw, 300px\" \/><\/div>\n\t\t\t\t\t<div class=\"wc-block-grid__product-title\">G\u1eb7m n\u01b0\u1edbu h\u00ecnh ch\u00fa th\u1ecf -Jenny Bunny rattle<\/div>\n\t\t\t\t<\/a>\n\t\t\t\t<div class=\"wc-block-grid__product-price price\"><span class=\"woocommerce-Price-amount amount\">165.000&nbsp;<span class=\"woocommerce-Price-currencySymbol\">&#8363;<\/span><\/span><\/div>\n\t\t\t\t\n\t\t\t\t<div class=\"wp-block-button wc-block-grid__product-add-to-cart\"><a href=\"\/index.php?rest_route=%2Fwp%2Fv2%2Fpages%2F493&#038;add-to-cart=640\" aria-label=\"Th\u00eam v\u00e0o gi\u1ecf h\u00e0ng: &ldquo;G\u1eb7m n\u01b0\u1edbu h\u00ecnh ch\u00fa th\u1ecf -Jenny Bunny rattle&rdquo;\" data-quantity=\"1\" data-product_id=\"640\" data-product_sku=\"\" data-price=\"165000\" rel=\"nofollow\" class=\"wp-block-button__link  add_to_cart_button ajax_add_to_cart\">Th\u00eam v\u00e0o gi\u1ecf h\u00e0ng<\/a><\/div>\n\t\t\t<\/li><\/ul><\/div>","protected":false},"excerpt":{"rendered":"<p>L\u00e0m vi\u1ec7c ch\u1eb7t ch\u1ebd v\u1edbi nhi\u1ec1u gia \u0111\u00ecnh trong nhi\u1ec1u n\u0103m, t\u00f4i th\u1ea5y r\u00f5 r\u1eb1ng m\u1eb7c d\u00f9 l\u00e0m cha m\u1eb9 l\u00e0 m\u1ed9t tr\u1ea3i nghi\u1ec7m tuy\u1ec7t v\u1eddi nh\u01b0ng kh\u00f4ng ph\u1ea3i kh\u00f4ng c\u00f3 kh\u00f3 kh\u0103n. Do \u0111\u00f3, t\u1ea1i Taf Toys, ch\u00fang t\u00f4i t\u1eadp trung h\u1ed7 tr\u1ee3 nh\u1eefng th\u1eddi \u0111i\u1ec3m th\u1eed th\u00e1ch n\u00e0y, cung c\u1ea5p nhi\u1ec1u s\u1ea3n ph\u1ea9m nh\u1eb1m \u0111\u00e1p \u1ee9ng nhu c\u1ea7u c\u1ee7a tr\u1ebb s\u01a1 sinh v\u00e0 cha m\u1eb9, gi\u00fap c\u1ea3 hai th\u1ef1c hi\u1ec7n c\u00e1c th\u00f3i quen h\u00e0ng ng\u00e0y v\u1edbi ni\u1ec1m vui, t\u00ecnh y\u00eau v\u00e0 s\u1ef1 quan t\u00e2m l\u00e0m n\u1ec1n t\u1ea3ng cho chi\u1ebfn l\u01b0\u1ee3c Nu\u00f4i d\u1ea1y con d\u1ec5 d\u00e0ng h\u01a1n c\u1ee7a ch\u00fang t\u00f4i.<\/p>\n","protected":false},"author":1,"featured_media":0,"parent":0,"menu_order":0,"comment_status":"closed","ping_status":"closed","template":"","meta":{"footnotes":""},"class_list":["post-493","page","type-page","status-publish","hentry"],"_links":{"self":[{"href":"https:\/\/taftoys.vn\/index.php?rest_route=\/wp\/v2\/pages\/493","targetHints":{"allow":["GET"]}}],"collection":[{"href":"https:\/\/taftoys.vn\/index.php?rest_route=\/wp\/v2\/pages"}],"about":[{"href":"https:\/\/taftoys.vn\/index.php?rest_route=\/wp\/v2\/types\/page"}],"author":[{"embeddable":true,"href":"https:\/\/taftoys.vn\/index.php?rest_route=\/wp\/v2\/users\/1"}],"replies":[{"embeddable":true,"href":"https:\/\/taftoys.vn\/index.php?rest_route=%2Fwp%2Fv2%2Fcomments&post=493"}],"version-history":[{"count":4,"href":"https:\/\/taftoys.vn\/index.php?rest_route=\/wp\/v2\/pages\/493\/revisions"}],"predecessor-version":[{"id":683,"href":"https:\/\/taftoys.vn\/index.php?rest_route=\/wp\/v2\/pages\/493\/revisions\/683"}],"wp:attachment":[{"href":"https:\/\/taftoys.vn\/index.php?rest_route=%2Fwp%2Fv2%2Fmedia&parent=493"}],"curies":[{"name":"wp","href":"https:\/\/api.w.org\/{rel}","templated":true}]}}