{"id":275,"date":"2024-11-25T06:18:46","date_gmt":"2024-11-25T06:18:46","guid":{"rendered":"https:\/\/taftoys.vn\/?post_type=product&#038;p=275"},"modified":"2024-11-26T03:11:59","modified_gmt":"2024-11-26T03:11:59","slug":"bo-do-choi-tam-bath-time-kit","status":"publish","type":"product","link":"https:\/\/taftoys.vn\/?product=bo-do-choi-tam-bath-time-kit","title":{"rendered":"B\u1ed9 \u0111\u1ed3 ch\u01a1i t\u1eafm &#8211; Bath-time kit"},"content":{"rendered":"<p><strong>Bath Time Kit c\u1ee7a Taf Toys<\/strong> l\u00e0 m\u1ed9t b\u1ed9 s\u1ea3n ph\u1ea9m l\u00fd t\u01b0\u1edfng h\u1ed7 tr\u1ee3 cha m\u1eb9 trong vi\u1ec7c t\u1ea1o th\u00f3i quen t\u1eafm r\u1eeda vui v\u1ebb v\u00e0 tho\u1ea3i m\u00e1i cho b\u00e9. B\u1ed9 kit bao g\u1ed3m 5 m\u00f3n n\u1ed5i b\u1eadt:<\/p>\n<ol>\n<li><strong>Kh\u0103n cho\u00e0ng t\u1eafm c\u00f3 m\u0169 (Hooded Towel)<\/strong>: K\u00edch th\u01b0\u1edbc 27.6 x 27.6 inch, l\u00e0m t\u1eeb ch\u1ea5t li\u1ec7u m\u1ec1m m\u1ea1i, th\u1ea5m h\u00fat t\u1ed1t, gi\u1eef \u1ea5m cho b\u00e9 sau khi t\u1eafm.<\/li>\n<li><strong>S\u00e1ch t\u1eafm n\u01b0\u1edbc (Water Bath Book)<\/strong>: S\u00e1ch ch\u1ed1ng n\u01b0\u1edbc v\u1edbi c\u00e1c h\u00ecnh minh h\u1ecda \u0111\u00e1ng y\u00eau, gi\u00fap b\u00e9 gi\u1ea3i tr\u00ed trong khi t\u1eafm.<\/li>\n<li><strong>\u0110\u1ed3 ch\u01a1i thuy\u1ec1n n\u1ed5i (Floating Boat Toy)<\/strong>: \u0110\u01b0\u1ee3c l\u00e0m b\u1eb1ng nh\u1ef1a an to\u00e0n, n\u1ed5i tr\u00ean m\u1eb7t n\u01b0\u1edbc, mang \u0111\u1ebfn ni\u1ec1m vui trong gi\u1edd t\u1eafm.<\/li>\n<li><strong>2 \u0111\u1ed3 ch\u01a1i silicone h\u00ecnh \u0111\u1ed9ng v\u1eadt<\/strong>: \u0110\u1ed3 ch\u01a1i b\u1ea1ch tu\u1ed9c v\u00e0 th\u1ecf l\u00e0m t\u1eeb silicone m\u1ec1m, an to\u00e0n cho b\u00e9 c\u1ea7m n\u1eafm v\u00e0 ch\u01a1i trong n\u01b0\u1edbc.<\/li>\n<\/ol>\n<p><strong>\u0110i\u1ec3m n\u1ed5i b\u1eadt c\u1ee7a Bath Time Kit<\/strong>:<\/p>\n<ul>\n<li>Thi\u1ebft k\u1ebf th\u00f4ng minh, th\u00e2n thi\u1ec7n v\u1edbi b\u00e9 v\u00e0 cha m\u1eb9.<\/li>\n<li>K\u00edch th\u00edch c\u00e1c gi\u00e1c quan v\u00e0 khuy\u1ebfn kh\u00edch s\u1ef1 kh\u00e1m ph\u00e1 th\u00f4ng qua c\u00e1c ho\u1ea1t \u0111\u1ed9ng ch\u01a1i n\u01b0\u1edbc.<\/li>\n<li>\u0110\u1ea3m b\u1ea3o ch\u1ea5t l\u01b0\u1ee3ng v\u00e0 \u0111\u1ed9 an to\u00e0n tuy\u1ec7t \u0111\u1ed1i cho tr\u1ebb nh\u1ecf.<\/li>\n<\/ul>\n<p>S\u1ea3n ph\u1ea9m n\u00e0y kh\u00f4ng ch\u1ec9 gi\u00fap gi\u1edd t\u1eafm tr\u1edf n\u00ean th\u00fa v\u1ecb h\u01a1n m\u00e0 c\u00f2n h\u1ed7 tr\u1ee3 x\u00e2y d\u1ef1ng th\u00f3i quen ch\u0103m s\u00f3c c\u00e1 nh\u00e2n t\u1eeb s\u1edbm cho b\u00e9.<\/p>\n","protected":false},"excerpt":{"rendered":"<p>Bath Time Kit c\u1ee7a Taf Toys l\u00e0 m\u1ed9t b\u1ed9 s\u1ea3n ph\u1ea9m l\u00fd t\u01b0\u1edfng h\u1ed7 tr\u1ee3 cha m\u1eb9 trong vi\u1ec7c t\u1ea1o th\u00f3i quen t\u1eafm r\u1eeda vui v\u1ebb v\u00e0 tho\u1ea3i m\u00e1i cho b\u00e9. B\u1ed9 kit bao g\u1ed3m 5 m\u00f3n n\u1ed5i b\u1eadt: Kh\u0103n cho\u00e0ng t\u1eafm c\u00f3 m\u0169 (Hooded Towel): K\u00edch th\u01b0\u1edbc 27.6 x 27.6 inch, l\u00e0m t\u1eeb ch\u1ea5t li\u1ec7u m\u1ec1m m\u1ea1i, th\u1ea5m h\u00fat t\u1ed1t, gi\u1eef \u1ea5m cho b\u00e9 sau khi t\u1eafm. S\u00e1ch t\u1eafm n\u01b0\u1edbc (Water Bath Book): S\u00e1ch ch\u1ed1ng n\u01b0\u1edbc v\u1edbi c\u00e1c h\u00ecnh minh h\u1ecda \u0111\u00e1ng y\u00eau, gi\u00fap b\u00e9 gi\u1ea3i tr\u00ed trong khi t\u1eafm. \u0110\u1ed3 ch\u01a1i thuy\u1ec1n n\u1ed5i (Floating Boat Toy): \u0110\u01b0\u1ee3c l\u00e0m b\u1eb1ng nh\u1ef1a an to\u00e0n, n\u1ed5i tr\u00ean m\u1eb7t n\u01b0\u1edbc, mang \u0111\u1ebfn ni\u1ec1m vui trong gi\u1edd t\u1eafm. 2 \u0111\u1ed3 ch\u01a1i silicone h\u00ecnh \u0111\u1ed9ng v\u1eadt: \u0110\u1ed3 ch\u01a1i b\u1ea1ch tu\u1ed9c v\u00e0 th\u1ecf l\u00e0m t\u1eeb silicone m\u1ec1m, an to\u00e0n cho b\u00e9 c\u1ea7m n\u1eafm v\u00e0 ch\u01a1i trong n\u01b0\u1edbc. \u0110i\u1ec3m n\u1ed5i b\u1eadt c\u1ee7a Bath Time Kit: Thi\u1ebft k\u1ebf th\u00f4ng minh, th\u00e2n thi\u1ec7n v\u1edbi b\u00e9 v\u00e0 cha m\u1eb9. K\u00edch th\u00edch c\u00e1c gi\u00e1c quan v\u00e0 khuy\u1ebfn kh\u00edch s\u1ef1 kh\u00e1m ph\u00e1 th\u00f4ng qua c\u00e1c ho\u1ea1t \u0111\u1ed9ng ch\u01a1i n\u01b0\u1edbc. \u0110\u1ea3m b\u1ea3o ch\u1ea5t l\u01b0\u1ee3ng v\u00e0 \u0111\u1ed9 an to\u00e0n tuy\u1ec7t \u0111\u1ed1i cho tr\u1ebb nh\u1ecf. S\u1ea3n ph\u1ea9m n\u00e0y kh\u00f4ng ch\u1ec9 gi\u00fap gi\u1edd t\u1eafm tr\u1edf n\u00ean th\u00fa v\u1ecb h\u01a1n m\u00e0 c\u00f2n h\u1ed7 tr\u1ee3 x\u00e2y d\u1ef1ng th\u00f3i quen ch\u0103m s\u00f3c c\u00e1 nh\u00e2n t\u1eeb s\u1edbm cho b\u00e9.<\/p>\n","protected":false},"featured_media":281,"comment_status":"open","ping_status":"closed","template":"","meta":[],"product_brand":[],"product_cat":[18],"product_tag":[],"class_list":{"0":"post-275","1":"product","2":"type-product","3":"status-publish","4":"has-post-thumbnail","6":"product_cat-set-do-choi","8":"first","9":"instock","10":"shipping-taxable","11":"purchasable","12":"product-type-simple"},"_links":{"self":[{"href":"https:\/\/taftoys.vn\/index.php?rest_route=\/wp\/v2\/product\/275","targetHints":{"allow":["GET"]}}],"collection":[{"href":"https:\/\/taftoys.vn\/index.php?rest_route=\/wp\/v2\/product"}],"about":[{"href":"https:\/\/taftoys.vn\/index.php?rest_route=\/wp\/v2\/types\/product"}],"replies":[{"embeddable":true,"href":"https:\/\/taftoys.vn\/index.php?rest_route=%2Fwp%2Fv2%2Fcomments&post=275"}],"version-history":[{"count":3,"href":"https:\/\/taftoys.vn\/index.php?rest_route=\/wp\/v2\/product\/275\/revisions"}],"predecessor-version":[{"id":596,"href":"https:\/\/taftoys.vn\/index.php?rest_route=\/wp\/v2\/product\/275\/revisions\/596"}],"wp:featuredmedia":[{"embeddable":true,"href":"https:\/\/taftoys.vn\/index.php?rest_route=\/wp\/v2\/media\/281"}],"wp:attachment":[{"href":"https:\/\/taftoys.vn\/index.php?rest_route=%2Fwp%2Fv2%2Fmedia&parent=275"}],"wp:term":[{"taxonomy":"product_brand","embeddable":true,"href":"https:\/\/taftoys.vn\/index.php?rest_route=%2Fwp%2Fv2%2Fproduct_brand&post=275"},{"taxonomy":"product_cat","embeddable":true,"href":"https:\/\/taftoys.vn\/index.php?rest_route=%2Fwp%2Fv2%2Fproduct_cat&post=275"},{"taxonomy":"product_tag","embeddable":true,"href":"https:\/\/taftoys.vn\/index.php?rest_route=%2Fwp%2Fv2%2Fproduct_tag&post=275"}],"curies":[{"name":"wp","href":"https:\/\/api.w.org\/{rel}","templated":true}]}}