{"id":290,"date":"2024-11-25T06:36:55","date_gmt":"2024-11-25T06:36:55","guid":{"rendered":"https:\/\/taftoys.vn\/?post_type=product&#038;p=290"},"modified":"2024-11-26T03:54:25","modified_gmt":"2024-11-26T03:54:25","slug":"set-do-choi-hoat-dong-ngoai-troi-outdoors-kit","status":"publish","type":"product","link":"https:\/\/taftoys.vn\/?product=set-do-choi-hoat-dong-ngoai-troi-outdoors-kit","title":{"rendered":"Set \u0111\u1ed3 ch\u01a1i ho\u1ea1t \u0111\u1ed9ng ngo\u00e0i tr\u1eddi Outdoors Kit"},"content":{"rendered":"<p><strong>Chu\u1ea9n b\u1ecb cho m\u1ed9t cu\u1ed9c phi\u00eau l\u01b0u ngo\u00e0i tr\u1eddi vui v\u1ebb v\u00e0 kh\u00f4ng r\u1eafc r\u1ed1i v\u1edbi b\u1ed9 \u0111\u1ed3 ch\u01a1i ngo\u00e0i tr\u1eddi Taf Toys Outdoors Kit !<\/strong><\/p>\n<p>B\u1ed9 s\u1ea3n ph\u1ea9m n\u00e0y bao g\u1ed3m m\u1ecdi th\u1ee9 b\u1ea1n c\u1ea7n \u0111\u1ec3 gi\u1eef cho b\u00e9 y\u00eau c\u1ee7a b\u1ea1n tho\u1ea3i m\u00e1i, vui ch\u01a1i v\u00e0 \u0111\u01b0\u1ee3c b\u1ea3o v\u1ec7 trong khi kh\u00e1m ph\u00e1 th\u1ebf gi\u1edbi b\u00ean ngo\u00e0i. Set s\u1ea3n ph\u1ea9m bao g\u1ed3m m\u1ed9t chi\u1ebfc kh\u0103n qu\u1ea5n l\u1edbn \u0111\u1ec3 gi\u1eef \u1ea5m cho b\u00e9, m\u1ed9t t\u1ea5m thay t\u00e3 v\u1edbi t\u00fai \u0111\u1ef1ng \u0111\u1ed3 ti\u1ec7n l\u1ee3i b\u00ean trong c\u00f3 th\u1ec3 g\u1ea5p g\u1ecdn th\u00e0nh m\u1ed9t chi\u1ebfc t\u00fai x\u00e1ch ti\u1ec7n d\u1ee5ng, m\u1ed9t h\u1ed9p \u0111\u1ef1ng ti gi\u1ea3 h\u00ecnh d\u00e2u t\u00e2y, m\u1ed9t chi\u1ebfc l\u1eafc h\u00ecnh th\u1ecf cho b\u00e9 ch\u01a1i, v\u00e0 m\u1ed9t cu\u1ed1n s\u00e1ch hai m\u1eb7t \u0111\u1ec3 k\u00edch th\u00edch th\u1ecb gi\u00e1c v\u00e0 x\u00fac gi\u00e1c.<\/p>\n","protected":false},"excerpt":{"rendered":"<p>Chu\u1ea9n b\u1ecb cho m\u1ed9t cu\u1ed9c phi\u00eau l\u01b0u ngo\u00e0i tr\u1eddi vui v\u1ebb v\u00e0 kh\u00f4ng r\u1eafc r\u1ed1i v\u1edbi b\u1ed9 \u0111\u1ed3 ch\u01a1i ngo\u00e0i tr\u1eddi Taf Toys Outdoors Kit ! B\u1ed9 s\u1ea3n ph\u1ea9m n\u00e0y bao g\u1ed3m m\u1ecdi th\u1ee9 b\u1ea1n c\u1ea7n \u0111\u1ec3 gi\u1eef cho b\u00e9 y\u00eau c\u1ee7a b\u1ea1n tho\u1ea3i m\u00e1i, vui ch\u01a1i v\u00e0 \u0111\u01b0\u1ee3c b\u1ea3o v\u1ec7 trong khi kh\u00e1m ph\u00e1 th\u1ebf gi\u1edbi b\u00ean ngo\u00e0i. Set s\u1ea3n ph\u1ea9m bao g\u1ed3m m\u1ed9t chi\u1ebfc kh\u0103n qu\u1ea5n l\u1edbn \u0111\u1ec3 gi\u1eef \u1ea5m cho b\u00e9, m\u1ed9t t\u1ea5m thay t\u00e3 v\u1edbi t\u00fai \u0111\u1ef1ng \u0111\u1ed3 ti\u1ec7n l\u1ee3i b\u00ean trong c\u00f3 th\u1ec3 g\u1ea5p g\u1ecdn th\u00e0nh m\u1ed9t chi\u1ebfc t\u00fai x\u00e1ch ti\u1ec7n d\u1ee5ng, m\u1ed9t h\u1ed9p \u0111\u1ef1ng ti gi\u1ea3 h\u00ecnh d\u00e2u t\u00e2y, m\u1ed9t chi\u1ebfc l\u1eafc h\u00ecnh th\u1ecf cho b\u00e9 ch\u01a1i, v\u00e0 m\u1ed9t cu\u1ed1n s\u00e1ch hai m\u1eb7t \u0111\u1ec3 k\u00edch th\u00edch th\u1ecb gi\u00e1c v\u00e0 x\u00fac gi\u00e1c.<\/p>\n","protected":false},"featured_media":292,"comment_status":"open","ping_status":"closed","template":"","meta":[],"product_brand":[],"product_cat":[18],"product_tag":[],"class_list":{"0":"post-290","1":"product","2":"type-product","3":"status-publish","4":"has-post-thumbnail","6":"product_cat-set-do-choi","8":"first","9":"instock","10":"shipping-taxable","11":"purchasable","12":"product-type-simple"},"_links":{"self":[{"href":"https:\/\/taftoys.vn\/index.php?rest_route=\/wp\/v2\/product\/290","targetHints":{"allow":["GET"]}}],"collection":[{"href":"https:\/\/taftoys.vn\/index.php?rest_route=\/wp\/v2\/product"}],"about":[{"href":"https:\/\/taftoys.vn\/index.php?rest_route=\/wp\/v2\/types\/product"}],"replies":[{"embeddable":true,"href":"https:\/\/taftoys.vn\/index.php?rest_route=%2Fwp%2Fv2%2Fcomments&post=290"}],"version-history":[{"count":2,"href":"https:\/\/taftoys.vn\/index.php?rest_route=\/wp\/v2\/product\/290\/revisions"}],"predecessor-version":[{"id":600,"href":"https:\/\/taftoys.vn\/index.php?rest_route=\/wp\/v2\/product\/290\/revisions\/600"}],"wp:featuredmedia":[{"embeddable":true,"href":"https:\/\/taftoys.vn\/index.php?rest_route=\/wp\/v2\/media\/292"}],"wp:attachment":[{"href":"https:\/\/taftoys.vn\/index.php?rest_route=%2Fwp%2Fv2%2Fmedia&parent=290"}],"wp:term":[{"taxonomy":"product_brand","embeddable":true,"href":"https:\/\/taftoys.vn\/index.php?rest_route=%2Fwp%2Fv2%2Fproduct_brand&post=290"},{"taxonomy":"product_cat","embeddable":true,"href":"https:\/\/taftoys.vn\/index.php?rest_route=%2Fwp%2Fv2%2Fproduct_cat&post=290"},{"taxonomy":"product_tag","embeddable":true,"href":"https:\/\/taftoys.vn\/index.php?rest_route=%2Fwp%2Fv2%2Fproduct_tag&post=290"}],"curies":[{"name":"wp","href":"https:\/\/api.w.org\/{rel}","templated":true}]}}