{"id":349,"date":"2024-11-25T06:59:43","date_gmt":"2024-11-25T06:59:43","guid":{"rendered":"https:\/\/taftoys.vn\/?post_type=product&#038;p=349"},"modified":"2024-11-26T05:13:59","modified_gmt":"2024-11-26T05:13:59","slug":"my-1st-domino-rally","status":"publish","type":"product","link":"https:\/\/taftoys.vn\/?product=my-1st-domino-rally","title":{"rendered":"My 1st Domino Rally"},"content":{"rendered":"<p>Nhi\u1ec1u c\u00e1ch ch\u01a1i cho b\u00e9:<\/p>\n<ul>\n<li>\u0110\u01b0\u1eddng \u0111ua domino v\u1edbi thanh ray h\u1ed7 tr\u1ee3<\/li>\n<li>\u0110\u01b0\u1eddng \u0111ua domino k\u1ebft h\u1ee3p nh\u1eadn bi\u1ebft, gh\u00e9p v\u00e0 g\u1ecdi t\u00ean m\u00e0u s\u1eafc<\/li>\n<li>Domino v\u1edbi vi\u1ec7c gh\u00e9p h\u00ecnh \u1ea3nh<\/li>\n<li>Domino nh\u1eadn bi\u1ebft h\u00ecnh d\u1ea1ng v\u00e0 \u0111\u1ebfm s\u1ed1<\/li>\n<li>\u0110\u01b0\u1eddng \u0111ua domino kh\u00f4ng c\u1ea7n thanh ray h\u1ed7 tr\u1ee3<\/li>\n<\/ul>\n<p>G\u1ea1ch domino l\u1edbn hai m\u1eb7t (6&#215;12 cm) ph\u00f9 h\u1ee3p v\u1edbi b\u00e0n tay nh\u1ecf c\u1ee7a tr\u1ebb, h\u1ed7 tr\u1ee3 ph\u00e1t tri\u1ec3n theo t\u1eebng giai \u0111o\u1ea1n.<br \/>\nB\u1ed9 s\u1ea3n ph\u1ea9m bao g\u1ed3m: 1 thanh ray nh\u1ef1a (30&#215;10 cm), 1 thanh \u0111\u00e1y m\u00e0u, v\u00e0 10 vi\u00ean g\u1ea1ch domino hai m\u1eb7t (12&#215;6 cm).<\/p>\n<p>H\u1ecdc t\u1eadp v\u00e0 gi\u00e1o d\u1ee5c th\u00f4ng qua tr\u00f2 ch\u01a1i.<br \/>\nKh\u00f4ng ch\u1ee9a BPA, PVC, Phthalate.<br \/>\nK\u00edch th\u01b0\u1edbc: 2.4\u201dx 4.7\u201d \/ 6&#215;12 cm.<br \/>\n\u0110\u1ed3 ch\u01a1i ho\u00e0n h\u1ea3o cho tr\u1ebb t\u1eeb 12-36 th\u00e1ng.<br \/>\n\u0110\u00e3 \u0111\u01b0\u1ee3c ki\u1ec3m \u0111\u1ecbnh an to\u00e0n theo ti\u00eau chu\u1ea9n cao<\/p>\n","protected":false},"excerpt":{"rendered":"<p>Nhi\u1ec1u c\u00e1ch ch\u01a1i cho b\u00e9: \u0110\u01b0\u1eddng \u0111ua domino v\u1edbi thanh ray h\u1ed7 tr\u1ee3 \u0110\u01b0\u1eddng \u0111ua domino k\u1ebft h\u1ee3p nh\u1eadn bi\u1ebft, gh\u00e9p v\u00e0 g\u1ecdi t\u00ean m\u00e0u s\u1eafc Domino v\u1edbi vi\u1ec7c gh\u00e9p h\u00ecnh \u1ea3nh Domino nh\u1eadn bi\u1ebft h\u00ecnh d\u1ea1ng v\u00e0 \u0111\u1ebfm s\u1ed1 \u0110\u01b0\u1eddng \u0111ua domino kh\u00f4ng c\u1ea7n thanh ray h\u1ed7 tr\u1ee3 G\u1ea1ch domino l\u1edbn hai m\u1eb7t (6&#215;12 cm) ph\u00f9 h\u1ee3p v\u1edbi b\u00e0n tay nh\u1ecf c\u1ee7a tr\u1ebb, h\u1ed7 tr\u1ee3 ph\u00e1t tri\u1ec3n theo t\u1eebng giai \u0111o\u1ea1n. B\u1ed9 s\u1ea3n ph\u1ea9m bao g\u1ed3m: 1 thanh ray nh\u1ef1a (30&#215;10 cm), 1 thanh \u0111\u00e1y m\u00e0u, v\u00e0 10 vi\u00ean g\u1ea1ch domino hai m\u1eb7t (12&#215;6 cm). H\u1ecdc t\u1eadp v\u00e0 gi\u00e1o d\u1ee5c th\u00f4ng qua tr\u00f2 ch\u01a1i. Kh\u00f4ng ch\u1ee9a BPA, PVC, Phthalate. K\u00edch th\u01b0\u1edbc: 2.4\u201dx 4.7\u201d \/ 6&#215;12 cm. \u0110\u1ed3 ch\u01a1i ho\u00e0n h\u1ea3o cho tr\u1ebb t\u1eeb 12-36 th\u00e1ng. \u0110\u00e3 \u0111\u01b0\u1ee3c ki\u1ec3m \u0111\u1ecbnh an to\u00e0n theo ti\u00eau chu\u1ea9n cao<\/p>\n","protected":false},"featured_media":357,"comment_status":"open","ping_status":"closed","template":"","meta":[],"product_brand":[],"product_cat":[23],"product_tag":[],"class_list":{"0":"post-349","1":"product","2":"type-product","3":"status-publish","4":"has-post-thumbnail","6":"product_cat-do-choi","8":"first","9":"instock","10":"shipping-taxable","11":"purchasable","12":"product-type-simple"},"_links":{"self":[{"href":"https:\/\/taftoys.vn\/index.php?rest_route=\/wp\/v2\/product\/349","targetHints":{"allow":["GET"]}}],"collection":[{"href":"https:\/\/taftoys.vn\/index.php?rest_route=\/wp\/v2\/product"}],"about":[{"href":"https:\/\/taftoys.vn\/index.php?rest_route=\/wp\/v2\/types\/product"}],"replies":[{"embeddable":true,"href":"https:\/\/taftoys.vn\/index.php?rest_route=%2Fwp%2Fv2%2Fcomments&post=349"}],"version-history":[{"count":2,"href":"https:\/\/taftoys.vn\/index.php?rest_route=\/wp\/v2\/product\/349\/revisions"}],"predecessor-version":[{"id":620,"href":"https:\/\/taftoys.vn\/index.php?rest_route=\/wp\/v2\/product\/349\/revisions\/620"}],"wp:featuredmedia":[{"embeddable":true,"href":"https:\/\/taftoys.vn\/index.php?rest_route=\/wp\/v2\/media\/357"}],"wp:attachment":[{"href":"https:\/\/taftoys.vn\/index.php?rest_route=%2Fwp%2Fv2%2Fmedia&parent=349"}],"wp:term":[{"taxonomy":"product_brand","embeddable":true,"href":"https:\/\/taftoys.vn\/index.php?rest_route=%2Fwp%2Fv2%2Fproduct_brand&post=349"},{"taxonomy":"product_cat","embeddable":true,"href":"https:\/\/taftoys.vn\/index.php?rest_route=%2Fwp%2Fv2%2Fproduct_cat&post=349"},{"taxonomy":"product_tag","embeddable":true,"href":"https:\/\/taftoys.vn\/index.php?rest_route=%2Fwp%2Fv2%2Fproduct_tag&post=349"}],"curies":[{"name":"wp","href":"https:\/\/api.w.org\/{rel}","templated":true}]}}