{"id":358,"date":"2024-11-25T07:04:52","date_gmt":"2024-11-25T07:04:52","guid":{"rendered":"https:\/\/taftoys.vn\/?post_type=product&#038;p=358"},"modified":"2024-11-26T04:40:14","modified_gmt":"2024-11-26T04:40:14","slug":"pop-up-tissue-box","status":"publish","type":"product","link":"https:\/\/taftoys.vn\/?product=pop-up-tissue-box","title":{"rendered":"Pop up tissue box"},"content":{"rendered":"<p data-sourcepos=\"5:1-5:153\"><strong>M\u00f3n \u0111\u1ed3 ch\u01a1i bao g\u1ed3m nh\u1eefng chi ti\u1ebft v\u00f4 c\u00f9ng \u0111\u00e1ng y\u00eau v\u00e0 th\u00fa v\u1ecb:<\/strong><\/p>\n<ul>\n<li data-sourcepos=\"5:1-5:153\"><strong>\u0110\u1ea7u th\u1ecf b\u1eadt l\u00ean:<\/strong> T\u1ea1o s\u1ef1 ph\u1ea5n kh\u00edch, th\u00fac \u0111\u1ea9y s\u1ef1 ph\u00e1t tri\u1ec3n nguy\u00ean nh\u00e2n v\u00e0 k\u1ebft qu\u1ea3, n\u00e2ng cao k\u1ef9 n\u0103ng v\u1eadn \u0111\u1ed9ng th\u00f4!<\/li>\n<li data-sourcepos=\"7:1-7:179\"><strong>V\u1ea3i m\u1ec1m m\u1ea1i v\u00e0 m\u1ecfng manh:<\/strong> 9 lo\u1ea1i v\u1ea3i organza nhi\u1ec1u m\u00e0u r\u1ea5t m\u1ec1m m\u1ea1i v\u00e0 nh\u1eb9 nh\u00e0ng khi ch\u1ea1m v\u00e0o, \u0111\u1ee7 m\u1ecfng \u0111\u1ec3 bay l\u01a1 l\u1eedng trong kh\u00f4ng kh\u00ed khi b\u1ecb n\u00e9m v\u00e0 k\u00e9o ra kh\u1ecfi \u0111\u1ed3 ch\u01a1i silicon.<\/li>\n<\/ul>\n<p data-sourcepos=\"9:1-9:46\"><strong>Ho\u00e0n h\u1ea3o cho tr\u1ebb t\u1eeb 12 th\u00e1ng tu\u1ed5i tr\u1edf l\u00ean.<\/strong><\/p>\n<p data-sourcepos=\"11:1-11:45\"><strong>K\u00edch th\u01b0\u1edbc \u2013 13,5 X 13,5cm, 5,35\u201d X 5,35\u201d<\/strong><\/p>\n<p data-sourcepos=\"3:1-3:225\"><strong>Nh\u1eadn bi\u1ebft M\u00e0u S\u1eafc v\u00e0 S\u1ed1:<\/strong> Khi b\u00e9 t\u01b0\u01a1ng t\u00e1c v\u1edbi t\u1eebng lo\u1ea1i v\u1ea3i m\u00e0u, b\u00e9 s\u1ebd b\u1eaft \u0111\u1ea7u nh\u1eadn bi\u1ebft v\u00e0 ph\u00e2n bi\u1ec7t c\u00e1c m\u00e0u s\u1eafc. Cung c\u1ea5p c\u01a1 h\u1ed9i \u0111\u1ec3 \u0111\u1ebfm, khi tr\u1ebb nh\u1ecf c\u00f3 th\u1ec3 s\u1eafp x\u1ebfp c\u00e1c lo\u1ea1i v\u1ea3i d\u1ef1a tr\u00ean s\u1eafc th\u00e1i s\u1ed1ng \u0111\u1ed9ng c\u1ee7a ch\u00fang.<\/p>\n<p data-sourcepos=\"5:1-5:294\"><strong>Ph\u00e1t Tri\u1ec3n Gi\u00e1c Quan v\u00e0 X\u00fac Gi\u00e1c:<\/strong> V\u1edbi s\u00e1u m\u1eb7t c\u1ee7a \u0111\u1ed3 ch\u01a1i, nh\u1eefng ng\u00f3n tay nh\u1ecf c\u1ee7a b\u00e9 c\u00f3 th\u1ec3 kh\u00e1m ph\u00e1 c\u00e1c k\u1ebft c\u1ea5u v\u00e0 b\u1ec1 m\u1eb7t kh\u00e1c nhau, t\u1eeb s\u1ef1 m\u1ec1m m\u1ea1i c\u1ee7a \u0111\u1ea7u th\u1ecf \u0111\u1ebfn c\u00e1c h\u1ecda ti\u1ebft g\u1ee3n s\u00f3ng v\u00e0 m\u1eb7t nh\u00edm c\u1ea3m gi\u00e1c &#8211; m\u1ed7i y\u1ebfu t\u1ed1 mang \u0111\u1ebfn m\u1ed9t tr\u1ea3i nghi\u1ec7m c\u1ea3m gi\u00e1c v\u00e0 x\u00fac gi\u00e1c \u0111\u1ed9c \u0111\u00e1o.<\/p>\n<p data-sourcepos=\"7:1-7:225\"><strong>T\u01b0\u01a1ng T\u00e1c v\u00e0 Ch\u01a1i T\u00edch C\u1ef1c:<\/strong> Khi tr\u1ebb nh\u1ecf t\u01b0\u01a1ng t\u00e1c v\u1edbi h\u1ed9p, ch\u00fang b\u1eaft \u0111\u1ea7u m\u1ed9t h\u00e0nh tr\u00ecnh t\u00edch c\u1ef1c. M\u00f3n \u0111\u00f3 ch\u01a1i s\u1ebd gi\u00fap g\u1eafn k\u1ebft gi\u1eefa ba m\u1eb9 v\u00e0 b\u00e9<\/p>\n","protected":false},"excerpt":{"rendered":"<p>M\u00f3n \u0111\u1ed3 ch\u01a1i bao g\u1ed3m nh\u1eefng chi ti\u1ebft v\u00f4 c\u00f9ng \u0111\u00e1ng y\u00eau v\u00e0 th\u00fa v\u1ecb: \u0110\u1ea7u th\u1ecf b\u1eadt l\u00ean: T\u1ea1o s\u1ef1 ph\u1ea5n kh\u00edch, th\u00fac \u0111\u1ea9y s\u1ef1 ph\u00e1t tri\u1ec3n nguy\u00ean nh\u00e2n v\u00e0 k\u1ebft qu\u1ea3, n\u00e2ng cao k\u1ef9 n\u0103ng v\u1eadn \u0111\u1ed9ng th\u00f4! V\u1ea3i m\u1ec1m m\u1ea1i v\u00e0 m\u1ecfng manh: 9 lo\u1ea1i v\u1ea3i organza nhi\u1ec1u m\u00e0u r\u1ea5t m\u1ec1m m\u1ea1i v\u00e0 nh\u1eb9 nh\u00e0ng khi ch\u1ea1m v\u00e0o, \u0111\u1ee7 m\u1ecfng \u0111\u1ec3 bay l\u01a1 l\u1eedng trong kh\u00f4ng kh\u00ed khi b\u1ecb n\u00e9m v\u00e0 k\u00e9o ra kh\u1ecfi \u0111\u1ed3 ch\u01a1i silicon. Ho\u00e0n h\u1ea3o cho tr\u1ebb t\u1eeb 12 th\u00e1ng tu\u1ed5i tr\u1edf l\u00ean. K\u00edch th\u01b0\u1edbc \u2013 13,5 X 13,5cm, 5,35\u201d X 5,35\u201d Nh\u1eadn bi\u1ebft M\u00e0u S\u1eafc v\u00e0 S\u1ed1: Khi b\u00e9 t\u01b0\u01a1ng t\u00e1c v\u1edbi t\u1eebng lo\u1ea1i v\u1ea3i m\u00e0u, b\u00e9 s\u1ebd b\u1eaft \u0111\u1ea7u nh\u1eadn bi\u1ebft v\u00e0 ph\u00e2n bi\u1ec7t c\u00e1c m\u00e0u s\u1eafc. Cung c\u1ea5p c\u01a1 h\u1ed9i \u0111\u1ec3 \u0111\u1ebfm, khi tr\u1ebb nh\u1ecf c\u00f3 th\u1ec3 s\u1eafp x\u1ebfp c\u00e1c lo\u1ea1i v\u1ea3i d\u1ef1a tr\u00ean s\u1eafc th\u00e1i s\u1ed1ng \u0111\u1ed9ng c\u1ee7a ch\u00fang. Ph\u00e1t Tri\u1ec3n Gi\u00e1c Quan v\u00e0 X\u00fac Gi\u00e1c: V\u1edbi s\u00e1u m\u1eb7t c\u1ee7a \u0111\u1ed3 ch\u01a1i, nh\u1eefng ng\u00f3n tay nh\u1ecf c\u1ee7a b\u00e9 c\u00f3 th\u1ec3 kh\u00e1m ph\u00e1 c\u00e1c k\u1ebft c\u1ea5u v\u00e0 b\u1ec1 m\u1eb7t kh\u00e1c nhau, t\u1eeb s\u1ef1 m\u1ec1m m\u1ea1i c\u1ee7a \u0111\u1ea7u th\u1ecf \u0111\u1ebfn c\u00e1c h\u1ecda ti\u1ebft g\u1ee3n s\u00f3ng v\u00e0 m\u1eb7t nh\u00edm c\u1ea3m gi\u00e1c &#8211; m\u1ed7i y\u1ebfu t\u1ed1 mang \u0111\u1ebfn m\u1ed9t tr\u1ea3i nghi\u1ec7m c\u1ea3m gi\u00e1c v\u00e0 x\u00fac gi\u00e1c \u0111\u1ed9c \u0111\u00e1o. T\u01b0\u01a1ng T\u00e1c v\u00e0 Ch\u01a1i T\u00edch C\u1ef1c: Khi tr\u1ebb nh\u1ecf t\u01b0\u01a1ng t\u00e1c v\u1edbi h\u1ed9p, ch\u00fang b\u1eaft \u0111\u1ea7u m\u1ed9t h\u00e0nh tr\u00ecnh t\u00edch c\u1ef1c. M\u00f3n \u0111\u00f3 ch\u01a1i s\u1ebd gi\u00fap g\u1eafn k\u1ebft gi\u1eefa ba m\u1eb9 v\u00e0 b\u00e9<\/p>\n","protected":false},"featured_media":365,"comment_status":"open","ping_status":"closed","template":"","meta":[],"product_brand":[],"product_cat":[23],"product_tag":[],"class_list":{"0":"post-358","1":"product","2":"type-product","3":"status-publish","4":"has-post-thumbnail","6":"product_cat-do-choi","8":"first","9":"instock","10":"shipping-taxable","11":"purchasable","12":"product-type-simple"},"_links":{"self":[{"href":"https:\/\/taftoys.vn\/index.php?rest_route=\/wp\/v2\/product\/358","targetHints":{"allow":["GET"]}}],"collection":[{"href":"https:\/\/taftoys.vn\/index.php?rest_route=\/wp\/v2\/product"}],"about":[{"href":"https:\/\/taftoys.vn\/index.php?rest_route=\/wp\/v2\/types\/product"}],"replies":[{"embeddable":true,"href":"https:\/\/taftoys.vn\/index.php?rest_route=%2Fwp%2Fv2%2Fcomments&post=358"}],"version-history":[{"count":2,"href":"https:\/\/taftoys.vn\/index.php?rest_route=\/wp\/v2\/product\/358\/revisions"}],"predecessor-version":[{"id":614,"href":"https:\/\/taftoys.vn\/index.php?rest_route=\/wp\/v2\/product\/358\/revisions\/614"}],"wp:featuredmedia":[{"embeddable":true,"href":"https:\/\/taftoys.vn\/index.php?rest_route=\/wp\/v2\/media\/365"}],"wp:attachment":[{"href":"https:\/\/taftoys.vn\/index.php?rest_route=%2Fwp%2Fv2%2Fmedia&parent=358"}],"wp:term":[{"taxonomy":"product_brand","embeddable":true,"href":"https:\/\/taftoys.vn\/index.php?rest_route=%2Fwp%2Fv2%2Fproduct_brand&post=358"},{"taxonomy":"product_cat","embeddable":true,"href":"https:\/\/taftoys.vn\/index.php?rest_route=%2Fwp%2Fv2%2Fproduct_cat&post=358"},{"taxonomy":"product_tag","embeddable":true,"href":"https:\/\/taftoys.vn\/index.php?rest_route=%2Fwp%2Fv2%2Fproduct_tag&post=358"}],"curies":[{"name":"wp","href":"https:\/\/api.w.org\/{rel}","templated":true}]}}