{"id":366,"date":"2024-11-25T07:06:23","date_gmt":"2024-11-25T07:06:23","guid":{"rendered":"https:\/\/taftoys.vn\/?post_type=product&#038;p=366"},"modified":"2024-11-26T04:42:08","modified_gmt":"2024-11-26T04:42:08","slug":"kimmy-koala-wonder-tissue-box","status":"publish","type":"product","link":"https:\/\/taftoys.vn\/?product=kimmy-koala-wonder-tissue-box","title":{"rendered":"Kimmy Koala Wonder Tissue Box"},"content":{"rendered":"<p class=\"QN2lPu\">TH\u00d4NG TIN S\u1ea2N PH\u1ea8M: \u0110\u1ed3 Ch\u01a1i TAF TOYS H\u00ecnh Kh\u1ed1i cho b\u00e9<\/p>\n<p class=\"QN2lPu\">+ Th\u01b0\u01a1ng hi\u1ec7u: Taf Toys &#8211; Th\u01b0\u01a1ng hi\u1ec7u h\u00e0ng \u0111\u1ea7u t\u1ea1i M\u1ef9<\/p>\n<p class=\"QN2lPu\">+ Ch\u1ea5t li\u1ec7u: Paper cardboard + Polyester + PP + PE + PHF PVC<\/p>\n<p class=\"QN2lPu\">+ K\u00edch th\u01b0\u1edbc: 13,5 X 13,5 X 5,35cm<\/p>\n<p class=\"QN2lPu\">+ B\u1ed9 s\u1ea3n ph\u1ea9m g\u1ed3m: 1 H\u1ed9p ch\u01a1i + 5 Kh\u0103n Gi\u1ea5y (V\u1edbi 5 m\u00e0u kh\u00e1c nhau) + 5 Qu\u1ea3 b\u00f3ng (3 x Qu\u1ea3 b\u00f3ng c\u00f3 k\u1ebft c\u1ea5u, 2 x Qu\u1ea3 b\u00f3ng m\u1ec1m)+ 5Th\u1ebb cho \u0103n hai m\u1eb7t \u0111\u1ed3 ch\u01a1i taftoy.<\/p>\n<p class=\"QN2lPu\">+ S\u1ea3n ph\u1ea9m g\u1ed3m 5 m\u1eb7t \u0111\u1ec3 ch\u01a1i: 4 m\u1eb7t xung quanh + 1 m\u1eb7t tr\u00ean c\u00f9ng.<\/p>\n<p class=\"QN2lPu\">\u01afU \u0110I\u1ec2M N\u1ed4I B\u1eacT C\u1ee6A S\u1ea2N PH\u1ea8M:<\/p>\n<p class=\"QN2lPu\">+ M\u00f4 ph\u1ecfng Ho\u00e0n h\u1ea3o c\u00e1c ho\u1ea1t \u0111\u1ed9ng \u0111\u1ec3 n\u00e2ng cao k\u1ef9 n\u0103ng v\u1eadn \u0111\u1ed9ng v\u00e0 c\u1ea3m gi\u00e1c cho b\u00e9<\/p>\n<p class=\"QN2lPu\">+ H\u1ed9p kh\u0103n gi\u1ea5y k\u1ef3 di\u1ec7u v\u1ec1 gi\u00e1c quan d\u00e0nh cho tr\u1ebb s\u01a1 sinh v\u00e0 tr\u1ebb m\u1edbi bi\u1ebft \u0111i c\u1ee7a ch\u00fang t\u00f4i ch\u1ee9a 8 lo\u1ea1i v\u1ea3i organza ch\u1ea5t l\u01b0\u1ee3ng cao \u0111\u1ea7y m\u00e0u s\u1eafc v\u00e0 2 chi\u1ebfc ch\u0103n nh\u0103n nheo v\u1edbi m\u1eb7t sau m\u1ec1m m\u1ea1i v\u00e0 nh\u1eefng d\u1ea3i ruy b\u0103ng \u0111\u1ea7y m\u00e0u s\u1eafc.<\/p>\n<p class=\"QN2lPu\">+ C\u00e1c k\u1ebft c\u1ea5u v\u1ea3i kh\u00e1c nhau k\u00edch th\u00edch s\u1ef1 ph\u00e1t tri\u1ec3n gi\u00e1c quan v\u00e0 k\u1ef9 n\u0103ng v\u1eadn \u0111\u1ed9ng c\u1ee7a b\u00e9.<\/p>\n<p class=\"QN2lPu\">+ H\u1ed9p kh\u0103n gi\u1ea5y k\u1ef3 di\u1ec7u \u0111\u01b0\u1ee3c l\u00e0m b\u1eb1ng v\u1eadt li\u1ec7u ch\u1ea5t l\u01b0\u1ee3ng cao gi\u00fap b\u00e9 tho\u1ea3i m\u00e1i v\u00e0 an to\u00e0n h\u01a1n khi s\u1eed d\u1ee5ng. Kh\u00f4ng ch\u1ee9a BPA &amp; Phthalate.<\/p>\n<p class=\"QN2lPu\">+ K\u1ebft h\u1ee3p m\u00e0u s\u1eafc th\u1ef1c h\u00e0nh s\u1eafp x\u1ebfp, t\u00ecm hi\u1ec3u m\u00e0u s\u1eafc, \u0111\u1ebfm v\u00e0 h\u01a1n th\u1ebf n\u1eefa.<\/p>\n<p class=\"QN2lPu\">+ M\u00e0u s\u1eafc \u0111a d\u1ea1ng v\u00e0 phong ph\u00fa, ph\u00f9 h\u1ee3p v\u1edbi \u0111\u1ed9 tu\u1ed5i 18M+ &#8211; B\u00e9 v\u1eeba ch\u01a1i v\u1eeba kh\u00e1m ph\u00e1 v\u00e0 v\u1eeba h\u1ecdc.<\/p>\n","protected":false},"excerpt":{"rendered":"<p>TH\u00d4NG TIN S\u1ea2N PH\u1ea8M: \u0110\u1ed3 Ch\u01a1i TAF TOYS H\u00ecnh Kh\u1ed1i cho b\u00e9 + Th\u01b0\u01a1ng hi\u1ec7u: Taf Toys &#8211; Th\u01b0\u01a1ng hi\u1ec7u h\u00e0ng \u0111\u1ea7u t\u1ea1i M\u1ef9 + Ch\u1ea5t li\u1ec7u: Paper cardboard + Polyester + PP + PE + PHF PVC + K\u00edch th\u01b0\u1edbc: 13,5 X 13,5 X 5,35cm + B\u1ed9 s\u1ea3n ph\u1ea9m g\u1ed3m: 1 H\u1ed9p ch\u01a1i + 5 Kh\u0103n Gi\u1ea5y (V\u1edbi 5 m\u00e0u kh\u00e1c nhau) + 5 Qu\u1ea3 b\u00f3ng (3 x Qu\u1ea3 b\u00f3ng c\u00f3 k\u1ebft c\u1ea5u, 2 x Qu\u1ea3 b\u00f3ng m\u1ec1m)+ 5Th\u1ebb cho \u0103n hai m\u1eb7t \u0111\u1ed3 ch\u01a1i taftoy. + S\u1ea3n ph\u1ea9m g\u1ed3m 5 m\u1eb7t \u0111\u1ec3 ch\u01a1i: 4 m\u1eb7t xung quanh + 1 m\u1eb7t tr\u00ean c\u00f9ng. \u01afU \u0110I\u1ec2M N\u1ed4I B\u1eacT C\u1ee6A S\u1ea2N PH\u1ea8M: + M\u00f4 ph\u1ecfng Ho\u00e0n h\u1ea3o c\u00e1c ho\u1ea1t \u0111\u1ed9ng \u0111\u1ec3 n\u00e2ng cao k\u1ef9 n\u0103ng v\u1eadn \u0111\u1ed9ng v\u00e0 c\u1ea3m gi\u00e1c cho b\u00e9 + H\u1ed9p kh\u0103n gi\u1ea5y k\u1ef3 di\u1ec7u v\u1ec1 gi\u00e1c quan d\u00e0nh cho tr\u1ebb s\u01a1 sinh v\u00e0 tr\u1ebb m\u1edbi bi\u1ebft \u0111i c\u1ee7a ch\u00fang t\u00f4i ch\u1ee9a 8 lo\u1ea1i v\u1ea3i organza ch\u1ea5t l\u01b0\u1ee3ng cao \u0111\u1ea7y m\u00e0u s\u1eafc v\u00e0 2 chi\u1ebfc ch\u0103n nh\u0103n nheo v\u1edbi m\u1eb7t sau m\u1ec1m m\u1ea1i v\u00e0 nh\u1eefng d\u1ea3i ruy b\u0103ng \u0111\u1ea7y m\u00e0u s\u1eafc. + C\u00e1c k\u1ebft c\u1ea5u v\u1ea3i kh\u00e1c nhau k\u00edch th\u00edch s\u1ef1 ph\u00e1t tri\u1ec3n gi\u00e1c quan v\u00e0 k\u1ef9 n\u0103ng v\u1eadn \u0111\u1ed9ng c\u1ee7a b\u00e9. + H\u1ed9p kh\u0103n gi\u1ea5y k\u1ef3 di\u1ec7u \u0111\u01b0\u1ee3c l\u00e0m b\u1eb1ng v\u1eadt li\u1ec7u ch\u1ea5t l\u01b0\u1ee3ng cao gi\u00fap b\u00e9 tho\u1ea3i m\u00e1i v\u00e0 an to\u00e0n h\u01a1n khi s\u1eed d\u1ee5ng. Kh\u00f4ng ch\u1ee9a BPA &amp; Phthalate. + K\u1ebft h\u1ee3p m\u00e0u s\u1eafc th\u1ef1c h\u00e0nh s\u1eafp x\u1ebfp, t\u00ecm hi\u1ec3u m\u00e0u s\u1eafc, \u0111\u1ebfm v\u00e0 h\u01a1n th\u1ebf n\u1eefa. + M\u00e0u s\u1eafc \u0111a d\u1ea1ng v\u00e0 phong ph\u00fa, ph\u00f9 h\u1ee3p v\u1edbi \u0111\u1ed9 tu\u1ed5i 18M+ &#8211; B\u00e9 v\u1eeba ch\u01a1i v\u1eeba kh\u00e1m ph\u00e1 v\u00e0 v\u1eeba h\u1ecdc.<\/p>\n","protected":false},"featured_media":371,"comment_status":"open","ping_status":"closed","template":"","meta":[],"product_brand":[],"product_cat":[23],"product_tag":[],"class_list":{"0":"post-366","1":"product","2":"type-product","3":"status-publish","4":"has-post-thumbnail","6":"product_cat-do-choi","8":"first","9":"instock","10":"shipping-taxable","11":"purchasable","12":"product-type-simple"},"_links":{"self":[{"href":"https:\/\/taftoys.vn\/index.php?rest_route=\/wp\/v2\/product\/366","targetHints":{"allow":["GET"]}}],"collection":[{"href":"https:\/\/taftoys.vn\/index.php?rest_route=\/wp\/v2\/product"}],"about":[{"href":"https:\/\/taftoys.vn\/index.php?rest_route=\/wp\/v2\/types\/product"}],"replies":[{"embeddable":true,"href":"https:\/\/taftoys.vn\/index.php?rest_route=%2Fwp%2Fv2%2Fcomments&post=366"}],"version-history":[{"count":1,"href":"https:\/\/taftoys.vn\/index.php?rest_route=\/wp\/v2\/product\/366\/revisions"}],"predecessor-version":[{"id":615,"href":"https:\/\/taftoys.vn\/index.php?rest_route=\/wp\/v2\/product\/366\/revisions\/615"}],"wp:featuredmedia":[{"embeddable":true,"href":"https:\/\/taftoys.vn\/index.php?rest_route=\/wp\/v2\/media\/371"}],"wp:attachment":[{"href":"https:\/\/taftoys.vn\/index.php?rest_route=%2Fwp%2Fv2%2Fmedia&parent=366"}],"wp:term":[{"taxonomy":"product_brand","embeddable":true,"href":"https:\/\/taftoys.vn\/index.php?rest_route=%2Fwp%2Fv2%2Fproduct_brand&post=366"},{"taxonomy":"product_cat","embeddable":true,"href":"https:\/\/taftoys.vn\/index.php?rest_route=%2Fwp%2Fv2%2Fproduct_cat&post=366"},{"taxonomy":"product_tag","embeddable":true,"href":"https:\/\/taftoys.vn\/index.php?rest_route=%2Fwp%2Fv2%2Fproduct_tag&post=366"}],"curies":[{"name":"wp","href":"https:\/\/api.w.org\/{rel}","templated":true}]}}