{"id":372,"date":"2024-11-25T07:10:00","date_gmt":"2024-11-25T07:10:00","guid":{"rendered":"https:\/\/taftoys.vn\/?post_type=product&#038;p=372"},"modified":"2024-11-26T04:44:31","modified_gmt":"2024-11-26T04:44:31","slug":"savannah-super-size-foam-playmat-15m-x-2m","status":"publish","type":"product","link":"https:\/\/taftoys.vn\/?product=savannah-super-size-foam-playmat-15m-x-2m","title":{"rendered":"Savannah Super-Size Foam Playmat  1,5m x 2m"},"content":{"rendered":"<p class=\"QN2lPu\">Th\u1ea3m x\u1ed1p cho b\u00e9 l\u00e0 s\u1ea3n ph\u1ea9m c\u1ea7n thi\u1ebft \u0111\u1ec3 t\u1ea1o m\u1ed9t kh\u00f4ng gian ch\u01a1i an to\u00e0n v\u00e0 tho\u1ea3i m\u00e1i cho b\u00e9 y\u00eau c\u1ee7a b\u1ea1n. V\u1edbi ch\u1ea5t li\u1ec7u x\u1ed1p cao c\u1ea5p, th\u1ea3m c\u00f3 \u0111\u1ed9 \u0111\u00e0n h\u1ed3i t\u1ed1t, gi\u00fap gi\u1ea3m thi\u1ec3u va ch\u1ea1m v\u00e0 tr\u00e1nh \u0111au khi b\u00e9 v\u1ea5p ng\u00e3.<\/p>\n<p class=\"QN2lPu\">Th\u1ea3m x\u1ed1p cho b\u00e9 r\u1ea5t d\u1ec5 s\u1eed d\u1ee5ng. B\u1ea1n ch\u1ec9 c\u1ea7n b\u1ecf ra m\u1ed9t kho\u1ea3ng tr\u1ed1ng nh\u1ecf trong nh\u00e0 \u0111\u1ec3 b\u00e0y ra s\u1ea3n ph\u1ea9m n\u00e0y. B\u00e9 y\u00eau c\u1ee7a b\u1ea1n c\u00f3 th\u1ec3 t\u1ef1 do vui ch\u01a1i tr\u00ean chi\u1ebfc th\u1ea3m \u00eam \u00e1i n\u00e0y. Th\u1eadm ch\u00ed b\u1ea1n c\u00f3 th\u1ec3 k\u1ebft h\u1ee3 ph\u00eda c\u00e1c mi\u1ebfng gh\u00e9 c\u00e1c mi\u1ebfng l\u1ea1i th\u00e0nh khu v\u1ef1c r\u1ed9ng h\u01a1n. H\u00e3y t\u1ea1o kh\u00f4ng gian an to\u00e0n cho con y\u00eau c\u1ee7a b\u1ea1n t\u1eeb nh\u1eefng ng\u00e0y \u0111\u1ea7u ti\u00ean!<\/p>\n<p class=\"QN2lPu\">TH\u00d4NG TIN S\u1ea2N PH\u1ea8M: Th\u1ea3m x\u1ed1p g\u1ea5p g\u1ecdn cho b\u00e9 Taf Toys:<\/p>\n<p class=\"QN2lPu\">+ Th\u01b0\u01a1ng hi\u1ec7u: Taf Toys &#8211; Th\u01b0\u01a1ng hi\u1ec7u h\u00e0ng \u0111\u1ea7u t\u1ea1i M\u1ef9<\/p>\n<p class=\"QN2lPu\">+ Ch\u1ea5t li\u1ec7u: XPE + Paper cardboard Cao c\u1ea5p<\/p>\n<p class=\"QN2lPu\">+ K\u00edch th\u01b0\u1edbc: 1,5 x 2 m &#8211; K\u00edch th\u01b0\u1edbc \u0111\u00f3ng g\u00f3i: 74 x 41,5 x 11 cm<\/p>\n<p class=\"QN2lPu\">+ \u0110\u1ed9 d\u00e0y th\u1ea3m: V\u1edbi thi\u1ebft k\u1ebf 5 l\u1edbp ch\u1ea5t li\u1ec7u kh\u00e1c nhau v\u00e0 d\u00e0y 1cm =&gt; Th\u1ea3m x\u1ed1p c\u1ef1c k\u1ef3 b\u1ec1n, ch\u1ed1ng th\u1ea5m t\u1ed1t.<\/p>\n<p class=\"QN2lPu\">+ B\u1ed9 s\u1ea3n ph\u1ea9m g\u1ed3m: 1 Th\u1ea3m + 1 cu\u1ed1n s\u00e1ch 2 m\u1eb7t c\u1ef1c k\u00ec phong ph\u00fa.<\/p>\n<p class=\"QN2lPu\">Th\u1ea3m x\u1ebfp khu v\u01b0\u1eddn TAF Toys l\u00e0 s\u1ea3n ph\u1ea9m gi\u00fap b\u00e9 vui ch\u01a1i v\u00e0 ph\u00e1t tri\u1ec3n gi\u00e1c quan t\u1ef1 nhi\u00ean, t\u01b0 duy s\u00e1ng t\u1ea1o v\u00e0 kh\u1ea3 n\u0103ng th\u00edch nghi.<\/p>\n<p class=\"QN2lPu\">\u01afU \u0110I\u1ec2M N\u1ed4I B\u1eacT C\u1ee6A S\u1ea2N PH\u1ea8M:<\/p>\n<p class=\"QN2lPu\">+ THI\u1ebeT K\u1ebe \u0110A N\u0102NG:\u00a0Th\u1ea3m c\u00f3 h\u00ecnh \u1ea3nh sinh \u0111\u1ed9ng, m\u00e0u s\u1eafc b\u1eaft m\u1eaft gi\u00fap b\u00e9 kh\u00e1m ph\u00e1 v\u00e0 h\u1ecdc h\u1ecfi th\u00eam nh\u1eefng ki\u1ebfn th\u1ee9c m\u1edbi.<\/p>\n<p class=\"QN2lPu\">+ AN TO\u00c0N:\u00a0S\u1ea3n ph\u1ea9m \u0111\u01b0\u1ee3c l\u00e0m t\u1eeb ch\u1ea5t li\u1ec7u cao c\u1ea5p, kh\u00f4ng g\u00e2y k\u00edch \u1ee9ng cho da c\u1ee7a tr\u1ebb.<\/p>\n<p class=\"QN2lPu\">+ D\u1ec4 S\u1eec D\u1ee4NG:\u00a0Th\u1ea3m x\u1ebfp g\u1ecdn nh\u1eb9, ti\u1ec7n l\u1ee3i mang theo khi \u0111i du l\u1ecbch ho\u1eb7c c\u1ea5t \u0111i trong kho sau khi kh\u00f4ng s\u1eed d\u1ee5ng.<\/p>\n<p class=\"QN2lPu\">B\u00e9 c\u00f3 th\u1ec3 ch\u01a1i tr\u00ean b\u1ec1 m\u1eb7t m\u1ec1m c\u1ee7a s\u1ea3n ph\u1ea9m trong khi c\u00e1c b\u1eadc ph\u1ee5 huynh y\u00ean t\u00e2m v\u00ec t\u00ednh an to\u00e0n cao. \u0110\u1ed3 ng\u01b0\u1eddi l\u1edbn c\u00f3 t\u00ednh thi\u1ebft y\u1ebfu cao cho vi\u1ec7c nu\u00f4i d\u1ea1y con c\u00e1i t\u1eeb nh\u1eefng giaI \u0111o\u1ea1n \u0111\u1ea7u ti\u00ean c\u1ee7a cu\u1ed9c s\u1ed1 ng\u01b0\u1eddi<\/p>\n<p class=\"QN2lPu\">+ TI\u1ec6N L\u1ee2I: \u0110\u1ed9 d\u00e0y v\u1eeba ph\u1ea3i, kh\u00f4ng qu\u00e1 m\u1ecfng ho\u1eb7c qu\u00e1 d\u00e0y. C\u00f3 th\u1ec3 g\u1ea5p g\u1ecdn \u0111\u1ec3 ti\u1ec7n l\u1ee3i mang theo khi \u0111i ra ngo\u00e0i ho\u1eb7c du l\u1ecbch.<\/p>\n","protected":false},"excerpt":{"rendered":"<p>Th\u1ea3m x\u1ed1p cho b\u00e9 l\u00e0 s\u1ea3n ph\u1ea9m c\u1ea7n thi\u1ebft \u0111\u1ec3 t\u1ea1o m\u1ed9t kh\u00f4ng gian ch\u01a1i an to\u00e0n v\u00e0 tho\u1ea3i m\u00e1i cho b\u00e9 y\u00eau c\u1ee7a b\u1ea1n. V\u1edbi ch\u1ea5t li\u1ec7u x\u1ed1p cao c\u1ea5p, th\u1ea3m c\u00f3 \u0111\u1ed9 \u0111\u00e0n h\u1ed3i t\u1ed1t, gi\u00fap gi\u1ea3m thi\u1ec3u va ch\u1ea1m v\u00e0 tr\u00e1nh \u0111au khi b\u00e9 v\u1ea5p ng\u00e3. Th\u1ea3m x\u1ed1p cho b\u00e9 r\u1ea5t d\u1ec5 s\u1eed d\u1ee5ng. B\u1ea1n ch\u1ec9 c\u1ea7n b\u1ecf ra m\u1ed9t kho\u1ea3ng tr\u1ed1ng nh\u1ecf trong nh\u00e0 \u0111\u1ec3 b\u00e0y ra s\u1ea3n ph\u1ea9m n\u00e0y. B\u00e9 y\u00eau c\u1ee7a b\u1ea1n c\u00f3 th\u1ec3 t\u1ef1 do vui ch\u01a1i tr\u00ean chi\u1ebfc th\u1ea3m \u00eam \u00e1i n\u00e0y. Th\u1eadm ch\u00ed b\u1ea1n c\u00f3 th\u1ec3 k\u1ebft h\u1ee3 ph\u00eda c\u00e1c mi\u1ebfng gh\u00e9 c\u00e1c mi\u1ebfng l\u1ea1i th\u00e0nh khu v\u1ef1c r\u1ed9ng h\u01a1n. H\u00e3y t\u1ea1o kh\u00f4ng gian an to\u00e0n cho con y\u00eau c\u1ee7a b\u1ea1n t\u1eeb nh\u1eefng ng\u00e0y \u0111\u1ea7u ti\u00ean! TH\u00d4NG TIN S\u1ea2N PH\u1ea8M: Th\u1ea3m x\u1ed1p g\u1ea5p g\u1ecdn cho b\u00e9 Taf Toys: + Th\u01b0\u01a1ng hi\u1ec7u: Taf Toys &#8211; Th\u01b0\u01a1ng hi\u1ec7u h\u00e0ng \u0111\u1ea7u t\u1ea1i M\u1ef9 + Ch\u1ea5t li\u1ec7u: XPE + Paper cardboard Cao c\u1ea5p + K\u00edch th\u01b0\u1edbc: 1,5 x 2 m &#8211; K\u00edch th\u01b0\u1edbc \u0111\u00f3ng g\u00f3i: 74 x 41,5 x 11 cm + \u0110\u1ed9 d\u00e0y th\u1ea3m: V\u1edbi thi\u1ebft k\u1ebf 5 l\u1edbp ch\u1ea5t li\u1ec7u kh\u00e1c nhau v\u00e0 d\u00e0y 1cm =&gt; Th\u1ea3m x\u1ed1p c\u1ef1c k\u1ef3 b\u1ec1n, ch\u1ed1ng th\u1ea5m t\u1ed1t. + B\u1ed9 s\u1ea3n ph\u1ea9m g\u1ed3m: 1 Th\u1ea3m + 1 cu\u1ed1n s\u00e1ch 2 m\u1eb7t c\u1ef1c k\u00ec phong ph\u00fa. Th\u1ea3m x\u1ebfp khu v\u01b0\u1eddn TAF Toys l\u00e0 s\u1ea3n ph\u1ea9m gi\u00fap b\u00e9 vui ch\u01a1i v\u00e0 ph\u00e1t tri\u1ec3n gi\u00e1c quan t\u1ef1 nhi\u00ean, t\u01b0 duy s\u00e1ng t\u1ea1o v\u00e0 kh\u1ea3 n\u0103ng th\u00edch nghi. \u01afU \u0110I\u1ec2M N\u1ed4I B\u1eacT C\u1ee6A S\u1ea2N PH\u1ea8M: + THI\u1ebeT K\u1ebe \u0110A N\u0102NG:\u00a0Th\u1ea3m c\u00f3 h\u00ecnh \u1ea3nh sinh \u0111\u1ed9ng, m\u00e0u s\u1eafc b\u1eaft m\u1eaft gi\u00fap b\u00e9 kh\u00e1m ph\u00e1 v\u00e0 h\u1ecdc h\u1ecfi th\u00eam nh\u1eefng ki\u1ebfn th\u1ee9c m\u1edbi. + AN TO\u00c0N:\u00a0S\u1ea3n ph\u1ea9m \u0111\u01b0\u1ee3c l\u00e0m t\u1eeb ch\u1ea5t li\u1ec7u cao c\u1ea5p, kh\u00f4ng g\u00e2y k\u00edch \u1ee9ng cho da c\u1ee7a tr\u1ebb. + D\u1ec4 S\u1eec D\u1ee4NG:\u00a0Th\u1ea3m x\u1ebfp g\u1ecdn nh\u1eb9, ti\u1ec7n l\u1ee3i mang theo khi \u0111i du l\u1ecbch ho\u1eb7c c\u1ea5t \u0111i trong kho sau khi kh\u00f4ng s\u1eed d\u1ee5ng. B\u00e9 c\u00f3 th\u1ec3 ch\u01a1i tr\u00ean b\u1ec1 m\u1eb7t m\u1ec1m c\u1ee7a s\u1ea3n ph\u1ea9m trong khi c\u00e1c b\u1eadc ph\u1ee5 huynh y\u00ean t\u00e2m v\u00ec t\u00ednh an to\u00e0n cao. \u0110\u1ed3 ng\u01b0\u1eddi l\u1edbn c\u00f3 t\u00ednh thi\u1ebft y\u1ebfu cao cho vi\u1ec7c nu\u00f4i d\u1ea1y con c\u00e1i t\u1eeb nh\u1eefng giaI \u0111o\u1ea1n \u0111\u1ea7u ti\u00ean c\u1ee7a cu\u1ed9c s\u1ed1 ng\u01b0\u1eddi + TI\u1ec6N L\u1ee2I: \u0110\u1ed9 d\u00e0y v\u1eeba ph\u1ea3i, kh\u00f4ng qu\u00e1 m\u1ecfng ho\u1eb7c qu\u00e1 d\u00e0y. C\u00f3 th\u1ec3 g\u1ea5p g\u1ecdn \u0111\u1ec3 ti\u1ec7n l\u1ee3i mang theo khi \u0111i ra ngo\u00e0i ho\u1eb7c du l\u1ecbch.<\/p>\n","protected":false},"featured_media":383,"comment_status":"open","ping_status":"closed","template":"","meta":[],"product_brand":[],"product_cat":[20],"product_tag":[],"class_list":{"0":"post-372","1":"product","2":"type-product","3":"status-publish","4":"has-post-thumbnail","6":"product_cat-play-gyms","8":"first","9":"instock","10":"shipping-taxable","11":"purchasable","12":"product-type-simple"},"_links":{"self":[{"href":"https:\/\/taftoys.vn\/index.php?rest_route=\/wp\/v2\/product\/372","targetHints":{"allow":["GET"]}}],"collection":[{"href":"https:\/\/taftoys.vn\/index.php?rest_route=\/wp\/v2\/product"}],"about":[{"href":"https:\/\/taftoys.vn\/index.php?rest_route=\/wp\/v2\/types\/product"}],"replies":[{"embeddable":true,"href":"https:\/\/taftoys.vn\/index.php?rest_route=%2Fwp%2Fv2%2Fcomments&post=372"}],"version-history":[{"count":1,"href":"https:\/\/taftoys.vn\/index.php?rest_route=\/wp\/v2\/product\/372\/revisions"}],"predecessor-version":[{"id":616,"href":"https:\/\/taftoys.vn\/index.php?rest_route=\/wp\/v2\/product\/372\/revisions\/616"}],"wp:featuredmedia":[{"embeddable":true,"href":"https:\/\/taftoys.vn\/index.php?rest_route=\/wp\/v2\/media\/383"}],"wp:attachment":[{"href":"https:\/\/taftoys.vn\/index.php?rest_route=%2Fwp%2Fv2%2Fmedia&parent=372"}],"wp:term":[{"taxonomy":"product_brand","embeddable":true,"href":"https:\/\/taftoys.vn\/index.php?rest_route=%2Fwp%2Fv2%2Fproduct_brand&post=372"},{"taxonomy":"product_cat","embeddable":true,"href":"https:\/\/taftoys.vn\/index.php?rest_route=%2Fwp%2Fv2%2Fproduct_cat&post=372"},{"taxonomy":"product_tag","embeddable":true,"href":"https:\/\/taftoys.vn\/index.php?rest_route=%2Fwp%2Fv2%2Fproduct_tag&post=372"}],"curies":[{"name":"wp","href":"https:\/\/api.w.org\/{rel}","templated":true}]}}