{"id":384,"date":"2024-11-25T07:12:37","date_gmt":"2024-11-25T07:12:37","guid":{"rendered":"https:\/\/taftoys.vn\/?post_type=product&#038;p=384"},"modified":"2024-11-26T05:31:43","modified_gmt":"2024-11-26T05:31:43","slug":"tham-van-dong-360-co-nhac-savannah-360-activity-gym","status":"publish","type":"product","link":"https:\/\/taftoys.vn\/?product=tham-van-dong-360-co-nhac-savannah-360-activity-gym","title":{"rendered":"Th\u1ea3m v\u1eadn \u0111\u1ed9ng 360 c\u00f3 nh\u1ea1c &#8211; Savannah 360 activity gym"},"content":{"rendered":"<p>Chi\u1ebfc th\u1ea3m ch\u01a1i \u0111\u1ea7y m\u00e0u s\u1eafc n\u00e0y s\u1ebd v\u1eeba l\u00e0 \u0111\u1ed3 ch\u01a1i gi\u1ea3i tr\u00ed cho b\u00e9 v\u1eeba gi\u00fap b\u00e9 ph\u00e1t tri\u1ec3n n\u00e2ng cao th\u1ec3 ch\u1ea5t th\u00f4ng qua vi\u1ec7c v\u1eadn \u0111\u1ed9ng, ph\u00e1t tri\u1ec3n c\u00e1c gian quan c\u00f9ng v\u1edbi nh\u1eefng m\u00f3n \u0111\u1ed3 ch\u01a1i \u0111i k\u00e8m.<\/p>\n<p class=\"QN2lPu\">TH\u00d4NG TIN S\u1ea2N PH\u1ea8M: Th\u1ea3m x\u1ed1p g\u1ea5p g\u1ecdn cho b\u00e9 Taf Toys:<\/p>\n<p class=\"QN2lPu\">+ Th\u01b0\u01a1ng hi\u1ec7u: Taf Toys &#8211; Th\u01b0\u01a1ng hi\u1ec7u h\u00e0ng \u0111\u1ea7u t\u1ea1i M\u1ef9<\/p>\n<p class=\"QN2lPu\">+ Ch\u1ea5t li\u1ec7u: XPE + Paper cardboard Cao c\u1ea5p<\/p>\n<p class=\"QN2lPu\">+ \u0110\u1ed9 d\u00e0y th\u1ea3m: V\u1edbi thi\u1ebft k\u1ebf 5 l\u1edbp ch\u1ea5t li\u1ec7u kh\u00e1c nhau v\u00e0 d\u00e0y 1cm =&gt; Th\u1ea3m x\u1ed1p c\u1ef1c k\u1ef3 b\u1ec1n, ch\u1ed1ng th\u1ea5m t\u1ed1t.<\/p>\n<p class=\"QN2lPu\">+ B\u1ed9 s\u1ea3n ph\u1ea9m g\u1ed3m: 1 Th\u1ea3m v\u1eadn \u0111\u1ed9ng + 9 \u0110\u1ed3 ch\u01a1i \u0111i k\u00e8m: Th\u1ebb 2 m\u1eb7t, g\u1eb7m n\u01b0\u1edbu, n\u1ec7m th\u00eam, \u0111\u1ed3 ch\u01a1i,&#8230;<\/p>\n<p class=\"QN2lPu\">Th\u1ea3m ch\u01a1i cho b\u00e9 t\u1eeb 0m+ thi\u1ebft k\u1ebf t\u1ec9 m\u1ec9, phong ph\u00fa v\u00e0 \u0111a d\u1ea1ng ph\u00f9 h\u1ee3p v\u1edbi t\u1eebng giai \u0111o\u1ea1n cho b\u00e9:<\/p>\n<p class=\"QN2lPu\">+ Giai \u0111o\u1ea1n 0M+: V\u1edbi chi\u1ebfc th\u1ebb 2 m\u1eb7t gi\u00fap k\u00edch th\u00edch th\u1ecb gi\u00e1c cho b\u00e9<\/p>\n<p class=\"QN2lPu\">+ Giai \u0111o\u1ea1n 3M+: Ph\u00e1t tri\u1ec3n c\u01a1 ch\u00e2n Kick &amp; Play. G\u01b0\u01a1ng B\u00e9 gi\u00fap b\u00e9 nh\u1eadn th\u1ee9c<\/p>\n<p class=\"QN2lPu\">Nh\u1eefng chi\u1ebfc th\u1ebb 2 m\u1eb7t: C\u00f3 h\u00ecnh \u1ea3nh minh h\u1ecda =&gt; Gi\u00fap em ph\u00e1t tri\u1ec3n k\u1ef9 n\u0103ng nh\u1eadn bi\u1ebft \u0111\u1ed3 v\u1eadt.<\/p>\n<p class=\"QN2lPu\">Nh\u1eefng chi\u1ebfc \u0111\u1ed3 ch\u01a1i v\u1eadn \u0111\u1ed9ng: Gi\u00fap b\u00e9 ph\u00e1t tri\u1ec3n c\u00e1c gi\u00e1c quan.<\/p>\n<p class=\"QN2lPu\">\u01afU \u0110I\u1ec2M N\u1ed4I B\u1eacT C\u1ee6A S\u1ea2N PH\u1ea8M:<\/p>\n<p class=\"QN2lPu\">+ THI\u1ebeT K\u1ebe \u0110A N\u0102NG:\u00a0Th\u1ea3m c\u00f3 h\u00ecnh \u1ea3nh sinh \u0111\u1ed9ng, m\u00e0u s\u1eafc b\u1eaft m\u1eaft gi\u00fap b\u00e9 kh\u00e1m ph\u00e1 v\u00e0 h\u1ecdc h\u1ecfi th\u00eam nh\u1eefng ki\u1ebfn th\u1ee9c m\u1edbi.<\/p>\n<p class=\"QN2lPu\">+ AN TO\u00c0N:\u00a0S\u1ea3n ph\u1ea9m \u0111\u01b0\u1ee3c l\u00e0m t\u1eeb ch\u1ea5t li\u1ec7u cao c\u1ea5p, kh\u00f4ng g\u00e2y k\u00edch \u1ee9ng cho da c\u1ee7a tr\u1ebb.<\/p>\n<p class=\"QN2lPu\">+ D\u1ec4 S\u1eec D\u1ee4NG:\u00a0Th\u1ea3m x\u1ebfp g\u1ecdn nh\u1eb9, ti\u1ec7n l\u1ee3i mang theo khi \u0111i du l\u1ecbch ho\u1eb7c c\u1ea5t \u0111i trong kho sau khi kh\u00f4ng s\u1eed d\u1ee5ng.<\/p>\n<p class=\"QN2lPu\">B\u00e9 c\u00f3 th\u1ec3 ch\u01a1i tr\u00ean b\u1ec1 m\u1eb7t m\u1ec1m c\u1ee7a s\u1ea3n ph\u1ea9m trong khi c\u00e1c b\u1eadc ph\u1ee5 huynh y\u00ean t\u00e2m v\u00ec t\u00ednh an to\u00e0n cao. \u0110\u1ed3 ng\u01b0\u1eddi l\u1edbn c\u00f3 t\u00ednh thi\u1ebft y\u1ebfu cao cho vi\u1ec7c nu\u00f4i d\u1ea1y con c\u00e1i t\u1eeb nh\u1eefng giaI \u0111o\u1ea1n \u0111\u1ea7u ti\u00ean c\u1ee7a cu\u1ed9c s\u1ed1 ng\u01b0\u1eddi<\/p>\n<p class=\"QN2lPu\">+ TI\u1ec6N L\u1ee2I: \u0110\u1ed9 d\u00e0y v\u1eeba ph\u1ea3i, kh\u00f4ng qu\u00e1 m\u1ecfng ho\u1eb7c qu\u00e1 d\u00e0y. C\u00f3 th\u1ec3 g\u1ea5p g\u1ecdn \u0111\u1ec3 ti\u1ec7n l\u1ee3i mang theo khi \u0111i ra ngo\u00e0i ho\u1eb7c du l\u1ecbch.<\/p>\n","protected":false},"excerpt":{"rendered":"<p>Chi\u1ebfc th\u1ea3m ch\u01a1i \u0111\u1ea7y m\u00e0u s\u1eafc n\u00e0y s\u1ebd v\u1eeba l\u00e0 \u0111\u1ed3 ch\u01a1i gi\u1ea3i tr\u00ed cho b\u00e9 v\u1eeba gi\u00fap b\u00e9 ph\u00e1t tri\u1ec3n n\u00e2ng cao th\u1ec3 ch\u1ea5t th\u00f4ng qua vi\u1ec7c v\u1eadn \u0111\u1ed9ng, ph\u00e1t tri\u1ec3n c\u00e1c gian quan c\u00f9ng v\u1edbi nh\u1eefng m\u00f3n \u0111\u1ed3 ch\u01a1i \u0111i k\u00e8m. TH\u00d4NG TIN S\u1ea2N PH\u1ea8M: Th\u1ea3m x\u1ed1p g\u1ea5p g\u1ecdn cho b\u00e9 Taf Toys: + Th\u01b0\u01a1ng hi\u1ec7u: Taf Toys &#8211; Th\u01b0\u01a1ng hi\u1ec7u h\u00e0ng \u0111\u1ea7u t\u1ea1i M\u1ef9 + Ch\u1ea5t li\u1ec7u: XPE + Paper cardboard Cao c\u1ea5p + \u0110\u1ed9 d\u00e0y th\u1ea3m: V\u1edbi thi\u1ebft k\u1ebf 5 l\u1edbp ch\u1ea5t li\u1ec7u kh\u00e1c nhau v\u00e0 d\u00e0y 1cm =&gt; Th\u1ea3m x\u1ed1p c\u1ef1c k\u1ef3 b\u1ec1n, ch\u1ed1ng th\u1ea5m t\u1ed1t. + B\u1ed9 s\u1ea3n ph\u1ea9m g\u1ed3m: 1 Th\u1ea3m v\u1eadn \u0111\u1ed9ng + 9 \u0110\u1ed3 ch\u01a1i \u0111i k\u00e8m: Th\u1ebb 2 m\u1eb7t, g\u1eb7m n\u01b0\u1edbu, n\u1ec7m th\u00eam, \u0111\u1ed3 ch\u01a1i,&#8230; Th\u1ea3m ch\u01a1i cho b\u00e9 t\u1eeb 0m+ thi\u1ebft k\u1ebf t\u1ec9 m\u1ec9, phong ph\u00fa v\u00e0 \u0111a d\u1ea1ng ph\u00f9 h\u1ee3p v\u1edbi t\u1eebng giai \u0111o\u1ea1n cho b\u00e9: + Giai \u0111o\u1ea1n 0M+: V\u1edbi chi\u1ebfc th\u1ebb 2 m\u1eb7t gi\u00fap k\u00edch th\u00edch th\u1ecb gi\u00e1c cho b\u00e9 + Giai \u0111o\u1ea1n 3M+: Ph\u00e1t tri\u1ec3n c\u01a1 ch\u00e2n Kick &amp; Play. G\u01b0\u01a1ng B\u00e9 gi\u00fap b\u00e9 nh\u1eadn th\u1ee9c Nh\u1eefng chi\u1ebfc th\u1ebb 2 m\u1eb7t: C\u00f3 h\u00ecnh \u1ea3nh minh h\u1ecda =&gt; Gi\u00fap em ph\u00e1t tri\u1ec3n k\u1ef9 n\u0103ng nh\u1eadn bi\u1ebft \u0111\u1ed3 v\u1eadt. Nh\u1eefng chi\u1ebfc \u0111\u1ed3 ch\u01a1i v\u1eadn \u0111\u1ed9ng: Gi\u00fap b\u00e9 ph\u00e1t tri\u1ec3n c\u00e1c gi\u00e1c quan. \u01afU \u0110I\u1ec2M N\u1ed4I B\u1eacT C\u1ee6A S\u1ea2N PH\u1ea8M: + THI\u1ebeT K\u1ebe \u0110A N\u0102NG:\u00a0Th\u1ea3m c\u00f3 h\u00ecnh \u1ea3nh sinh \u0111\u1ed9ng, m\u00e0u s\u1eafc b\u1eaft m\u1eaft gi\u00fap b\u00e9 kh\u00e1m ph\u00e1 v\u00e0 h\u1ecdc h\u1ecfi th\u00eam nh\u1eefng ki\u1ebfn th\u1ee9c m\u1edbi. + AN TO\u00c0N:\u00a0S\u1ea3n ph\u1ea9m \u0111\u01b0\u1ee3c l\u00e0m t\u1eeb ch\u1ea5t li\u1ec7u cao c\u1ea5p, kh\u00f4ng g\u00e2y k\u00edch \u1ee9ng cho da c\u1ee7a tr\u1ebb. + D\u1ec4 S\u1eec D\u1ee4NG:\u00a0Th\u1ea3m x\u1ebfp g\u1ecdn nh\u1eb9, ti\u1ec7n l\u1ee3i mang theo khi \u0111i du l\u1ecbch ho\u1eb7c c\u1ea5t \u0111i trong kho sau khi kh\u00f4ng s\u1eed d\u1ee5ng. B\u00e9 c\u00f3 th\u1ec3 ch\u01a1i tr\u00ean b\u1ec1 m\u1eb7t m\u1ec1m c\u1ee7a s\u1ea3n ph\u1ea9m trong khi c\u00e1c b\u1eadc ph\u1ee5 huynh y\u00ean t\u00e2m v\u00ec t\u00ednh an to\u00e0n cao. \u0110\u1ed3 ng\u01b0\u1eddi l\u1edbn c\u00f3 t\u00ednh thi\u1ebft y\u1ebfu cao cho vi\u1ec7c nu\u00f4i d\u1ea1y con c\u00e1i t\u1eeb nh\u1eefng giaI \u0111o\u1ea1n \u0111\u1ea7u ti\u00ean c\u1ee7a cu\u1ed9c s\u1ed1 ng\u01b0\u1eddi + TI\u1ec6N L\u1ee2I: \u0110\u1ed9 d\u00e0y v\u1eeba ph\u1ea3i, kh\u00f4ng qu\u00e1 m\u1ecfng ho\u1eb7c qu\u00e1 d\u00e0y. C\u00f3 th\u1ec3 g\u1ea5p g\u1ecdn \u0111\u1ec3 ti\u1ec7n l\u1ee3i mang theo khi \u0111i ra ngo\u00e0i ho\u1eb7c du l\u1ecbch.<\/p>\n","protected":false},"featured_media":392,"comment_status":"open","ping_status":"closed","template":"","meta":[],"product_brand":[],"product_cat":[20],"product_tag":[],"class_list":{"0":"post-384","1":"product","2":"type-product","3":"status-publish","4":"has-post-thumbnail","6":"product_cat-play-gyms","8":"first","9":"instock","10":"shipping-taxable","11":"purchasable","12":"product-type-simple"},"_links":{"self":[{"href":"https:\/\/taftoys.vn\/index.php?rest_route=\/wp\/v2\/product\/384","targetHints":{"allow":["GET"]}}],"collection":[{"href":"https:\/\/taftoys.vn\/index.php?rest_route=\/wp\/v2\/product"}],"about":[{"href":"https:\/\/taftoys.vn\/index.php?rest_route=\/wp\/v2\/types\/product"}],"replies":[{"embeddable":true,"href":"https:\/\/taftoys.vn\/index.php?rest_route=%2Fwp%2Fv2%2Fcomments&post=384"}],"version-history":[{"count":2,"href":"https:\/\/taftoys.vn\/index.php?rest_route=\/wp\/v2\/product\/384\/revisions"}],"predecessor-version":[{"id":622,"href":"https:\/\/taftoys.vn\/index.php?rest_route=\/wp\/v2\/product\/384\/revisions\/622"}],"wp:featuredmedia":[{"embeddable":true,"href":"https:\/\/taftoys.vn\/index.php?rest_route=\/wp\/v2\/media\/392"}],"wp:attachment":[{"href":"https:\/\/taftoys.vn\/index.php?rest_route=%2Fwp%2Fv2%2Fmedia&parent=384"}],"wp:term":[{"taxonomy":"product_brand","embeddable":true,"href":"https:\/\/taftoys.vn\/index.php?rest_route=%2Fwp%2Fv2%2Fproduct_brand&post=384"},{"taxonomy":"product_cat","embeddable":true,"href":"https:\/\/taftoys.vn\/index.php?rest_route=%2Fwp%2Fv2%2Fproduct_cat&post=384"},{"taxonomy":"product_tag","embeddable":true,"href":"https:\/\/taftoys.vn\/index.php?rest_route=%2Fwp%2Fv2%2Fproduct_tag&post=384"}],"curies":[{"name":"wp","href":"https:\/\/api.w.org\/{rel}","templated":true}]}}