{"id":401,"date":"2024-11-25T07:23:50","date_gmt":"2024-11-25T07:23:50","guid":{"rendered":"https:\/\/taftoys.vn\/?post_type=product&#038;p=401"},"modified":"2024-11-26T05:37:59","modified_gmt":"2024-11-26T05:37:59","slug":"activity-buckles-board","status":"publish","type":"product","link":"https:\/\/taftoys.vn\/?product=activity-buckles-board","title":{"rendered":"Activity buckles board"},"content":{"rendered":"<p class=\"QN2lPu\">TH\u00d4NG TIN S\u1ea2N PH\u1ea8M: B\u1ea3ng \u0111\u1ed3 ch\u01a1i cho b\u00e9:<\/p>\n<p class=\"QN2lPu\">+ Th\u01b0\u01a1ng hi\u1ec7u: Taf Toys &#8211; Th\u01b0\u01a1ng hi\u1ec7u h\u00e0ng \u0111\u1ea7u t\u1ea1i M\u1ef9.<\/p>\n<p class=\"QN2lPu\">+ Ch\u1ea5t li\u1ec7u: PP + Polyesther<\/p>\n<p class=\"QN2lPu\">+ K\u00edch th\u01b0\u1edbc: 34,5 x 26,5 x 5 cm<\/p>\n<p class=\"QN2lPu\">+ B\u1ed9 \u0111\u1ed3 ch\u01a1i thi\u1ebft k\u1ebf 15 ho\u1ea1t \u0111\u1ed9ng gi\u00e1c quan. V\u00ed d\u1ee5 nh\u01b0: C\u00e0i d\u00e2y an to\u00e0n, M\u1eb7c qu\u1ea7n \u00e1o, H\u1ecdc s\u1ed1 \u0111\u1ebfm&#8230; =&gt; Gi\u00fap b\u00e9 ph\u00e1t tri\u1ec3n to\u00e0n di\u1ec7n c\u00e1c k\u1ef9 n\u0103ng, s\u1ef1 kh\u00e9o l\u00e9o, v\u1eadn \u0111\u1ed9ng linh ho\u1ea1t v\u00e0 gi\u1ea3i quy\u1ebft c\u00e1c v\u1ea5n \u0111\u1ec1.<\/p>\n<p class=\"QN2lPu\">+ C\u00e0i n\u00fat l\u00e0 m\u1ed9t h\u00e0nh \u0111\u1ed9ng \u0111a nhi\u1ec7m \u0111\u1ea7y th\u1eed th\u00e1ch. Th\u1ef1c h\u00e0nh s\u1eed d\u1ee5ng c\u00e1c k\u1ef9 n\u0103ng v\u1eadn \u0111\u1ed9ng tinh v\u00e0 l\u1eadp k\u1ebf ho\u1ea1ch tr\u01b0\u1edbc.<\/p>\n<p class=\"QN2lPu\">+ Nh\u1eadn bi\u1ebft s\u1ed1 &amp; m\u00e0u s\u1eafc\/\u0111\u1ebfm<\/p>\n<p class=\"QN2lPu\">+ 1 s\u1ed1 c\u00e1c ho\u1ea1t \u0111\u1ed9ng gi\u00fap b\u00e9 ph\u1ed1i h\u1ee3p c\u1ea3 tay v\u00e0 m\u1eaft =&gt; R\u00e8n \u0111\u1ed9 nhanh nh\u1ea1y cho b\u00e9.<\/p>\n<p>&nbsp;<\/p>\n","protected":false},"excerpt":{"rendered":"<p>TH\u00d4NG TIN S\u1ea2N PH\u1ea8M: B\u1ea3ng \u0111\u1ed3 ch\u01a1i cho b\u00e9: + Th\u01b0\u01a1ng hi\u1ec7u: Taf Toys &#8211; Th\u01b0\u01a1ng hi\u1ec7u h\u00e0ng \u0111\u1ea7u t\u1ea1i M\u1ef9. + Ch\u1ea5t li\u1ec7u: PP + Polyesther + K\u00edch th\u01b0\u1edbc: 34,5 x 26,5 x 5 cm + B\u1ed9 \u0111\u1ed3 ch\u01a1i thi\u1ebft k\u1ebf 15 ho\u1ea1t \u0111\u1ed9ng gi\u00e1c quan. V\u00ed d\u1ee5 nh\u01b0: C\u00e0i d\u00e2y an to\u00e0n, M\u1eb7c qu\u1ea7n \u00e1o, H\u1ecdc s\u1ed1 \u0111\u1ebfm&#8230; =&gt; Gi\u00fap b\u00e9 ph\u00e1t tri\u1ec3n to\u00e0n di\u1ec7n c\u00e1c k\u1ef9 n\u0103ng, s\u1ef1 kh\u00e9o l\u00e9o, v\u1eadn \u0111\u1ed9ng linh ho\u1ea1t v\u00e0 gi\u1ea3i quy\u1ebft c\u00e1c v\u1ea5n \u0111\u1ec1. + C\u00e0i n\u00fat l\u00e0 m\u1ed9t h\u00e0nh \u0111\u1ed9ng \u0111a nhi\u1ec7m \u0111\u1ea7y th\u1eed th\u00e1ch. Th\u1ef1c h\u00e0nh s\u1eed d\u1ee5ng c\u00e1c k\u1ef9 n\u0103ng v\u1eadn \u0111\u1ed9ng tinh v\u00e0 l\u1eadp k\u1ebf ho\u1ea1ch tr\u01b0\u1edbc. + Nh\u1eadn bi\u1ebft s\u1ed1 &amp; m\u00e0u s\u1eafc\/\u0111\u1ebfm + 1 s\u1ed1 c\u00e1c ho\u1ea1t \u0111\u1ed9ng gi\u00fap b\u00e9 ph\u1ed1i h\u1ee3p c\u1ea3 tay v\u00e0 m\u1eaft =&gt; R\u00e8n \u0111\u1ed9 nhanh nh\u1ea1y cho b\u00e9. &nbsp;<\/p>\n","protected":false},"featured_media":409,"comment_status":"open","ping_status":"closed","template":"","meta":[],"product_brand":[],"product_cat":[24],"product_tag":[],"class_list":{"0":"post-401","1":"product","2":"type-product","3":"status-publish","4":"has-post-thumbnail","6":"product_cat-bang-van-dong","8":"first","9":"instock","10":"shipping-taxable","11":"purchasable","12":"product-type-simple"},"_links":{"self":[{"href":"https:\/\/taftoys.vn\/index.php?rest_route=\/wp\/v2\/product\/401","targetHints":{"allow":["GET"]}}],"collection":[{"href":"https:\/\/taftoys.vn\/index.php?rest_route=\/wp\/v2\/product"}],"about":[{"href":"https:\/\/taftoys.vn\/index.php?rest_route=\/wp\/v2\/types\/product"}],"replies":[{"embeddable":true,"href":"https:\/\/taftoys.vn\/index.php?rest_route=%2Fwp%2Fv2%2Fcomments&post=401"}],"version-history":[{"count":2,"href":"https:\/\/taftoys.vn\/index.php?rest_route=\/wp\/v2\/product\/401\/revisions"}],"predecessor-version":[{"id":626,"href":"https:\/\/taftoys.vn\/index.php?rest_route=\/wp\/v2\/product\/401\/revisions\/626"}],"wp:featuredmedia":[{"embeddable":true,"href":"https:\/\/taftoys.vn\/index.php?rest_route=\/wp\/v2\/media\/409"}],"wp:attachment":[{"href":"https:\/\/taftoys.vn\/index.php?rest_route=%2Fwp%2Fv2%2Fmedia&parent=401"}],"wp:term":[{"taxonomy":"product_brand","embeddable":true,"href":"https:\/\/taftoys.vn\/index.php?rest_route=%2Fwp%2Fv2%2Fproduct_brand&post=401"},{"taxonomy":"product_cat","embeddable":true,"href":"https:\/\/taftoys.vn\/index.php?rest_route=%2Fwp%2Fv2%2Fproduct_cat&post=401"},{"taxonomy":"product_tag","embeddable":true,"href":"https:\/\/taftoys.vn\/index.php?rest_route=%2Fwp%2Fv2%2Fproduct_tag&post=401"}],"curies":[{"name":"wp","href":"https:\/\/api.w.org\/{rel}","templated":true}]}}