{"id":410,"date":"2024-11-25T07:26:19","date_gmt":"2024-11-25T07:26:19","guid":{"rendered":"https:\/\/taftoys.vn\/?post_type=product&#038;p=410"},"modified":"2024-11-26T05:44:59","modified_gmt":"2024-11-26T05:44:59","slug":"developmental-activity-center","status":"publish","type":"product","link":"https:\/\/taftoys.vn\/?product=developmental-activity-center","title":{"rendered":"Developmental Activity center"},"content":{"rendered":"<p>B\u1ea3ng b\u1eadn r\u1ed9n Busy board &#8211; R\u00e8n luy\u1ec7n k\u1ef9 n\u0103ng v\u1eadn \u0111\u1ed9ng tinh l\u00e0 k\u1ef9 n\u0103ng c\u01a1 b\u1ea3n nh\u1ea5t Busy board \u0111em l\u1ea1i, bao g\u1ed3m k\u1ef9 n\u0103ng c\u1ea7m, n\u1eafm, v\u1eb7n, k\u00e9o, \u0111\u1ea7y\u2026 cho \u0111\u00f4i tay th\u00eam ph\u1ea7n kh\u00e9o l\u00e9o, c\u1ea3 tay ph\u1ea3i v\u00e0 tay tr\u00e1i. \u0110i\u1ec1u \u0111\u00f3 s\u1ebd gi\u00fap b\u00e9 ph\u00e1t tri\u1ec3n \u0111\u1ed3ng \u0111\u1ec1u c\u1ea3 n\u00e3o tr\u00e1i v\u00e0 n\u00e3o ph\u1ea3i.<\/p>\n<p class=\"QN2lPu\">TH\u00d4NG TIN S\u1ea2N PH\u1ea8M: B\u1ea3ng V\u1eadn \u0110\u1ed9ng TAF TOYS cho b\u00e9:<\/p>\n<p class=\"QN2lPu\">\u25cf T\u00ean s\u1ea3n ph\u1ea9m: Developmental Activity center &#8211; B\u1ea3ng \u0111\u1ed3 ch\u01a1i ph\u00e1t tri\u1ec3n k\u1ef9 n\u0103ng c\u00f3 nh\u1ea1c<\/p>\n<p class=\"QN2lPu\">\u25cf Ch\u1ea5t li\u1ec7u: Polyester + Plastic stifner + PETG + ABS + PP &#8211; \u0110\u1ea3m b\u1ea3o an to\u00e0n cho b\u00e9 khi ch\u01a1i.<\/p>\n<p class=\"QN2lPu\">\u25cf S\u1ea3n ph\u1ea9m thu\u1ed9c th\u01b0\u01a1ng hi\u1ec7u Taf Toys &#8211; M\u1ef9<\/p>\n<p class=\"QN2lPu\">\u25cf B\u1ea3o h\u00e0nh: 1 \u0111\u1ed5i 1 trong 7 ng\u00e0y n\u1ebfu c\u00f3 l\u1ed7i do s\u1ea3n xu\u1ea5t.<\/p>\n<p class=\"QN2lPu\">\u25cf S\u1ea3n ph\u1ea9m thi\u1ebft k\u1ebf d\u00e0nh cho b\u00e9 t\u1eeb 0m+<\/p>\n<p class=\"QN2lPu\">+ Giai \u0111o\u1ea1n 1: 0M+ &#8211; N\u1eb1m ng\u1eeda &#8211; B\u00e9 c\u00f3 th\u1ec3 kh\u00e1m ph\u00e1 v\u00e0 tr\u1ea3i nghi\u1ec7m nhi\u1ec1u t\u00ednh n\u0103ng v\u00e0 l\u1ef1a ch\u1ecdn vui ch\u01a1i kh\u00e1c nhau khi n\u1eb1m ng\u1eeda ho\u1eb7c n\u1eb1m s\u1ea5p.<\/p>\n<p class=\"QN2lPu\">+ Giai \u0111o\u1ea1n 2: 3M+ &#8211; Th\u1eddi gian n\u1eb1m s\u1ea5p &#8211; Nhi\u1ec1u t\u00ednh n\u0103ng \u0111\u1ec3 ch\u01a1i v\u00e0 kh\u00e1m ph\u00e1 \u0111\u1ec3 b\u00e9 c\u00f3 th\u1ec3 vui ch\u01a1i l\u00e2u d\u00e0i khi n\u1eb1m s\u1ea5p. Cu\u1ed1n s\u00e1ch c\u0169ng c\u00f3 th\u1ec3 \u0111\u1ee9ng ri\u00eang \u0111\u1ec3 gi\u00fap khuy\u1ebfn kh\u00edch tr\u1ebb ch\u01a1i \u0111\u00f9a trong l\u00fac n\u1eb1m s\u1ea5p.<\/p>\n<p class=\"QN2lPu\">+ Giai \u0111o\u1ea1n 3: 8M+ &#8211; T\u01b0 th\u1ebf ng\u1ed3i &#8211; Th\u00edch h\u1ee3p nh\u01b0 m\u1ed9t m\u00f3n \u0111\u1ed3 ch\u01a1i v\u1eadn \u0111\u1ed9ng khi b\u00e9 v\u1eadn \u0111\u1ed9ng nhi\u1ec1u h\u01a1n v\u00e0 b\u1eaft \u0111\u1ea7u ng\u1ed3i d\u1eady ch\u01a1i tr\u00ean s\u00e0n. Khuy\u1ebfn kh\u00edch s\u1ef1 t\u01b0\u01a1ng t\u00e1c vui ch\u01a1i gi\u1eefa cha m\u1eb9 v\u00e0 con c\u00e1i v\u00e0 ho\u1ea1t \u0111\u1ed9ng chung.<\/p>\n<p class=\"QN2lPu\">T\u00cdNH N\u0102NG C\u1ee6A S\u1ea2N PH\u1ea8M:<\/p>\n<p class=\"QN2lPu\">1. \u0110A N\u0102NG: B\u1ea3ng \u0111\u1ed3 ch\u01a1i c\u00f3 r\u1ea5t nhi\u1ec1u chi ti\u1ebft kh\u00e1c nhau v\u1edbi nhi\u1ec1u m\u1ee5c \u0111\u00edch kh\u00e1c nhau. Bao g\u1ed3m 13 ho\u1ea1t \u0111\u1ed9ng ph\u00e1t tri\u1ec3n \u0111\u1ec3 c\u00f9ng ch\u01a1i v\u00e0 kh\u00e1m ph\u00e1: ch\u00fa th\u1ecf \u00e2m nh\u1ea1c v\u00e0 \u00e1nh s\u00e1ng, ho\u1ea1t \u0111\u1ed9ng nh\u1eb7t b\u00f3ng, qu\u1ea3 b\u00f3ng trong su\u1ed1t l\u1ea1ch c\u1ea1ch, B\u00e1nh c\u00f3c, nh\u1eefng d\u1ea3i ruy b\u0103ng \u0111\u1ea7y m\u00e0u s\u1eafc, g\u01b0\u01a1ng an to\u00e0n cho tr\u1ebb em, m\u00ea cung v\u1edbi nh\u1eefng chi\u1ebfc nh\u1eabn \u0111\u1ea7y m\u00e0u s\u1eafc v\u00e0 h\u01a1n th\u1ebf n\u1eefa.<\/p>\n<p class=\"QN2lPu\">2. G\u01af\u01a0NG AN TO\u00c0N CHO B\u00c9: G\u01b0\u01a1ng \u1edf m\u1ed9t b\u00ean c\u1ee7a s\u00e1ch c\u00f3 hoa v\u0103n \u0111en tr\u1eafng c\u00f3 \u0111\u1ed9 t\u01b0\u01a1ng ph\u1ea3n cao v\u00e0 thi\u1ebft k\u1ebf \u0111\u1ed9ng v\u1eadt tinh t\u1ebf, t\u1ea1o \u0111i\u1ec1u ki\u1ec7n thu\u1eadn l\u1ee3i cho s\u1ef1 ph\u00e1t tri\u1ec3n th\u1ecb gi\u00e1c c\u1ee7a b\u00e9 v\u00e0 thay \u0111\u1ed5i theo s\u1ef1 l\u1edbn l\u00ean c\u1ee7a ch\u00fang.<\/p>\n<p class=\"QN2lPu\">3. PH\u00c1T TRI\u1ec2N K\u1ef8 N\u0102NG: Ch\u01a1i v\u1edbi c\u00e1c t\u00ednh n\u0103ng kh\u00e1c nhau khuy\u1ebfn kh\u00edch b\u00e9 ph\u00e1t tri\u1ec3n c\u00e1c gi\u00e1c quan, k\u1ef9 n\u0103ng v\u1eadn \u0111\u1ed9ng tinh v\u00e0 th\u00f4 c\u0169ng nh\u01b0 ph\u1ed1i h\u1ee3p tay m\u1eaft.<\/p>\n<p class=\"QN2lPu\">4. T\u01af\u01a0NG T\u00c1C V\u1edaI CON C\u1ee6A CHA M\u1eb8: B\u1ea3ng v\u1eadn \u0111\u1ed9ng thi\u1ebft k\u1ebf cho ph\u00e9p b\u1ea1n v\u00e0 con b\u1ea1n th\u01b0\u1edfng th\u1ee9c c\u00e1c tr\u00f2 ch\u01a1i t\u01b0\u01a1ng t\u00e1c gi\u1eefa cha m\u1eb9 v\u00e0 con c\u00e1i.<\/p>\n","protected":false},"excerpt":{"rendered":"<p>B\u1ea3ng b\u1eadn r\u1ed9n Busy board &#8211; R\u00e8n luy\u1ec7n k\u1ef9 n\u0103ng v\u1eadn \u0111\u1ed9ng tinh l\u00e0 k\u1ef9 n\u0103ng c\u01a1 b\u1ea3n nh\u1ea5t Busy board \u0111em l\u1ea1i, bao g\u1ed3m k\u1ef9 n\u0103ng c\u1ea7m, n\u1eafm, v\u1eb7n, k\u00e9o, \u0111\u1ea7y\u2026 cho \u0111\u00f4i tay th\u00eam ph\u1ea7n kh\u00e9o l\u00e9o, c\u1ea3 tay ph\u1ea3i v\u00e0 tay tr\u00e1i. \u0110i\u1ec1u \u0111\u00f3 s\u1ebd gi\u00fap b\u00e9 ph\u00e1t tri\u1ec3n \u0111\u1ed3ng \u0111\u1ec1u c\u1ea3 n\u00e3o tr\u00e1i v\u00e0 n\u00e3o ph\u1ea3i. TH\u00d4NG TIN S\u1ea2N PH\u1ea8M: B\u1ea3ng V\u1eadn \u0110\u1ed9ng TAF TOYS cho b\u00e9: \u25cf T\u00ean s\u1ea3n ph\u1ea9m: Developmental Activity center &#8211; B\u1ea3ng \u0111\u1ed3 ch\u01a1i ph\u00e1t tri\u1ec3n k\u1ef9 n\u0103ng c\u00f3 nh\u1ea1c \u25cf Ch\u1ea5t li\u1ec7u: Polyester + Plastic stifner + PETG + ABS + PP &#8211; \u0110\u1ea3m b\u1ea3o an to\u00e0n cho b\u00e9 khi ch\u01a1i. \u25cf S\u1ea3n ph\u1ea9m thu\u1ed9c th\u01b0\u01a1ng hi\u1ec7u Taf Toys &#8211; M\u1ef9 \u25cf B\u1ea3o h\u00e0nh: 1 \u0111\u1ed5i 1 trong 7 ng\u00e0y n\u1ebfu c\u00f3 l\u1ed7i do s\u1ea3n xu\u1ea5t. \u25cf S\u1ea3n ph\u1ea9m thi\u1ebft k\u1ebf d\u00e0nh cho b\u00e9 t\u1eeb 0m+ + Giai \u0111o\u1ea1n 1: 0M+ &#8211; N\u1eb1m ng\u1eeda &#8211; B\u00e9 c\u00f3 th\u1ec3 kh\u00e1m ph\u00e1 v\u00e0 tr\u1ea3i nghi\u1ec7m nhi\u1ec1u t\u00ednh n\u0103ng v\u00e0 l\u1ef1a ch\u1ecdn vui ch\u01a1i kh\u00e1c nhau khi n\u1eb1m ng\u1eeda ho\u1eb7c n\u1eb1m s\u1ea5p. + Giai \u0111o\u1ea1n 2: 3M+ &#8211; Th\u1eddi gian n\u1eb1m s\u1ea5p &#8211; Nhi\u1ec1u t\u00ednh n\u0103ng \u0111\u1ec3 ch\u01a1i v\u00e0 kh\u00e1m ph\u00e1 \u0111\u1ec3 b\u00e9 c\u00f3 th\u1ec3 vui ch\u01a1i l\u00e2u d\u00e0i khi n\u1eb1m s\u1ea5p. Cu\u1ed1n s\u00e1ch c\u0169ng c\u00f3 th\u1ec3 \u0111\u1ee9ng ri\u00eang \u0111\u1ec3 gi\u00fap khuy\u1ebfn kh\u00edch tr\u1ebb ch\u01a1i \u0111\u00f9a trong l\u00fac n\u1eb1m s\u1ea5p. + Giai \u0111o\u1ea1n 3: 8M+ &#8211; T\u01b0 th\u1ebf ng\u1ed3i &#8211; Th\u00edch h\u1ee3p nh\u01b0 m\u1ed9t m\u00f3n \u0111\u1ed3 ch\u01a1i v\u1eadn \u0111\u1ed9ng khi b\u00e9 v\u1eadn \u0111\u1ed9ng nhi\u1ec1u h\u01a1n v\u00e0 b\u1eaft \u0111\u1ea7u ng\u1ed3i d\u1eady ch\u01a1i tr\u00ean s\u00e0n. Khuy\u1ebfn kh\u00edch s\u1ef1 t\u01b0\u01a1ng t\u00e1c vui ch\u01a1i gi\u1eefa cha m\u1eb9 v\u00e0 con c\u00e1i v\u00e0 ho\u1ea1t \u0111\u1ed9ng chung. T\u00cdNH N\u0102NG C\u1ee6A S\u1ea2N PH\u1ea8M: 1. \u0110A N\u0102NG: B\u1ea3ng \u0111\u1ed3 ch\u01a1i c\u00f3 r\u1ea5t nhi\u1ec1u chi ti\u1ebft kh\u00e1c nhau v\u1edbi nhi\u1ec1u m\u1ee5c \u0111\u00edch kh\u00e1c nhau. Bao g\u1ed3m 13 ho\u1ea1t \u0111\u1ed9ng ph\u00e1t tri\u1ec3n \u0111\u1ec3 c\u00f9ng ch\u01a1i v\u00e0 kh\u00e1m ph\u00e1: ch\u00fa th\u1ecf \u00e2m nh\u1ea1c v\u00e0 \u00e1nh s\u00e1ng, ho\u1ea1t \u0111\u1ed9ng nh\u1eb7t b\u00f3ng, qu\u1ea3 b\u00f3ng trong su\u1ed1t l\u1ea1ch c\u1ea1ch, B\u00e1nh c\u00f3c, nh\u1eefng d\u1ea3i ruy b\u0103ng \u0111\u1ea7y m\u00e0u s\u1eafc, g\u01b0\u01a1ng an to\u00e0n cho tr\u1ebb em, m\u00ea cung v\u1edbi nh\u1eefng chi\u1ebfc nh\u1eabn \u0111\u1ea7y m\u00e0u s\u1eafc v\u00e0 h\u01a1n th\u1ebf n\u1eefa. 2. G\u01af\u01a0NG AN TO\u00c0N CHO B\u00c9: G\u01b0\u01a1ng \u1edf m\u1ed9t b\u00ean c\u1ee7a s\u00e1ch c\u00f3 hoa v\u0103n \u0111en tr\u1eafng c\u00f3 \u0111\u1ed9 t\u01b0\u01a1ng ph\u1ea3n cao v\u00e0 thi\u1ebft k\u1ebf \u0111\u1ed9ng v\u1eadt tinh t\u1ebf, t\u1ea1o \u0111i\u1ec1u ki\u1ec7n thu\u1eadn l\u1ee3i cho s\u1ef1 ph\u00e1t tri\u1ec3n th\u1ecb gi\u00e1c c\u1ee7a b\u00e9 v\u00e0 thay \u0111\u1ed5i theo s\u1ef1 l\u1edbn l\u00ean c\u1ee7a ch\u00fang. 3. PH\u00c1T TRI\u1ec2N K\u1ef8 N\u0102NG: Ch\u01a1i v\u1edbi c\u00e1c t\u00ednh n\u0103ng kh\u00e1c nhau khuy\u1ebfn kh\u00edch b\u00e9 ph\u00e1t tri\u1ec3n c\u00e1c gi\u00e1c quan, k\u1ef9 n\u0103ng v\u1eadn \u0111\u1ed9ng tinh v\u00e0 th\u00f4 c\u0169ng nh\u01b0 ph\u1ed1i h\u1ee3p tay m\u1eaft. 4. T\u01af\u01a0NG T\u00c1C V\u1edaI CON C\u1ee6A CHA M\u1eb8: B\u1ea3ng v\u1eadn \u0111\u1ed9ng thi\u1ebft k\u1ebf cho ph\u00e9p b\u1ea1n v\u00e0 con b\u1ea1n th\u01b0\u1edfng th\u1ee9c c\u00e1c tr\u00f2 ch\u01a1i t\u01b0\u01a1ng t\u00e1c gi\u1eefa cha m\u1eb9 v\u00e0 con c\u00e1i.<\/p>\n","protected":false},"featured_media":417,"comment_status":"open","ping_status":"closed","template":"","meta":[],"product_brand":[],"product_cat":[24],"product_tag":[],"class_list":{"0":"post-410","1":"product","2":"type-product","3":"status-publish","4":"has-post-thumbnail","6":"product_cat-bang-van-dong","8":"first","9":"instock","10":"shipping-taxable","11":"purchasable","12":"product-type-simple"},"_links":{"self":[{"href":"https:\/\/taftoys.vn\/index.php?rest_route=\/wp\/v2\/product\/410","targetHints":{"allow":["GET"]}}],"collection":[{"href":"https:\/\/taftoys.vn\/index.php?rest_route=\/wp\/v2\/product"}],"about":[{"href":"https:\/\/taftoys.vn\/index.php?rest_route=\/wp\/v2\/types\/product"}],"replies":[{"embeddable":true,"href":"https:\/\/taftoys.vn\/index.php?rest_route=%2Fwp%2Fv2%2Fcomments&post=410"}],"version-history":[{"count":2,"href":"https:\/\/taftoys.vn\/index.php?rest_route=\/wp\/v2\/product\/410\/revisions"}],"predecessor-version":[{"id":628,"href":"https:\/\/taftoys.vn\/index.php?rest_route=\/wp\/v2\/product\/410\/revisions\/628"}],"wp:featuredmedia":[{"embeddable":true,"href":"https:\/\/taftoys.vn\/index.php?rest_route=\/wp\/v2\/media\/417"}],"wp:attachment":[{"href":"https:\/\/taftoys.vn\/index.php?rest_route=%2Fwp%2Fv2%2Fmedia&parent=410"}],"wp:term":[{"taxonomy":"product_brand","embeddable":true,"href":"https:\/\/taftoys.vn\/index.php?rest_route=%2Fwp%2Fv2%2Fproduct_brand&post=410"},{"taxonomy":"product_cat","embeddable":true,"href":"https:\/\/taftoys.vn\/index.php?rest_route=%2Fwp%2Fv2%2Fproduct_cat&post=410"},{"taxonomy":"product_tag","embeddable":true,"href":"https:\/\/taftoys.vn\/index.php?rest_route=%2Fwp%2Fv2%2Fproduct_tag&post=410"}],"curies":[{"name":"wp","href":"https:\/\/api.w.org\/{rel}","templated":true}]}}