{"id":418,"date":"2024-11-25T07:28:48","date_gmt":"2024-11-25T07:28:48","guid":{"rendered":"https:\/\/taftoys.vn\/?post_type=product&#038;p=418"},"modified":"2024-11-26T05:57:35","modified_gmt":"2024-11-26T05:57:35","slug":"bunny-stacker-truck","status":"publish","type":"product","link":"https:\/\/taftoys.vn\/?product=bunny-stacker-truck","title":{"rendered":"Bunny stacker truck"},"content":{"rendered":"<p>Chi\u1ebfc xe n\u00e0y mang \u0111\u1ebfn ni\u1ec1m vui b\u1ea5t t\u1eadn, \u0111\u1ed3ng th\u1eddi h\u1ed7 tr\u1ee3 ph\u00e1t tri\u1ec3n k\u1ef9 n\u0103ng v\u1eadn \u0111\u1ed9ng tinh v\u00e0 ph\u1ed1i h\u1ee3p tay-m\u1eaft th\u00f4ng qua vi\u1ec7c x\u1ebfp v\u00f2ng. M\u1ed9t t\u00ednh n\u0103ng th\u00fa v\u1ecb l\u00e0 ph\u1ea7n x\u1ebfp ch\u1ed3ng c\u00f3 th\u1ec3 xoay k\u00e8m \u00e2m thanh l\u00e1ch c\u00e1ch vui nh\u1ed9n khi xe di chuy\u1ec3n, khuy\u1ebfn kh\u00edch b\u00e9 kh\u00e1m ph\u00e1 v\u00e0 t\u1eadp b\u00f2.<br \/>\nV\u1edbi c\u00e1c v\u00f2ng x\u1ebfp d\u1ea1ng ph\u1eb3ng d\u1ec5 c\u1ea7m n\u1eafm, \u0111\u1ebf x\u1ebfp ch\u1ed3ng c\u00f3 th\u1ec3 th\u00e1o r\u1eddi, v\u00e0 thi\u1ebft k\u1ebf r\u1ef1c r\u1ee1, chi\u1ebfc xe kh\u00f4ng ch\u1ec9 gi\u00fap ph\u00e1t tri\u1ec3n k\u1ef9 n\u0103ng v\u1eadn \u0111\u1ed9ng th\u00f4 m\u00e0 c\u00f2n h\u1ed7 tr\u1ee3 b\u00e9 t\u1eadp b\u00f2.<\/p>\n<div class=\"flex-1 overflow-hidden\">\n<div class=\"h-full\">\n<div class=\"react-scroll-to-bottom--css-qseid-79elbk h-full\">\n<div class=\"react-scroll-to-bottom--css-qseid-1n7m0yu\">\n<div class=\"flex flex-col text-sm\">\n<article class=\"w-full scroll-mb-[var(--thread-trailing-height,150px)] text-token-text-primary focus-visible:outline-2 focus-visible:outline-offset-[-4px]\" dir=\"auto\" data-testid=\"conversation-turn-5\" data-scroll-anchor=\"true\">\n<div class=\"m-auto text-base py-[18px] px-3 md:px-4 w-full md:px-5 lg:px-4 xl:px-5\">\n<div class=\"mx-auto flex flex-1 gap-4 text-base md:gap-5 lg:gap-6 md:max-w-3xl lg:max-w-[40rem] xl:max-w-[48rem]\">\n<div class=\"group\/conversation-turn relative flex w-full min-w-0 flex-col agent-turn\">\n<div class=\"flex-col gap-1 md:gap-3\">\n<div class=\"flex max-w-full flex-col flex-grow\">\n<div class=\"min-h-8 text-message flex w-full flex-col items-end gap-2 whitespace-normal break-words [.text-message+&amp;]:mt-5\" dir=\"auto\" data-message-author-role=\"assistant\" data-message-id=\"1cf183ac-4cde-4df9-9b0a-315370ceec87\" data-message-model-slug=\"gpt-4o\">\n<div class=\"flex w-full flex-col gap-1 empty:hidden first:pt-[3px]\">\n<div class=\"markdown prose w-full break-words dark:prose-invert light\">\n<p>Kh\u00f4ng ch\u1ee9a BPA, phthalate, th\u1ee7y ng\u00e2n, \u0111\u01b0\u1ee3c l\u00e0m t\u1eeb v\u1eadt li\u1ec7u ch\u1ea5t l\u01b0\u1ee3ng cao.<br \/>\n<strong>K\u00edch th\u01b0\u1edbc<\/strong>: R\u1ed9ng 27,5 cm x Cao 17 cm.<\/p>\n<\/div>\n<\/div>\n<\/div>\n<\/div>\n<div class=\"pr-2 lg:pr-0\"><\/div>\n<div class=\"mt-3 w-full empty:hidden\">\n<div class=\"text-center\"><\/div>\n<\/div>\n<\/div>\n<\/div>\n<\/div>\n<\/div>\n<\/article>\n<\/div>\n<\/div>\n<\/div>\n<\/div>\n<\/div>\n<div class=\"md:pt-0 dark:border-white\/20 md:border-transparent md:dark:border-transparent w-full\">\n<div>\n<div class=\"m-auto text-base px-3 md:px-4 w-full md:px-5 lg:px-4 xl:px-5\">\n<div class=\"mx-auto flex flex-1 gap-4 text-base md:gap-5 lg:gap-6 md:max-w-3xl lg:max-w-[40rem] xl:max-w-[48rem]\">\n<div class=\"flex justify-center\"><\/div>\n<\/div>\n<\/div>\n<\/div>\n<\/div>\n","protected":false},"excerpt":{"rendered":"<p>Chi\u1ebfc xe n\u00e0y mang \u0111\u1ebfn ni\u1ec1m vui b\u1ea5t t\u1eadn, \u0111\u1ed3ng th\u1eddi h\u1ed7 tr\u1ee3 ph\u00e1t tri\u1ec3n k\u1ef9 n\u0103ng v\u1eadn \u0111\u1ed9ng tinh v\u00e0 ph\u1ed1i h\u1ee3p tay-m\u1eaft th\u00f4ng qua vi\u1ec7c x\u1ebfp v\u00f2ng. M\u1ed9t t\u00ednh n\u0103ng th\u00fa v\u1ecb l\u00e0 ph\u1ea7n x\u1ebfp ch\u1ed3ng c\u00f3 th\u1ec3 xoay k\u00e8m \u00e2m thanh l\u00e1ch c\u00e1ch vui nh\u1ed9n khi xe di chuy\u1ec3n, khuy\u1ebfn kh\u00edch b\u00e9 kh\u00e1m ph\u00e1 v\u00e0 t\u1eadp b\u00f2. V\u1edbi c\u00e1c v\u00f2ng x\u1ebfp d\u1ea1ng ph\u1eb3ng d\u1ec5 c\u1ea7m n\u1eafm, \u0111\u1ebf x\u1ebfp ch\u1ed3ng c\u00f3 th\u1ec3 th\u00e1o r\u1eddi, v\u00e0 thi\u1ebft k\u1ebf r\u1ef1c r\u1ee1, chi\u1ebfc xe kh\u00f4ng ch\u1ec9 gi\u00fap ph\u00e1t tri\u1ec3n k\u1ef9 n\u0103ng v\u1eadn \u0111\u1ed9ng th\u00f4 m\u00e0 c\u00f2n h\u1ed7 tr\u1ee3 b\u00e9 t\u1eadp b\u00f2. Kh\u00f4ng ch\u1ee9a BPA, phthalate, th\u1ee7y ng\u00e2n, \u0111\u01b0\u1ee3c l\u00e0m t\u1eeb v\u1eadt li\u1ec7u ch\u1ea5t l\u01b0\u1ee3ng cao. K\u00edch th\u01b0\u1edbc: R\u1ed9ng 27,5 cm x Cao 17 cm.<\/p>\n","protected":false},"featured_media":422,"comment_status":"open","ping_status":"closed","template":"","meta":[],"product_brand":[],"product_cat":[23],"product_tag":[],"class_list":{"0":"post-418","1":"product","2":"type-product","3":"status-publish","4":"has-post-thumbnail","6":"product_cat-do-choi","8":"first","9":"instock","10":"shipping-taxable","11":"purchasable","12":"product-type-simple"},"_links":{"self":[{"href":"https:\/\/taftoys.vn\/index.php?rest_route=\/wp\/v2\/product\/418","targetHints":{"allow":["GET"]}}],"collection":[{"href":"https:\/\/taftoys.vn\/index.php?rest_route=\/wp\/v2\/product"}],"about":[{"href":"https:\/\/taftoys.vn\/index.php?rest_route=\/wp\/v2\/types\/product"}],"replies":[{"embeddable":true,"href":"https:\/\/taftoys.vn\/index.php?rest_route=%2Fwp%2Fv2%2Fcomments&post=418"}],"version-history":[{"count":2,"href":"https:\/\/taftoys.vn\/index.php?rest_route=\/wp\/v2\/product\/418\/revisions"}],"predecessor-version":[{"id":630,"href":"https:\/\/taftoys.vn\/index.php?rest_route=\/wp\/v2\/product\/418\/revisions\/630"}],"wp:featuredmedia":[{"embeddable":true,"href":"https:\/\/taftoys.vn\/index.php?rest_route=\/wp\/v2\/media\/422"}],"wp:attachment":[{"href":"https:\/\/taftoys.vn\/index.php?rest_route=%2Fwp%2Fv2%2Fmedia&parent=418"}],"wp:term":[{"taxonomy":"product_brand","embeddable":true,"href":"https:\/\/taftoys.vn\/index.php?rest_route=%2Fwp%2Fv2%2Fproduct_brand&post=418"},{"taxonomy":"product_cat","embeddable":true,"href":"https:\/\/taftoys.vn\/index.php?rest_route=%2Fwp%2Fv2%2Fproduct_cat&post=418"},{"taxonomy":"product_tag","embeddable":true,"href":"https:\/\/taftoys.vn\/index.php?rest_route=%2Fwp%2Fv2%2Fproduct_tag&post=418"}],"curies":[{"name":"wp","href":"https:\/\/api.w.org\/{rel}","templated":true}]}}