{"id":423,"date":"2024-11-25T07:30:48","date_gmt":"2024-11-25T07:30:48","guid":{"rendered":"https:\/\/taftoys.vn\/?post_type=product&#038;p=423"},"modified":"2024-11-26T05:59:19","modified_gmt":"2024-11-26T05:59:19","slug":"hunny-bunny-stacker","status":"publish","type":"product","link":"https:\/\/taftoys.vn\/?product=hunny-bunny-stacker","title":{"rendered":"Hunny bunny stacker"},"content":{"rendered":"<p class=\"QN2lPu\">\u0110\u1ed3 Ch\u01a1i Th\u00e1p X\u1ebfp Ch\u1ed3ng H\u00ecnh Kh\u1ed1i Ch\u00fa Th\u1ecf Nhi\u1ec1u M\u00e0u S\u1eafc &#8211; \u0110\u1ed3 Ch\u01a1i X\u00fac X\u1eafc Cho B\u00e9 T\u1eeb 9M+ &#8211; TAF TOYS<\/p>\n<p class=\"QN2lPu\">\u0110\u1ed3 ch\u01a1i gi\u00e1o d\u1ee5c s\u1edbm gi\u00fap b\u00e9 ph\u00e1t tri\u1ec3n \u0111a gi\u00e1c quan, th\u1ecb gi\u00e1c, th\u00ednh gi\u00e1c \u0111\u1ebfn x\u00fac gi\u00e1c. B\u00e9 \u0111\u01b0\u1ee3c h\u1ecdc th\u00eam v\u1ec1 h\u00ecnh kh\u1ed1i, m\u00e0u s\u1eafc, s\u1ed1 \u0111\u1ebfm, x\u1ebfp h\u00ecnh, gi\u00fap ph\u00e1t tri\u1ec3n n\u00e3o b\u1ed9. Tu\u1ed5i th\u01a1 c\u1ee7a con s\u1ebd tr\u00f4i qua v\u1edbi nh\u1eefng gi\u00e2y ph\u00fat th\u1eadt h\u1ea1nh ph\u00fac v\u00e0 \u00fd ngh\u0129a.<\/p>\n<p class=\"QN2lPu\">\u01afU \u0110I\u1ec2M N\u1ed4I B\u1eacT C\u1ee6A S\u1ea2N PH\u1ea8M: \u0110\u1ed3 ch\u01a1i x\u00fac x\u1eafc cho b\u00e9:<\/p>\n<p class=\"QN2lPu\">+ Th\u00e1p v\u1edbi 4 v\u00f2ng tr\u00f2n m\u00e0u s\u1eafc kh\u00e1c v\u00e0 v\u00e0 h\u00ecnh ch\u00fa th\u1ecf xinh x\u1eafn \u1edf tr\u00ean c\u00f9ng.<\/p>\n<p class=\"QN2lPu\">+ Thi\u1ebft k\u1ebf \u0111\u1ebf b\u1eb1ng ph\u1eb3ng gi\u00fap em b\u00e9 c\u00f3 th\u1ec3 d\u1ec5 d\u00e0ng v\u1edbi t\u1edbi.<\/p>\n<p class=\"QN2lPu\">+ \u0110i\u1ec3m \u0111\u1eb7c bi\u1ec7t c\u1ee7a thi\u1ebft k\u1ebf l\u00e0 ph\u1ea7n tay c\u1ea7m b\u1eb1ng v\u00f2ng tr\u00f2n gi\u00fap b\u00e9 d\u1ec5 c\u1ea7m n\u1eafm v\u00e0 kh\u00e1m ph\u00e1.<\/p>\n<p class=\"QN2lPu\">+ Ngo\u00e0i ra th\u00ec c\u00f3 nh\u1eefng h\u1ea1t x\u00fac x\u1eafc nh\u1ecf sinh \u0111\u1ed9ng v\u00e0 lu\u00f4n t\u1ea1o c\u1ea3m gi\u00e1c th\u00edch th\u00fa cho em b\u00e9.<\/p>\n<p class=\"QN2lPu\">+ M\u00e0u s\u1eafc t\u01b0\u01a1i gi\u00e1c v\u00e0 thi\u1ebft k\u1ebf v\u1edbi nh\u1eefng h\u1ea1t v\u00f2ng xoay c\u00f9ng l\u00fac gi\u00fap b\u00e9 ph\u00e1t tri\u1ec3n gi\u00e1c quan.<\/p>\n<p class=\"QN2lPu\">+ Vi\u1ec7c s\u1eafp x\u1ebfp c\u00e1c h\u00ecnh tr\u00f2n s\u1ebd gi\u00fap n\u00e2ng cao s\u1ef1 k\u1ebft h\u1ee3p c\u1ee7a m\u1eaft tay v\u00e0 ph\u00e1t tri\u1ec3n v\u1eadn \u0111\u1ed9ng tinh.<\/p>\n<p class=\"QN2lPu\">=&gt; T\u1eeb \u0111\u00f3, em b\u00e9 s\u1ebd t\u0103ng kh\u1ea3 n\u0103ng nh\u1eadn bi\u1ebft b\u1eb1ng vi\u1ec7c h\u1ecdc nh\u1eefng m\u00e0u s\u1eafc v\u00e0 k\u00edch th\u01b0\u1edbc kh\u00e1c nhau c\u1ee7a v\u00f2ng tr\u00f2n trong qu\u00e1 tr\u00ecnh gi\u1ea3i quy\u1ebft v\u1ea5n \u0111\u1ec1.<\/p>\n<p class=\"QN2lPu\">TH\u00d4NG TIN S\u1ea2N PH\u1ea8M:<\/p>\n<p class=\"QN2lPu\">\u25cf T\u00ean s\u1ea3n ph\u1ea9m: \u0110\u1ed3 Ch\u01a1i Th\u00e1p X\u1ebfp Ch\u1ed3ng \u2013 Hunny Bunny stacker<\/p>\n<p class=\"QN2lPu\">\u25cf Ch\u1ea5t li\u1ec7u: Polyester + Nh\u1ef1a ABS &#8211; An to\u00e0n cho b\u00e9 khi ch\u01a1i.<\/p>\n<p class=\"QN2lPu\">\u25cf K\u00edch th\u01b0\u1edbc: 13x15x26cm<\/p>\n<p class=\"QN2lPu\">\u25cf S\u1ea3n ph\u1ea9m thu\u1ed9c th\u01b0\u01a1ng hi\u1ec7u TAF TOYS &#8211; M\u1ef9<\/p>\n<p class=\"QN2lPu\">\u25cf B\u1ea3o h\u00e0nh: 1 \u0111\u1ed5i 1 trong 7 ng\u00e0y n\u1ebfu c\u00f3 l\u1ed7i do s\u1ea3n xu\u1ea5t.<\/p>\n","protected":false},"excerpt":{"rendered":"<p>\u0110\u1ed3 Ch\u01a1i Th\u00e1p X\u1ebfp Ch\u1ed3ng H\u00ecnh Kh\u1ed1i Ch\u00fa Th\u1ecf Nhi\u1ec1u M\u00e0u S\u1eafc &#8211; \u0110\u1ed3 Ch\u01a1i X\u00fac X\u1eafc Cho B\u00e9 T\u1eeb 9M+ &#8211; TAF TOYS \u0110\u1ed3 ch\u01a1i gi\u00e1o d\u1ee5c s\u1edbm gi\u00fap b\u00e9 ph\u00e1t tri\u1ec3n \u0111a gi\u00e1c quan, th\u1ecb gi\u00e1c, th\u00ednh gi\u00e1c \u0111\u1ebfn x\u00fac gi\u00e1c. B\u00e9 \u0111\u01b0\u1ee3c h\u1ecdc th\u00eam v\u1ec1 h\u00ecnh kh\u1ed1i, m\u00e0u s\u1eafc, s\u1ed1 \u0111\u1ebfm, x\u1ebfp h\u00ecnh, gi\u00fap ph\u00e1t tri\u1ec3n n\u00e3o b\u1ed9. Tu\u1ed5i th\u01a1 c\u1ee7a con s\u1ebd tr\u00f4i qua v\u1edbi nh\u1eefng gi\u00e2y ph\u00fat th\u1eadt h\u1ea1nh ph\u00fac v\u00e0 \u00fd ngh\u0129a. \u01afU \u0110I\u1ec2M N\u1ed4I B\u1eacT C\u1ee6A S\u1ea2N PH\u1ea8M: \u0110\u1ed3 ch\u01a1i x\u00fac x\u1eafc cho b\u00e9: + Th\u00e1p v\u1edbi 4 v\u00f2ng tr\u00f2n m\u00e0u s\u1eafc kh\u00e1c v\u00e0 v\u00e0 h\u00ecnh ch\u00fa th\u1ecf xinh x\u1eafn \u1edf tr\u00ean c\u00f9ng. + Thi\u1ebft k\u1ebf \u0111\u1ebf b\u1eb1ng ph\u1eb3ng gi\u00fap em b\u00e9 c\u00f3 th\u1ec3 d\u1ec5 d\u00e0ng v\u1edbi t\u1edbi. + \u0110i\u1ec3m \u0111\u1eb7c bi\u1ec7t c\u1ee7a thi\u1ebft k\u1ebf l\u00e0 ph\u1ea7n tay c\u1ea7m b\u1eb1ng v\u00f2ng tr\u00f2n gi\u00fap b\u00e9 d\u1ec5 c\u1ea7m n\u1eafm v\u00e0 kh\u00e1m ph\u00e1. + Ngo\u00e0i ra th\u00ec c\u00f3 nh\u1eefng h\u1ea1t x\u00fac x\u1eafc nh\u1ecf sinh \u0111\u1ed9ng v\u00e0 lu\u00f4n t\u1ea1o c\u1ea3m gi\u00e1c th\u00edch th\u00fa cho em b\u00e9. + M\u00e0u s\u1eafc t\u01b0\u01a1i gi\u00e1c v\u00e0 thi\u1ebft k\u1ebf v\u1edbi nh\u1eefng h\u1ea1t v\u00f2ng xoay c\u00f9ng l\u00fac gi\u00fap b\u00e9 ph\u00e1t tri\u1ec3n gi\u00e1c quan. + Vi\u1ec7c s\u1eafp x\u1ebfp c\u00e1c h\u00ecnh tr\u00f2n s\u1ebd gi\u00fap n\u00e2ng cao s\u1ef1 k\u1ebft h\u1ee3p c\u1ee7a m\u1eaft tay v\u00e0 ph\u00e1t tri\u1ec3n v\u1eadn \u0111\u1ed9ng tinh. =&gt; T\u1eeb \u0111\u00f3, em b\u00e9 s\u1ebd t\u0103ng kh\u1ea3 n\u0103ng nh\u1eadn bi\u1ebft b\u1eb1ng vi\u1ec7c h\u1ecdc nh\u1eefng m\u00e0u s\u1eafc v\u00e0 k\u00edch th\u01b0\u1edbc kh\u00e1c nhau c\u1ee7a v\u00f2ng tr\u00f2n trong qu\u00e1 tr\u00ecnh gi\u1ea3i quy\u1ebft v\u1ea5n \u0111\u1ec1. TH\u00d4NG TIN S\u1ea2N PH\u1ea8M: \u25cf T\u00ean s\u1ea3n ph\u1ea9m: \u0110\u1ed3 Ch\u01a1i Th\u00e1p X\u1ebfp Ch\u1ed3ng \u2013 Hunny Bunny stacker \u25cf Ch\u1ea5t li\u1ec7u: Polyester + Nh\u1ef1a ABS &#8211; An to\u00e0n cho b\u00e9 khi ch\u01a1i. \u25cf K\u00edch th\u01b0\u1edbc: 13x15x26cm \u25cf S\u1ea3n ph\u1ea9m thu\u1ed9c th\u01b0\u01a1ng hi\u1ec7u TAF TOYS &#8211; M\u1ef9 \u25cf B\u1ea3o h\u00e0nh: 1 \u0111\u1ed5i 1 trong 7 ng\u00e0y n\u1ebfu c\u00f3 l\u1ed7i do s\u1ea3n xu\u1ea5t.<\/p>\n","protected":false},"featured_media":428,"comment_status":"open","ping_status":"closed","template":"","meta":[],"product_brand":[],"product_cat":[23],"product_tag":[],"class_list":{"0":"post-423","1":"product","2":"type-product","3":"status-publish","4":"has-post-thumbnail","6":"product_cat-do-choi","8":"first","9":"instock","10":"shipping-taxable","11":"purchasable","12":"product-type-simple"},"_links":{"self":[{"href":"https:\/\/taftoys.vn\/index.php?rest_route=\/wp\/v2\/product\/423","targetHints":{"allow":["GET"]}}],"collection":[{"href":"https:\/\/taftoys.vn\/index.php?rest_route=\/wp\/v2\/product"}],"about":[{"href":"https:\/\/taftoys.vn\/index.php?rest_route=\/wp\/v2\/types\/product"}],"replies":[{"embeddable":true,"href":"https:\/\/taftoys.vn\/index.php?rest_route=%2Fwp%2Fv2%2Fcomments&post=423"}],"version-history":[{"count":2,"href":"https:\/\/taftoys.vn\/index.php?rest_route=\/wp\/v2\/product\/423\/revisions"}],"predecessor-version":[{"id":632,"href":"https:\/\/taftoys.vn\/index.php?rest_route=\/wp\/v2\/product\/423\/revisions\/632"}],"wp:featuredmedia":[{"embeddable":true,"href":"https:\/\/taftoys.vn\/index.php?rest_route=\/wp\/v2\/media\/428"}],"wp:attachment":[{"href":"https:\/\/taftoys.vn\/index.php?rest_route=%2Fwp%2Fv2%2Fmedia&parent=423"}],"wp:term":[{"taxonomy":"product_brand","embeddable":true,"href":"https:\/\/taftoys.vn\/index.php?rest_route=%2Fwp%2Fv2%2Fproduct_brand&post=423"},{"taxonomy":"product_cat","embeddable":true,"href":"https:\/\/taftoys.vn\/index.php?rest_route=%2Fwp%2Fv2%2Fproduct_cat&post=423"},{"taxonomy":"product_tag","embeddable":true,"href":"https:\/\/taftoys.vn\/index.php?rest_route=%2Fwp%2Fv2%2Fproduct_tag&post=423"}],"curies":[{"name":"wp","href":"https:\/\/api.w.org\/{rel}","templated":true}]}}