{"id":460,"date":"2024-11-25T11:39:56","date_gmt":"2024-11-25T11:39:56","guid":{"rendered":"https:\/\/taftoys.vn\/?post_type=product&#038;p=460"},"modified":"2024-11-26T06:11:36","modified_gmt":"2024-11-26T06:11:36","slug":"sach-vai-chu-de-khu-vuon-urban-garden-pram-book","status":"publish","type":"product","link":"https:\/\/taftoys.vn\/?product=sach-vai-chu-de-khu-vuon-urban-garden-pram-book","title":{"rendered":"S\u00e1ch v\u1ea3i ch\u1ee7 \u0111\u1ec1 khu v\u01b0\u1eddn &#8211; Urban garden Pram book"},"content":{"rendered":"<p class=\"QN2lPu\">S\u00e1ch V\u1ea3i TAF TOYS C\u00f3 D\u00e2y Treo K\u00edch Th\u00edch Th\u1ecb Gi\u00e1c Cho B\u00e9 Ch\u1ea5t Li\u1ec7u Polyester Cao C\u1ea5p An to\u00e0n Khi S\u1eed D\u1ee5ng.<\/p>\n<p class=\"QN2lPu\">B\u1ed9 s\u00e1ch v\u1ea3i Taf Toys ph\u1ee5c v\u1ee5 trong giai \u0111o\u1ea1n tr\u1ebb ch\u01b0a nh\u00ecn \u0111\u01b0\u1ee3c nhi\u1ec1u ngo\u00e0i nh\u1eefng m\u00e0u s\u00e1c t\u01b0\u01a1ng ph\u1ea3n m\u1ea1nh. Nh\u01b0ng kh\u00f4ng d\u1eebng l\u1ea1i \u1edf \u0111\u00f3, s\u1ea3n ph\u1ea9m c\u00f2n ph\u1ee5c v\u1ee5 cho tr\u1ebb th\u1eddi \u0111i\u1ec3m l\u1edbn h\u01a1n nh\u01b0 m\u1ed9t cu\u1ed1n s\u00e1ch v\u1ea3i v\u1edbi c\u00e1c m\u00e0u s\u1eafc \u0111a d\u1ea1ng k\u00edch th\u00edch th\u1ecb gi\u00e1c.<\/p>\n<p class=\"QN2lPu\">\u01afU \u0110I\u1ec2M N\u1ed4I B\u1eacT C\u1ee6A S\u1ea2N PH\u1ea8M:S\u00e1ch v\u1ea3i Taf Toys k\u00edch th\u00edch th\u1ecb gi\u00e1c cho b\u00e9:<\/p>\n<p class=\"QN2lPu\">+ S\u1ea3n ph\u1ea9m \u0111\u01b0\u1ee3c thi\u1ebft k\u1ebf tinh t\u1ebf v\u1edbi nhi\u1ec1u chi ti\u1ebft nh\u1ecf \u0111\u01b0\u1ee3c may c\u1ea9n th\u1eadn. V\u1eadt li\u1ec7u s\u1eed d\u1ee5ng an to\u00e0n.<\/p>\n<p class=\"QN2lPu\">+ Nh\u01b0 1 s\u00e1ch v\u1ea3i t\u01b0\u01a1ng t\u00e1c v\u1edbi c\u00e1c t\u01b0\u01a1ng t\u00e1c l\u1eadt m\u1edf, \u00fa \u00f2a th\u00fa v\u1ecb.<\/p>\n<p class=\"QN2lPu\">+ B\u1ed9 S\u00e1ch v\u1ea3i ki\u00eam qu\u00e2y n\u00f4i k\u00edch th\u00edch th\u1ecb gi\u00e1c g\u1ed3m 2 m\u1eb7t:<\/p>\n<p class=\"QN2lPu\">&#8211; 1 m\u1eb7t g\u1ed3m nh\u1eefng h\u00ecnh v\u1ebd v\u1edbi hai m\u00e0u ch\u1ee7 \u0111\u1ea1o t\u01b0\u01a1ng ph\u1ea3n m\u1ea1nh \u0111en tr\u1eafng ph\u00f9 h\u1ee3p v\u1edbi b\u00e9 t\u1eeb 0 &#8211; 3 th\u00e1ng tu\u1ed5i<\/p>\n<p class=\"QN2lPu\">&#8211; 1 m\u1eb7t c\u00f3 m\u00e0u s\u1eafc, h\u00ecnh \u1ea3nh sinh \u0111\u1ed9ng ph\u00f9 h\u1ee3p v\u1edbi nh\u1eefng b\u00e9 t\u1eeb 3 th\u00e1ng tr\u1edf l\u00ean<\/p>\n<p class=\"QN2lPu\">+ B\u00ean trong c\u00f3 c\u00e1c ti\u1ebfng x\u00fac x\u1eafc, ch\u00fat ch\u00edt thu h\u00fat b\u00e9<\/p>\n<p class=\"QN2lPu\">+ C\u00f3 th\u1ec3 xem l\u00e0 th\u1ebb g\u1ea5p k\u00edch th\u00edch th\u1ecb gi\u00e1c cho tr\u1ebb s\u01a1 sinh, tranh cho b\u00e9 xem<\/p>\n<p class=\"QN2lPu\">TH\u00d4NG TIN S\u1ea2N PH\u1ea8M: S\u00e1ch V\u1ea3i Treo cho b\u00e9<\/p>\n<p class=\"QN2lPu\">\u25cf Th\u01b0\u01a1ng hi\u1ec7u: Taf Toys &#8211; Th\u01b0\u01a1ng hi\u1ec7u h\u00e0ng \u0111\u1ea7u t\u1ea1i M\u1ef9<\/p>\n<p class=\"QN2lPu\">\u25cf Ch\u1ea5t li\u1ec7u: Polyester + PE + PETG + EVA + PP &#8211; \u0110\u01b0\u1ee3c ch\u1ecdn l\u1ecdc k\u1ef9 c\u00e0ng v\u00e0 an to\u00e0n cho b\u00e9<\/p>\n<p class=\"QN2lPu\">\u25cf K\u00edch th\u01b0\u1edbc: 27x4x25cm<\/p>\n<p class=\"QN2lPu\">\u25cf C\u00f3 d\u00e2y \u0111\u1ec3 Treo l\u00ean th\u00e0nh n\u00f4i, Xe \u0111\u1ea9y<\/p>\n<p class=\"QN2lPu\">\u25cf S\u00e1ch v\u1ea3i thi\u1ebft k\u1ebf 2 m\u1eb7t<\/p>\n<p class=\"QN2lPu\">\u25cf Ph\u00f9 h\u1ee3p cho b\u00e9 t\u1eeb 0m+<\/p>\n","protected":false},"excerpt":{"rendered":"<p>S\u00e1ch V\u1ea3i TAF TOYS C\u00f3 D\u00e2y Treo K\u00edch Th\u00edch Th\u1ecb Gi\u00e1c Cho B\u00e9 Ch\u1ea5t Li\u1ec7u Polyester Cao C\u1ea5p An to\u00e0n Khi S\u1eed D\u1ee5ng. B\u1ed9 s\u00e1ch v\u1ea3i Taf Toys ph\u1ee5c v\u1ee5 trong giai \u0111o\u1ea1n tr\u1ebb ch\u01b0a nh\u00ecn \u0111\u01b0\u1ee3c nhi\u1ec1u ngo\u00e0i nh\u1eefng m\u00e0u s\u00e1c t\u01b0\u01a1ng ph\u1ea3n m\u1ea1nh. Nh\u01b0ng kh\u00f4ng d\u1eebng l\u1ea1i \u1edf \u0111\u00f3, s\u1ea3n ph\u1ea9m c\u00f2n ph\u1ee5c v\u1ee5 cho tr\u1ebb th\u1eddi \u0111i\u1ec3m l\u1edbn h\u01a1n nh\u01b0 m\u1ed9t cu\u1ed1n s\u00e1ch v\u1ea3i v\u1edbi c\u00e1c m\u00e0u s\u1eafc \u0111a d\u1ea1ng k\u00edch th\u00edch th\u1ecb gi\u00e1c. \u01afU \u0110I\u1ec2M N\u1ed4I B\u1eacT C\u1ee6A S\u1ea2N PH\u1ea8M:S\u00e1ch v\u1ea3i Taf Toys k\u00edch th\u00edch th\u1ecb gi\u00e1c cho b\u00e9: + S\u1ea3n ph\u1ea9m \u0111\u01b0\u1ee3c thi\u1ebft k\u1ebf tinh t\u1ebf v\u1edbi nhi\u1ec1u chi ti\u1ebft nh\u1ecf \u0111\u01b0\u1ee3c may c\u1ea9n th\u1eadn. V\u1eadt li\u1ec7u s\u1eed d\u1ee5ng an to\u00e0n. + Nh\u01b0 1 s\u00e1ch v\u1ea3i t\u01b0\u01a1ng t\u00e1c v\u1edbi c\u00e1c t\u01b0\u01a1ng t\u00e1c l\u1eadt m\u1edf, \u00fa \u00f2a th\u00fa v\u1ecb. + B\u1ed9 S\u00e1ch v\u1ea3i ki\u00eam qu\u00e2y n\u00f4i k\u00edch th\u00edch th\u1ecb gi\u00e1c g\u1ed3m 2 m\u1eb7t: &#8211; 1 m\u1eb7t g\u1ed3m nh\u1eefng h\u00ecnh v\u1ebd v\u1edbi hai m\u00e0u ch\u1ee7 \u0111\u1ea1o t\u01b0\u01a1ng ph\u1ea3n m\u1ea1nh \u0111en tr\u1eafng ph\u00f9 h\u1ee3p v\u1edbi b\u00e9 t\u1eeb 0 &#8211; 3 th\u00e1ng tu\u1ed5i &#8211; 1 m\u1eb7t c\u00f3 m\u00e0u s\u1eafc, h\u00ecnh \u1ea3nh sinh \u0111\u1ed9ng ph\u00f9 h\u1ee3p v\u1edbi nh\u1eefng b\u00e9 t\u1eeb 3 th\u00e1ng tr\u1edf l\u00ean + B\u00ean trong c\u00f3 c\u00e1c ti\u1ebfng x\u00fac x\u1eafc, ch\u00fat ch\u00edt thu h\u00fat b\u00e9 + C\u00f3 th\u1ec3 xem l\u00e0 th\u1ebb g\u1ea5p k\u00edch th\u00edch th\u1ecb gi\u00e1c cho tr\u1ebb s\u01a1 sinh, tranh cho b\u00e9 xem TH\u00d4NG TIN S\u1ea2N PH\u1ea8M: S\u00e1ch V\u1ea3i Treo cho b\u00e9 \u25cf Th\u01b0\u01a1ng hi\u1ec7u: Taf Toys &#8211; Th\u01b0\u01a1ng hi\u1ec7u h\u00e0ng \u0111\u1ea7u t\u1ea1i M\u1ef9 \u25cf Ch\u1ea5t li\u1ec7u: Polyester + PE + PETG + EVA + PP &#8211; \u0110\u01b0\u1ee3c ch\u1ecdn l\u1ecdc k\u1ef9 c\u00e0ng v\u00e0 an to\u00e0n cho b\u00e9 \u25cf K\u00edch th\u01b0\u1edbc: 27x4x25cm \u25cf C\u00f3 d\u00e2y \u0111\u1ec3 Treo l\u00ean th\u00e0nh n\u00f4i, Xe \u0111\u1ea9y \u25cf S\u00e1ch v\u1ea3i thi\u1ebft k\u1ebf 2 m\u1eb7t \u25cf Ph\u00f9 h\u1ee3p cho b\u00e9 t\u1eeb 0m+<\/p>\n","protected":false},"featured_media":467,"comment_status":"open","ping_status":"closed","template":"","meta":[],"product_brand":[],"product_cat":[21],"product_tag":[],"class_list":{"0":"post-460","1":"product","2":"type-product","3":"status-publish","4":"has-post-thumbnail","6":"product_cat-sach-vai","8":"first","9":"instock","10":"shipping-taxable","11":"purchasable","12":"product-type-simple"},"_links":{"self":[{"href":"https:\/\/taftoys.vn\/index.php?rest_route=\/wp\/v2\/product\/460","targetHints":{"allow":["GET"]}}],"collection":[{"href":"https:\/\/taftoys.vn\/index.php?rest_route=\/wp\/v2\/product"}],"about":[{"href":"https:\/\/taftoys.vn\/index.php?rest_route=\/wp\/v2\/types\/product"}],"replies":[{"embeddable":true,"href":"https:\/\/taftoys.vn\/index.php?rest_route=%2Fwp%2Fv2%2Fcomments&post=460"}],"version-history":[{"count":2,"href":"https:\/\/taftoys.vn\/index.php?rest_route=\/wp\/v2\/product\/460\/revisions"}],"predecessor-version":[{"id":637,"href":"https:\/\/taftoys.vn\/index.php?rest_route=\/wp\/v2\/product\/460\/revisions\/637"}],"wp:featuredmedia":[{"embeddable":true,"href":"https:\/\/taftoys.vn\/index.php?rest_route=\/wp\/v2\/media\/467"}],"wp:attachment":[{"href":"https:\/\/taftoys.vn\/index.php?rest_route=%2Fwp%2Fv2%2Fmedia&parent=460"}],"wp:term":[{"taxonomy":"product_brand","embeddable":true,"href":"https:\/\/taftoys.vn\/index.php?rest_route=%2Fwp%2Fv2%2Fproduct_brand&post=460"},{"taxonomy":"product_cat","embeddable":true,"href":"https:\/\/taftoys.vn\/index.php?rest_route=%2Fwp%2Fv2%2Fproduct_cat&post=460"},{"taxonomy":"product_tag","embeddable":true,"href":"https:\/\/taftoys.vn\/index.php?rest_route=%2Fwp%2Fv2%2Fproduct_tag&post=460"}],"curies":[{"name":"wp","href":"https:\/\/api.w.org\/{rel}","templated":true}]}}