{"id":468,"date":"2024-11-25T11:42:36","date_gmt":"2024-11-25T11:42:36","guid":{"rendered":"https:\/\/taftoys.vn\/?post_type=product&#038;p=468"},"modified":"2024-11-26T06:18:46","modified_gmt":"2024-11-26T06:18:46","slug":"sach-vai-treo-koala-koala-clip-on-pram-book","status":"publish","type":"product","link":"https:\/\/taftoys.vn\/?product=sach-vai-treo-koala-koala-clip-on-pram-book","title":{"rendered":"S\u00e1ch v\u1ea3i treo &#8211; Koala Koala clip on pram book"},"content":{"rendered":"<p>S\u00e1ch v\u1ea3i m\u1ec1m hai m\u1eb7t cho b\u00e9 v\u1edbi nh\u1eefng h\u00ecnh \u0111\u1eb9p m\u1eaft t\u1eeb b\u1ed9 s\u01b0u t\u1eadp Koala Daydream, c\u00e1c ho\u1ea1t \u0111\u1ed9ng 3D, g\u01b0\u01a1ng an to\u00e0n cho b\u00e9. Cu\u1ed1n s\u00e1ch v\u1ea3i m\u1ec1m hai m\u1eb7t n\u00e0y \u0111\u01b0\u1ee3c thi\u1ebft k\u1ebf v\u1edbi m\u00e0u s\u1eafc t\u01b0\u01a1ng ph\u1ea3n cao gi\u00fap ph\u00e1t tri\u1ec3n th\u1ecb gi\u00e1c cho b\u00e9 trong giai \u0111o\u1ea1n \u0111\u1ea7u. S\u00e1u t\u1ea5m v\u1edbi m\u00e0u s\u1eafc v\u00e0 h\u1ecda ti\u1ebft t\u01b0\u01a1ng ph\u1ea3n cao, c\u00e1c h\u00ecnh v\u1ebd khu\u00f4n m\u1eb7t c\u01b0\u1eddi v\u00e0 g\u01b0\u01a1ng an to\u00e0n cho b\u00e9, h\u1ed7 tr\u1ee3 ph\u00e1t tri\u1ec3n th\u1ecb gi\u00e1c trong giai \u0111o\u1ea1n \u0111\u1ea7u.<br \/>\nS\u1ea3n ph\u1ea9m \u0111i k\u00e8m v\u1edbi 2 k\u1eb9p nh\u1ef1a \u0111\u1ec3 gi\u1eef s\u00e1ch \u1ed5n \u0111\u1ecbnh trong xe \u0111\u1ea9y khi ra ngo\u00e0i<br \/>\nC\u00f3 th\u1ec3 s\u1eed d\u1ee5ng \u1edf 3 v\u1ecb tr\u00ed kh\u00e1c nhau: b\u00e9 ch\u01a1i khi n\u1eb1m s\u1ea5p, xe \u0111\u1ea9y v\u00e0 c\u0169i.<br \/>\nNh\u1eb9 v\u00e0 d\u1ec5 g\u1ea5p l\u1ea1i, thu\u1eadn ti\u1ec7n s\u1eed d\u1ee5ng khi ra ngo\u00e0i, gi\u00fap vi\u1ec7c ch\u0103m s\u00f3c b\u00e9 tr\u1edf n\u00ean d\u1ec5 d\u00e0ng h\u01a1n!<\/p>\n<p>Hai m\u1eb7t cho hai giai \u0111o\u1ea1n ph\u00e1t tri\u1ec3n bao g\u1ed3m: g\u01b0\u01a1ng an to\u00e0n cho b\u00e9, c\u00e1c h\u00ecnh d\u1ea1ng k\u00eau x\u1ed9t xo\u1ea1t, v\u1ea3i c\u00f3 k\u1ebft c\u1ea5u v\u00e0 v\u00f2ng ng\u1eadm Joey Koala.<br \/>\n<strong>K\u00edch th\u01b0\u1edbc<\/strong>: 15cm x 85cm \/ 5.5&#8243; x 33.5\u201d<\/p>\n<p>Cu\u1ed1n s\u00e1ch v\u1ea3i m\u1ec1m n\u00e0y \u0111\u01b0\u1ee3c thi\u1ebft k\u1ebf \u0111\u1eb7c bi\u1ec7t v\u1edbi m\u00e0u s\u1eafc v\u00e0 h\u1ecda ti\u1ebft t\u01b0\u01a1ng ph\u1ea3n cao gi\u00fap ph\u00e1t tri\u1ec3n v\u00e0 k\u00edch th\u00edch c\u00e1c gi\u00e1c quan c\u0169ng nh\u01b0 tr\u00ed tu\u1ec7 c\u1ea3m x\u00fac c\u1ee7a b\u00e9 trong nh\u1eefng giai \u0111o\u1ea1n \u0111\u1ea7u t\u1eeb ng\u00e0y \u0111\u1ea7u ti\u00ean. Thi\u1ebft k\u1ebf ph\u00f9 h\u1ee3p v\u1edbi s\u1ef1 ph\u00e1t tri\u1ec3n c\u1ee7a b\u00e9 \u1edf hai giai \u0111o\u1ea1n. M\u1ed7i m\u1eb7t s\u00e1ch thu h\u00fat s\u1ef1 ph\u00e1t tri\u1ec3n c\u1ee7a b\u00e9 \u1edf c\u00e1c giai \u0111o\u1ea1n kh\u00e1c nhau.<\/p>\n<p><strong>M\u1eb7t 1<\/strong>: M\u00e0u s\u1eafc v\u00e0 h\u1ecda ti\u1ebft t\u01b0\u01a1ng ph\u1ea3n cao, g\u01b0\u01a1ng an to\u00e0n cho b\u00e9 v\u00e0 c\u00e1c h\u00ecnh v\u1ebd khu\u00f4n m\u1eb7t gi\u00fap k\u00edch th\u00edch th\u1ecb gi\u00e1c s\u1edbm, h\u1ed7 tr\u1ee3 ph\u00e1t tri\u1ec3n c\u00e1c gi\u00e1c quan v\u00e0 tr\u00ed tu\u1ec7 c\u1ea3m x\u00fac c\u1ee7a b\u00e9.<\/p>\n<p><strong>M\u1eb7t 2<\/strong>: Bao g\u1ed3m m\u00e0u s\u1eafc phong ph\u00fa, k\u1ebft c\u1ea5u v\u1ea3i, h\u00ecnh minh h\u1ecda vui nh\u1ed9n v\u00e0 v\u00f2ng ng\u1eadm Joey Koala, gi\u00fap ph\u00e1t tri\u1ec3n k\u1ef9 n\u0103ng v\u1eadn \u0111\u1ed9ng tinh c\u1ee7a b\u00e9.<\/p>\n<p>&nbsp;<\/p>\n","protected":false},"excerpt":{"rendered":"<p>S\u00e1ch v\u1ea3i m\u1ec1m hai m\u1eb7t cho b\u00e9 v\u1edbi nh\u1eefng h\u00ecnh \u0111\u1eb9p m\u1eaft t\u1eeb b\u1ed9 s\u01b0u t\u1eadp Koala Daydream, c\u00e1c ho\u1ea1t \u0111\u1ed9ng 3D, g\u01b0\u01a1ng an to\u00e0n cho b\u00e9. Cu\u1ed1n s\u00e1ch v\u1ea3i m\u1ec1m hai m\u1eb7t n\u00e0y \u0111\u01b0\u1ee3c thi\u1ebft k\u1ebf v\u1edbi m\u00e0u s\u1eafc t\u01b0\u01a1ng ph\u1ea3n cao gi\u00fap ph\u00e1t tri\u1ec3n th\u1ecb gi\u00e1c cho b\u00e9 trong giai \u0111o\u1ea1n \u0111\u1ea7u. S\u00e1u t\u1ea5m v\u1edbi m\u00e0u s\u1eafc v\u00e0 h\u1ecda ti\u1ebft t\u01b0\u01a1ng ph\u1ea3n cao, c\u00e1c h\u00ecnh v\u1ebd khu\u00f4n m\u1eb7t c\u01b0\u1eddi v\u00e0 g\u01b0\u01a1ng an to\u00e0n cho b\u00e9, h\u1ed7 tr\u1ee3 ph\u00e1t tri\u1ec3n th\u1ecb gi\u00e1c trong giai \u0111o\u1ea1n \u0111\u1ea7u. S\u1ea3n ph\u1ea9m \u0111i k\u00e8m v\u1edbi 2 k\u1eb9p nh\u1ef1a \u0111\u1ec3 gi\u1eef s\u00e1ch \u1ed5n \u0111\u1ecbnh trong xe \u0111\u1ea9y khi ra ngo\u00e0i C\u00f3 th\u1ec3 s\u1eed d\u1ee5ng \u1edf 3 v\u1ecb tr\u00ed kh\u00e1c nhau: b\u00e9 ch\u01a1i khi n\u1eb1m s\u1ea5p, xe \u0111\u1ea9y v\u00e0 c\u0169i. Nh\u1eb9 v\u00e0 d\u1ec5 g\u1ea5p l\u1ea1i, thu\u1eadn ti\u1ec7n s\u1eed d\u1ee5ng khi ra ngo\u00e0i, gi\u00fap vi\u1ec7c ch\u0103m s\u00f3c b\u00e9 tr\u1edf n\u00ean d\u1ec5 d\u00e0ng h\u01a1n! Hai m\u1eb7t cho hai giai \u0111o\u1ea1n ph\u00e1t tri\u1ec3n bao g\u1ed3m: g\u01b0\u01a1ng an to\u00e0n cho b\u00e9, c\u00e1c h\u00ecnh d\u1ea1ng k\u00eau x\u1ed9t xo\u1ea1t, v\u1ea3i c\u00f3 k\u1ebft c\u1ea5u v\u00e0 v\u00f2ng ng\u1eadm Joey Koala. K\u00edch th\u01b0\u1edbc: 15cm x 85cm \/ 5.5&#8243; x 33.5\u201d Cu\u1ed1n s\u00e1ch v\u1ea3i m\u1ec1m n\u00e0y \u0111\u01b0\u1ee3c thi\u1ebft k\u1ebf \u0111\u1eb7c bi\u1ec7t v\u1edbi m\u00e0u s\u1eafc v\u00e0 h\u1ecda ti\u1ebft t\u01b0\u01a1ng ph\u1ea3n cao gi\u00fap ph\u00e1t tri\u1ec3n v\u00e0 k\u00edch th\u00edch c\u00e1c gi\u00e1c quan c\u0169ng nh\u01b0 tr\u00ed tu\u1ec7 c\u1ea3m x\u00fac c\u1ee7a b\u00e9 trong nh\u1eefng giai \u0111o\u1ea1n \u0111\u1ea7u t\u1eeb ng\u00e0y \u0111\u1ea7u ti\u00ean. Thi\u1ebft k\u1ebf ph\u00f9 h\u1ee3p v\u1edbi s\u1ef1 ph\u00e1t tri\u1ec3n c\u1ee7a b\u00e9 \u1edf hai giai \u0111o\u1ea1n. M\u1ed7i m\u1eb7t s\u00e1ch thu h\u00fat s\u1ef1 ph\u00e1t tri\u1ec3n c\u1ee7a b\u00e9 \u1edf c\u00e1c giai \u0111o\u1ea1n kh\u00e1c nhau. M\u1eb7t 1: M\u00e0u s\u1eafc v\u00e0 h\u1ecda ti\u1ebft t\u01b0\u01a1ng ph\u1ea3n cao, g\u01b0\u01a1ng an to\u00e0n cho b\u00e9 v\u00e0 c\u00e1c h\u00ecnh v\u1ebd khu\u00f4n m\u1eb7t gi\u00fap k\u00edch th\u00edch th\u1ecb gi\u00e1c s\u1edbm, h\u1ed7 tr\u1ee3 ph\u00e1t tri\u1ec3n c\u00e1c gi\u00e1c quan v\u00e0 tr\u00ed tu\u1ec7 c\u1ea3m x\u00fac c\u1ee7a b\u00e9. M\u1eb7t 2: Bao g\u1ed3m m\u00e0u s\u1eafc phong ph\u00fa, k\u1ebft c\u1ea5u v\u1ea3i, h\u00ecnh minh h\u1ecda vui nh\u1ed9n v\u00e0 v\u00f2ng ng\u1eadm Joey Koala, gi\u00fap ph\u00e1t tri\u1ec3n k\u1ef9 n\u0103ng v\u1eadn \u0111\u1ed9ng tinh c\u1ee7a b\u00e9. &nbsp;<\/p>\n","protected":false},"featured_media":474,"comment_status":"open","ping_status":"closed","template":"","meta":[],"product_brand":[],"product_cat":[21],"product_tag":[],"class_list":{"0":"post-468","1":"product","2":"type-product","3":"status-publish","4":"has-post-thumbnail","6":"product_cat-sach-vai","8":"first","9":"instock","10":"shipping-taxable","11":"purchasable","12":"product-type-simple"},"_links":{"self":[{"href":"https:\/\/taftoys.vn\/index.php?rest_route=\/wp\/v2\/product\/468","targetHints":{"allow":["GET"]}}],"collection":[{"href":"https:\/\/taftoys.vn\/index.php?rest_route=\/wp\/v2\/product"}],"about":[{"href":"https:\/\/taftoys.vn\/index.php?rest_route=\/wp\/v2\/types\/product"}],"replies":[{"embeddable":true,"href":"https:\/\/taftoys.vn\/index.php?rest_route=%2Fwp%2Fv2%2Fcomments&post=468"}],"version-history":[{"count":2,"href":"https:\/\/taftoys.vn\/index.php?rest_route=\/wp\/v2\/product\/468\/revisions"}],"predecessor-version":[{"id":639,"href":"https:\/\/taftoys.vn\/index.php?rest_route=\/wp\/v2\/product\/468\/revisions\/639"}],"wp:featuredmedia":[{"embeddable":true,"href":"https:\/\/taftoys.vn\/index.php?rest_route=\/wp\/v2\/media\/474"}],"wp:attachment":[{"href":"https:\/\/taftoys.vn\/index.php?rest_route=%2Fwp%2Fv2%2Fmedia&parent=468"}],"wp:term":[{"taxonomy":"product_brand","embeddable":true,"href":"https:\/\/taftoys.vn\/index.php?rest_route=%2Fwp%2Fv2%2Fproduct_brand&post=468"},{"taxonomy":"product_cat","embeddable":true,"href":"https:\/\/taftoys.vn\/index.php?rest_route=%2Fwp%2Fv2%2Fproduct_cat&post=468"},{"taxonomy":"product_tag","embeddable":true,"href":"https:\/\/taftoys.vn\/index.php?rest_route=%2Fwp%2Fv2%2Fproduct_tag&post=468"}],"curies":[{"name":"wp","href":"https:\/\/api.w.org\/{rel}","templated":true}]}}